{"id":5494,"date":"2023-08-09T12:10:54","date_gmt":"2023-08-09T09:10:54","guid":{"rendered":"https:\/\/www.makico.net\/esg\/"},"modified":"2024-02-23T14:25:21","modified_gmt":"2024-02-23T11:25:21","slug":"esg","status":"publish","type":"page","link":"https:\/\/www.makico.net\/de\/esg\/","title":{"rendered":"Umwelt, Soziales, Governance"},"content":{"rendered":"\t\t<div data-elementor-type=\"wp-page\" data-elementor-id=\"5494\" class=\"elementor elementor-5494 elementor-2640\">\n\t\t\t\t\t\t<section class=\"elementor-section elementor-top-section elementor-element elementor-element-bb5ee32 elementor-section-boxed elementor-section-height-default elementor-section-height-default\" data-id=\"bb5ee32\" data-element_type=\"section\">\n\t\t\t\t\t\t<div class=\"elementor-container elementor-column-gap-no\">\n\t\t\t\t\t<div class=\"elementor-column elementor-col-100 elementor-top-column elementor-element elementor-element-c59ed53\" data-id=\"c59ed53\" data-element_type=\"column\">\n\t\t\t<div class=\"elementor-widget-wrap elementor-element-populated\">\n\t\t\t\t\t\t<section class=\"elementor-section elementor-inner-section elementor-element elementor-element-e4a7c80 elementor-section-full_width elementor-section-height-default elementor-section-height-default\" data-id=\"e4a7c80\" data-element_type=\"section\">\n\t\t\t\t\t\t<div class=\"elementor-container elementor-column-gap-no\">\n\t\t\t\t\t<div class=\"elementor-column elementor-col-50 elementor-inner-column elementor-element elementor-element-be6dd5b\" data-id=\"be6dd5b\" data-element_type=\"column\">\n\t\t\t<div class=\"elementor-widget-wrap elementor-element-populated\">\n\t\t\t\t\t\t<div class=\"elementor-element elementor-element-d1b0c73 elementor-widget elementor-widget-ruffergroupimage\" data-id=\"d1b0c73\" data-element_type=\"widget\" data-widget_type=\"ruffergroupimage.default\">\n\t\t\t\t<div class=\"elementor-widget-container\">\n\t\t\t<div class=\"award-thumb\"><div class=\"thumb\"><img decoding=\"async\" src=\"https:\/\/www.makico.net\/wp-content\/uploads\/2023\/08\/ESG-diagram.png\" alt=\"img\"><\/div><\/div>\t\t<\/div>\n\t\t\t\t<\/div>\n\t\t\t\t\t<\/div>\n\t\t<\/div>\n\t\t\t\t<div class=\"elementor-column elementor-col-50 elementor-inner-column elementor-element elementor-element-75117b7\" data-id=\"75117b7\" data-element_type=\"column\">\n\t\t\t<div class=\"elementor-widget-wrap elementor-element-populated\">\n\t\t\t\t\t\t<div class=\"elementor-element elementor-element-04cc9bc elementor-widget elementor-widget-ruffersectiontitle\" data-id=\"04cc9bc\" data-element_type=\"widget\" data-widget_type=\"ruffersectiontitle.default\">\n\t\t\t\t<div class=\"elementor-widget-container\">\n\t\t\t<div class=\"title-area-wrap\"><div class=\"title-area mb-30\" ><h2 class=\"sec-title title-selector\">ESG (Umwelt, Soziales, Governance)<\/h2><\/div><p class=\"desc-selector mt-n2 mb-30\">Unsere Kultur und unser Rahmen f\u00fcr Corporate Social Responsibility (CSR) sind auf ESG-Standards ausgerichtet und spiegeln unser Engagement wider, alle Sustainable Development Goals (SDGs) auf die optimale Weise effektiv anzugehen.<\/p><\/div>\t\t<\/div>\n\t\t\t\t<\/div>\n\t\t\t\t\t<\/div>\n\t\t<\/div>\n\t\t\t\t\t<\/div>\n\t\t<\/section>\n\t\t\t\t<section class=\"elementor-section elementor-inner-section elementor-element elementor-element-19ffdd6 elementor-section-boxed elementor-section-height-default elementor-section-height-default\" data-id=\"19ffdd6\" data-element_type=\"section\">\n\t\t\t\t\t\t<div class=\"elementor-container elementor-column-gap-default\">\n\t\t\t\t\t<div class=\"elementor-column elementor-col-50 elementor-inner-column elementor-element elementor-element-0fcedf7\" data-id=\"0fcedf7\" data-element_type=\"column\">\n\t\t\t<div class=\"elementor-widget-wrap elementor-element-populated\">\n\t\t\t\t\t\t<div class=\"elementor-element elementor-element-5b75b04 elementor-widget elementor-widget-heading\" data-id=\"5b75b04\" data-element_type=\"widget\" data-widget_type=\"heading.default\">\n\t\t\t\t<div class=\"elementor-widget-container\">\n\t\t\t<style>\/*! elementor - v3.19.0 - 07-02-2024 *\/\n.elementor-heading-title{padding:0;margin:0;line-height:1}.elementor-widget-heading .elementor-heading-title[class*=elementor-size-]>a{color:inherit;font-size:inherit;line-height:inherit}.elementor-widget-heading .elementor-heading-title.elementor-size-small{font-size:15px}.elementor-widget-heading .elementor-heading-title.elementor-size-medium{font-size:19px}.elementor-widget-heading .elementor-heading-title.elementor-size-large{font-size:29px}.elementor-widget-heading .elementor-heading-title.elementor-size-xl{font-size:39px}.elementor-widget-heading .elementor-heading-title.elementor-size-xxl{font-size:59px}<\/style><h2 class=\"elementor-heading-title elementor-size-default\">Umwelt - Wirklich nachhaltig<\/h2>\t\t<\/div>\n\t\t\t\t<\/div>\n\t\t\t\t<div class=\"elementor-element elementor-element-6360d0f elementor-widget elementor-widget-text-editor\" data-id=\"6360d0f\" data-element_type=\"widget\" data-widget_type=\"text-editor.default\">\n\t\t\t\t<div class=\"elementor-widget-container\">\n\t\t\t<style>\/*! elementor - v3.19.0 - 07-02-2024 *\/\n.elementor-widget-text-editor.elementor-drop-cap-view-stacked .elementor-drop-cap{background-color:#69727d;color:#fff}.elementor-widget-text-editor.elementor-drop-cap-view-framed .elementor-drop-cap{color:#69727d;border:3px solid;background-color:transparent}.elementor-widget-text-editor:not(.elementor-drop-cap-view-default) .elementor-drop-cap{margin-top:8px}.elementor-widget-text-editor:not(.elementor-drop-cap-view-default) .elementor-drop-cap-letter{width:1em;height:1em}.elementor-widget-text-editor .elementor-drop-cap{float:left;text-align:center;line-height:1;font-size:50px}.elementor-widget-text-editor .elementor-drop-cap-letter{display:inline-block}<\/style>\t\t\t\t<p>Wir ergreifen gepr\u00fcfte und messbare Ma\u00dfnahmen, um unseren betrieblichen Fu\u00dfabdruck zu verringern, unseren Abfall zu kontrollieren und zu verwalten sowie Materialien wiederzuverwenden und zu recyceln. Wir beschaffen verantwortungsbewusst und bauen widerstandsf\u00e4hig. Hoch sensibilisiert f\u00fcr den Klimawandel f\u00fchlen wir den Drang, dazu beizutragen, unseren Planeten zu erhalten, und dies ist das wichtigste Projekt, das wir zuk\u00fcnftigen Generationen \u00fcbergeben m\u00fcssen.<\/p>\t\t\t\t\t\t<\/div>\n\t\t\t\t<\/div>\n\t\t\t\t\t<\/div>\n\t\t<\/div>\n\t\t\t\t<div class=\"elementor-column elementor-col-50 elementor-inner-column elementor-element elementor-element-f01f8ae\" data-id=\"f01f8ae\" data-element_type=\"column\">\n\t\t\t<div class=\"elementor-widget-wrap elementor-element-populated\">\n\t\t\t\t\t\t<div class=\"elementor-element elementor-element-daea18b elementor-widget elementor-widget-image\" data-id=\"daea18b\" data-element_type=\"widget\" data-widget_type=\"image.default\">\n\t\t\t\t<div class=\"elementor-widget-container\">\n\t\t\t<style>\/*! elementor - v3.19.0 - 07-02-2024 *\/\n.elementor-widget-image{text-align:center}.elementor-widget-image a{display:inline-block}.elementor-widget-image a img[src$=\".svg\"]{width:48px}.elementor-widget-image img{vertical-align:middle;display:inline-block}<\/style>\t\t\t\t\t\t\t\t\t\t<img fetchpriority=\"high\" decoding=\"async\" width=\"550\" height=\"380\" src=\"https:\/\/www.makico.net\/wp-content\/uploads\/2023\/08\/enviromental-footprint.jpg\" class=\"attachment-full size-full wp-image-2650\" alt=\"\" srcset=\"https:\/\/www.makico.net\/wp-content\/uploads\/2023\/08\/enviromental-footprint.jpg 550w, https:\/\/www.makico.net\/wp-content\/uploads\/2023\/08\/enviromental-footprint-300x207.jpg 300w\" sizes=\"(max-width: 550px) 100vw, 550px\" \/>\t\t\t\t\t\t\t\t\t\t\t\t\t<\/div>\n\t\t\t\t<\/div>\n\t\t\t\t\t<\/div>\n\t\t<\/div>\n\t\t\t\t\t<\/div>\n\t\t<\/section>\n\t\t\t\t<div class=\"elementor-element elementor-element-f4fee8e elementor-widget elementor-widget-spacer\" data-id=\"f4fee8e\" data-element_type=\"widget\" data-widget_type=\"spacer.default\">\n\t\t\t\t<div class=\"elementor-widget-container\">\n\t\t\t<style>\/*! elementor - v3.19.0 - 07-02-2024 *\/\n.elementor-column .elementor-spacer-inner{height:var(--spacer-size)}.e-con{--container-widget-width:100%}.e-con-inner>.elementor-widget-spacer,.e-con>.elementor-widget-spacer{width:var(--container-widget-width,var(--spacer-size));--align-self:var(--container-widget-align-self,initial);--flex-shrink:0}.e-con-inner>.elementor-widget-spacer>.elementor-widget-container,.e-con>.elementor-widget-spacer>.elementor-widget-container{height:100%;width:100%}.e-con-inner>.elementor-widget-spacer>.elementor-widget-container>.elementor-spacer,.e-con>.elementor-widget-spacer>.elementor-widget-container>.elementor-spacer{height:100%}.e-con-inner>.elementor-widget-spacer>.elementor-widget-container>.elementor-spacer>.elementor-spacer-inner,.e-con>.elementor-widget-spacer>.elementor-widget-container>.elementor-spacer>.elementor-spacer-inner{height:var(--container-widget-height,var(--spacer-size))}.e-con-inner>.elementor-widget-spacer.elementor-widget-empty,.e-con>.elementor-widget-spacer.elementor-widget-empty{position:relative;min-height:22px;min-width:22px}.e-con-inner>.elementor-widget-spacer.elementor-widget-empty .elementor-widget-empty-icon,.e-con>.elementor-widget-spacer.elementor-widget-empty .elementor-widget-empty-icon{position:absolute;top:0;bottom:0;left:0;right:0;margin:auto;padding:0;width:22px;height:22px}<\/style>\t\t<div class=\"elementor-spacer\">\n\t\t\t<div class=\"elementor-spacer-inner\"><\/div>\n\t\t<\/div>\n\t\t\t\t<\/div>\n\t\t\t\t<\/div>\n\t\t\t\t<section class=\"elementor-section elementor-inner-section elementor-element elementor-element-3960d56 elementor-section-boxed elementor-section-height-default elementor-section-height-default\" data-id=\"3960d56\" data-element_type=\"section\">\n\t\t\t\t\t\t<div class=\"elementor-container elementor-column-gap-default\">\n\t\t\t\t\t<div class=\"elementor-column elementor-col-50 elementor-inner-column elementor-element elementor-element-042e31a\" data-id=\"042e31a\" data-element_type=\"column\">\n\t\t\t<div class=\"elementor-widget-wrap elementor-element-populated\">\n\t\t\t\t\t\t<div class=\"elementor-element elementor-element-9513413 elementor-widget elementor-widget-image\" data-id=\"9513413\" data-element_type=\"widget\" data-widget_type=\"image.default\">\n\t\t\t\t<div class=\"elementor-widget-container\">\n\t\t\t\t\t\t\t\t\t\t\t\t\t<img decoding=\"async\" width=\"550\" height=\"380\" src=\"https:\/\/www.makico.net\/wp-content\/uploads\/2023\/08\/team.jpg\" class=\"attachment-full size-full wp-image-2652\" alt=\"\" srcset=\"https:\/\/www.makico.net\/wp-content\/uploads\/2023\/08\/team.jpg 550w, https:\/\/www.makico.net\/wp-content\/uploads\/2023\/08\/team-300x207.jpg 300w\" sizes=\"(max-width: 550px) 100vw, 550px\" \/>\t\t\t\t\t\t\t\t\t\t\t\t\t<\/div>\n\t\t\t\t<\/div>\n\t\t\t\t\t<\/div>\n\t\t<\/div>\n\t\t\t\t<div class=\"elementor-column elementor-col-50 elementor-inner-column elementor-element elementor-element-bf3b52f\" data-id=\"bf3b52f\" data-element_type=\"column\">\n\t\t\t<div class=\"elementor-widget-wrap elementor-element-populated\">\n\t\t\t\t\t\t<div class=\"elementor-element elementor-element-3db1aa0 elementor-widget elementor-widget-heading\" data-id=\"3db1aa0\" data-element_type=\"widget\" data-widget_type=\"heading.default\">\n\t\t\t\t<div class=\"elementor-widget-container\">\n\t\t\t<h2 class=\"elementor-heading-title elementor-size-default\">Soziales<\/h2>\t\t<\/div>\n\t\t\t\t<\/div>\n\t\t\t\t<div class=\"elementor-element elementor-element-fa9e3f8 elementor-widget elementor-widget-text-editor\" data-id=\"fa9e3f8\" data-element_type=\"widget\" data-widget_type=\"text-editor.default\">\n\t\t\t\t<div class=\"elementor-widget-container\">\n\t\t\t\t\t\t\t<p>Soziales &#8211; Menschen waren immer der Schl\u00fcssel.<\/p><p>Wir stellen nach Einstellungskriterien ein und bilden F\u00e4higkeiten aus. Arbeitsschutz und Sicherheit am Arbeitsplatz sowie kontinuierliche Entwicklung pr\u00e4gen unseren Arbeitsplatz. Wir erwarten von unseren Partnern dasselbe, damit wir denselben Weg zur Schaffung gesunder Gemeinschaften teilen, in denen sich jeder sicher, einbezogen und zielgerichtet f\u00fchlt.<\/p>\t\t\t\t\t\t<\/div>\n\t\t\t\t<\/div>\n\t\t\t\t\t<\/div>\n\t\t<\/div>\n\t\t\t\t\t<\/div>\n\t\t<\/section>\n\t\t\t\t<div class=\"elementor-element elementor-element-2b3bb00 elementor-widget elementor-widget-spacer\" data-id=\"2b3bb00\" data-element_type=\"widget\" data-widget_type=\"spacer.default\">\n\t\t\t\t<div class=\"elementor-widget-container\">\n\t\t\t\t\t<div class=\"elementor-spacer\">\n\t\t\t<div class=\"elementor-spacer-inner\"><\/div>\n\t\t<\/div>\n\t\t\t\t<\/div>\n\t\t\t\t<\/div>\n\t\t\t\t<section class=\"elementor-section elementor-inner-section elementor-element elementor-element-d5c2fac elementor-section-boxed elementor-section-height-default elementor-section-height-default\" data-id=\"d5c2fac\" data-element_type=\"section\">\n\t\t\t\t\t\t<div class=\"elementor-container elementor-column-gap-default\">\n\t\t\t\t\t<div class=\"elementor-column elementor-col-50 elementor-inner-column elementor-element elementor-element-8f9bb8f\" data-id=\"8f9bb8f\" data-element_type=\"column\">\n\t\t\t<div class=\"elementor-widget-wrap elementor-element-populated\">\n\t\t\t\t\t\t<div class=\"elementor-element elementor-element-8ce5674 elementor-widget elementor-widget-heading\" data-id=\"8ce5674\" data-element_type=\"widget\" data-widget_type=\"heading.default\">\n\t\t\t\t<div class=\"elementor-widget-container\">\n\t\t\t<h2 class=\"elementor-heading-title elementor-size-default\">Governance<\/h2>\t\t<\/div>\n\t\t\t\t<\/div>\n\t\t\t\t<div class=\"elementor-element elementor-element-eb34500 elementor-widget elementor-widget-text-editor\" data-id=\"eb34500\" data-element_type=\"widget\" data-widget_type=\"text-editor.default\">\n\t\t\t\t<div class=\"elementor-widget-container\">\n\t\t\t\t\t\t\t<p>Governance &#8211; Transformationaler Einfluss.<\/p><p>Unsere ethischen und transparenten Praktiken sind in unserer Arbeit verwurzelt. Als verantwortungsbewusste Fachleute streben wir danach, diese Werte in unsere Branche als Ganzes einflie\u00dfen zu lassen, um die Branche zu verbessern und einen positiven Einfluss auf die Gesellschaft zu haben.<\/p>\t\t\t\t\t\t<\/div>\n\t\t\t\t<\/div>\n\t\t\t\t\t<\/div>\n\t\t<\/div>\n\t\t\t\t<div class=\"elementor-column elementor-col-50 elementor-inner-column elementor-element elementor-element-6328b54\" data-id=\"6328b54\" data-element_type=\"column\">\n\t\t\t<div class=\"elementor-widget-wrap elementor-element-populated\">\n\t\t\t\t\t\t<div class=\"elementor-element elementor-element-4f50022 elementor-widget elementor-widget-image\" data-id=\"4f50022\" data-element_type=\"widget\" data-widget_type=\"image.default\">\n\t\t\t\t<div class=\"elementor-widget-container\">\n\t\t\t\t\t\t\t\t\t\t\t\t\t<img decoding=\"async\" width=\"550\" height=\"380\" src=\"https:\/\/www.makico.net\/wp-content\/uploads\/2023\/10\/governance.jpg\" class=\"attachment-full size-full wp-image-4294\" alt=\"\" srcset=\"https:\/\/www.makico.net\/wp-content\/uploads\/2023\/10\/governance.jpg 550w, https:\/\/www.makico.net\/wp-content\/uploads\/2023\/10\/governance-300x207.jpg 300w\" sizes=\"(max-width: 550px) 100vw, 550px\" \/>\t\t\t\t\t\t\t\t\t\t\t\t\t<\/div>\n\t\t\t\t<\/div>\n\t\t\t\t\t<\/div>\n\t\t<\/div>\n\t\t\t\t\t<\/div>\n\t\t<\/section>\n\t\t\t\t\t<\/div>\n\t\t<\/div>\n\t\t\t\t\t<\/div>\n\t\t<\/section>\n\t\t\t\t<section class=\"elementor-section elementor-top-section elementor-element elementor-element-66b1095 elementor-section-full_width elementor-section-height-default elementor-section-height-default\" data-id=\"66b1095\" data-element_type=\"section\" data-settings=\"{&quot;background_background&quot;:&quot;classic&quot;}\">\n\t\t\t\t\t\t<div class=\"elementor-container elementor-column-gap-no\">\n\t\t\t\t\t<div class=\"elementor-column elementor-col-100 elementor-top-column elementor-element elementor-element-41e5fa6\" data-id=\"41e5fa6\" data-element_type=\"column\">\n\t\t\t<div class=\"elementor-widget-wrap elementor-element-populated\">\n\t\t\t\t\t\t<section class=\"elementor-section elementor-inner-section elementor-element elementor-element-460a1e8 elementor-section-boxed elementor-section-height-default elementor-section-height-default\" data-id=\"460a1e8\" data-element_type=\"section\">\n\t\t\t\t\t\t<div class=\"elementor-container elementor-column-gap-no\">\n\t\t\t\t\t<div class=\"elementor-column elementor-col-100 elementor-inner-column elementor-element elementor-element-db9dcf2\" data-id=\"db9dcf2\" data-element_type=\"column\">\n\t\t\t<div class=\"elementor-widget-wrap elementor-element-populated\">\n\t\t\t\t\t\t<div class=\"elementor-element elementor-element-588f31c cta-area-2 elementor-widget elementor-widget-text-editor\" data-id=\"588f31c\" data-element_type=\"widget\" data-widget_type=\"text-editor.default\">\n\t\t\t\t<div class=\"elementor-widget-container\">\n\t\t\t\t\t\t\t<div class=\"title-area mb-40\"><h2 class=\"sec-title text-white\">Kontaktieren Sie uns noch heute f\u00fcr innovative L\u00f6sungen und beispielloses Fachwissen!<\/h2><\/div>\t\t\t\t\t\t<\/div>\n\t\t\t\t<\/div>\n\t\t\t\t<div class=\"elementor-element elementor-element-9917b21 elementor-widget__width-auto elementor-widget-mobile__width-inherit elementor-widget elementor-widget-rufferbutton\" data-id=\"9917b21\" data-element_type=\"widget\" data-widget_type=\"rufferbutton.default\">\n\t\t\t\t<div class=\"elementor-widget-container\">\n\t\t\t<!-- Button --><div class=\"btn-wrapper left\"><a class=\"th-btn style2\" href=\"\/de\/kontaktiere-uns\/\">KONTAKTIERE UNS<i class=\"fa-regular fa-arrow-right ms-2\"><\/i><\/a><\/div><!-- End Button -->\t\t<\/div>\n\t\t\t\t<\/div>\n\t\t\t\t\t<\/div>\n\t\t<\/div>\n\t\t\t\t\t<\/div>\n\t\t<\/section>\n\t\t\t\t\t<\/div>\n\t\t<\/div>\n\t\t\t\t\t<\/div>\n\t\t<\/section>\n\t\t\t\t<\/div>\n\t\t","protected":false},"excerpt":{"rendered":"<p>ESG (Umwelt, Soziales, Governance) Unsere Kultur und unser Rahmen f\u00fcr Corporate Social Responsibility (CSR) sind auf ESG-Standards ausgerichtet und spiegeln unser Engagement wider, alle Sustainable Development Goals (SDGs) auf die optimale Weise effektiv anzugehen. Umwelt &#8211; Wirklich nachhaltig Wir ergreifen gepr\u00fcfte und messbare Ma\u00dfnahmen, um unseren betrieblichen Fu\u00dfabdruck zu verringern, unseren Abfall zu kontrollieren und&#8230;<\/p>\n","protected":false},"author":1,"featured_media":0,"parent":0,"menu_order":0,"comment_status":"closed","ping_status":"closed","template":"template-builder.php","meta":{"footnotes":""},"class_list":["post-5494","page","type-page","status-publish","hentry"],"yoast_head":"<!-- This site is optimized with the Yoast SEO plugin v22.1 - https:\/\/yoast.com\/wordpress\/plugins\/seo\/ -->\n<title>Umwelt, Soziales, Governance - Makico.net<\/title>\n<meta name=\"robots\" content=\"index, follow, max-snippet:-1, max-image-preview:large, max-video-preview:-1\" \/>\n<link rel=\"canonical\" href=\"https:\/\/www.makico.net\/de\/esg\/\" \/>\n<meta property=\"og:locale\" content=\"de_DE\" \/>\n<meta property=\"og:type\" content=\"article\" \/>\n<meta property=\"og:title\" content=\"Umwelt, Soziales, Governance - Makico.net\" \/>\n<meta property=\"og:description\" content=\"ESG (Umwelt, Soziales, Governance) Unsere Kultur und unser Rahmen f\u00fcr Corporate Social Responsibility (CSR) sind auf ESG-Standards ausgerichtet und spiegeln unser Engagement wider, alle Sustainable Development Goals (SDGs) auf die optimale Weise effektiv anzugehen. Umwelt &#8211; Wirklich nachhaltig Wir ergreifen gepr\u00fcfte und messbare Ma\u00dfnahmen, um unseren betrieblichen Fu\u00dfabdruck zu verringern, unseren Abfall zu kontrollieren und...\" \/>\n<meta property=\"og:url\" content=\"https:\/\/www.makico.net\/de\/esg\/\" \/>\n<meta property=\"og:site_name\" content=\"Makico.net\" \/>\n<meta property=\"article:publisher\" content=\"https:\/\/www.facebook.com\/makico1987\/\" \/>\n<meta property=\"article:modified_time\" content=\"2024-02-23T11:25:21+00:00\" \/>\n<meta property=\"og:image\" content=\"https:\/\/www.makico.net\/wp-content\/uploads\/2023\/08\/ESG-diagram.png\" \/>\n<meta name=\"twitter:card\" content=\"summary_large_image\" \/>\n<meta name=\"twitter:label1\" content=\"Gesch\u00e4tzte Lesezeit\" \/>\n\t<meta name=\"twitter:data1\" content=\"2 Minuten\" \/>\n<script type=\"application\/ld+json\" class=\"yoast-schema-graph\">{\"@context\":\"https:\/\/schema.org\",\"@graph\":[{\"@type\":\"WebPage\",\"@id\":\"https:\/\/www.makico.net\/de\/esg\/\",\"url\":\"https:\/\/www.makico.net\/de\/esg\/\",\"name\":\"Umwelt, Soziales, Governance - Makico.net\",\"isPartOf\":{\"@id\":\"https:\/\/www.makico.net\/de\/#website\"},\"datePublished\":\"2023-08-09T09:10:54+00:00\",\"dateModified\":\"2024-02-23T11:25:21+00:00\",\"breadcrumb\":{\"@id\":\"https:\/\/www.makico.net\/de\/esg\/#breadcrumb\"},\"inLanguage\":\"de\",\"potentialAction\":[{\"@type\":\"ReadAction\",\"target\":[\"https:\/\/www.makico.net\/de\/esg\/\"]}]},{\"@type\":\"BreadcrumbList\",\"@id\":\"https:\/\/www.makico.net\/de\/esg\/#breadcrumb\",\"itemListElement\":[{\"@type\":\"ListItem\",\"position\":1,\"name\":\"Home\",\"item\":\"https:\/\/www.makico.net\/de\/\"},{\"@type\":\"ListItem\",\"position\":2,\"name\":\"Umwelt, Soziales, Governance\"}]},{\"@type\":\"WebSite\",\"@id\":\"https:\/\/www.makico.net\/de\/#website\",\"url\":\"https:\/\/www.makico.net\/de\/\",\"name\":\"Makico.net\",\"description\":\"\",\"publisher\":{\"@id\":\"https:\/\/www.makico.net\/de\/#organization\"},\"potentialAction\":[{\"@type\":\"SearchAction\",\"target\":{\"@type\":\"EntryPoint\",\"urlTemplate\":\"https:\/\/www.makico.net\/de\/?s={search_term_string}\"},\"query-input\":\"required name=search_term_string\"}],\"inLanguage\":\"de\"},{\"@type\":\"Organization\",\"@id\":\"https:\/\/www.makico.net\/de\/#organization\",\"name\":\"Makico\",\"url\":\"https:\/\/www.makico.net\/de\/\",\"logo\":{\"@type\":\"ImageObject\",\"inLanguage\":\"de\",\"@id\":\"https:\/\/www.makico.net\/de\/#\/schema\/logo\/image\/\",\"url\":\"https:\/\/www.makico.net\/wp-content\/uploads\/2024\/02\/makico-logo.jpg\",\"contentUrl\":\"https:\/\/www.makico.net\/wp-content\/uploads\/2024\/02\/makico-logo.jpg\",\"width\":696,\"height\":696,\"caption\":\"Makico\"},\"image\":{\"@id\":\"https:\/\/www.makico.net\/de\/#\/schema\/logo\/image\/\"},\"sameAs\":[\"https:\/\/www.facebook.com\/makico1987\/\",\"https:\/\/www.linkedin.com\/company\/makico-metals-ltd\",\"https:\/\/www.youtube.com\/@MakicoMetalsLtdCY\",\"https:\/\/www.instagram.com\/makicometals\/\"]}]}<\/script>\n<!-- \/ Yoast SEO plugin. -->","yoast_head_json":{"title":"Umwelt, Soziales, Governance - Makico.net","robots":{"index":"index","follow":"follow","max-snippet":"max-snippet:-1","max-image-preview":"max-image-preview:large","max-video-preview":"max-video-preview:-1"},"canonical":"https:\/\/www.makico.net\/de\/esg\/","og_locale":"de_DE","og_type":"article","og_title":"Umwelt, Soziales, Governance - Makico.net","og_description":"ESG (Umwelt, Soziales, Governance) Unsere Kultur und unser Rahmen f\u00fcr Corporate Social Responsibility (CSR) sind auf ESG-Standards ausgerichtet und spiegeln unser Engagement wider, alle Sustainable Development Goals (SDGs) auf die optimale Weise effektiv anzugehen. Umwelt &#8211; Wirklich nachhaltig Wir ergreifen gepr\u00fcfte und messbare Ma\u00dfnahmen, um unseren betrieblichen Fu\u00dfabdruck zu verringern, unseren Abfall zu kontrollieren und...","og_url":"https:\/\/www.makico.net\/de\/esg\/","og_site_name":"Makico.net","article_publisher":"https:\/\/www.facebook.com\/makico1987\/","article_modified_time":"2024-02-23T11:25:21+00:00","og_image":[{"url":"https:\/\/www.makico.net\/wp-content\/uploads\/2023\/08\/ESG-diagram.png"}],"twitter_card":"summary_large_image","twitter_misc":{"Gesch\u00e4tzte Lesezeit":"2 Minuten"},"schema":{"@context":"https:\/\/schema.org","@graph":[{"@type":"WebPage","@id":"https:\/\/www.makico.net\/de\/esg\/","url":"https:\/\/www.makico.net\/de\/esg\/","name":"Umwelt, Soziales, Governance - Makico.net","isPartOf":{"@id":"https:\/\/www.makico.net\/de\/#website"},"datePublished":"2023-08-09T09:10:54+00:00","dateModified":"2024-02-23T11:25:21+00:00","breadcrumb":{"@id":"https:\/\/www.makico.net\/de\/esg\/#breadcrumb"},"inLanguage":"de","potentialAction":[{"@type":"ReadAction","target":["https:\/\/www.makico.net\/de\/esg\/"]}]},{"@type":"BreadcrumbList","@id":"https:\/\/www.makico.net\/de\/esg\/#breadcrumb","itemListElement":[{"@type":"ListItem","position":1,"name":"Home","item":"https:\/\/www.makico.net\/de\/"},{"@type":"ListItem","position":2,"name":"Umwelt, Soziales, Governance"}]},{"@type":"WebSite","@id":"https:\/\/www.makico.net\/de\/#website","url":"https:\/\/www.makico.net\/de\/","name":"Makico.net","description":"","publisher":{"@id":"https:\/\/www.makico.net\/de\/#organization"},"potentialAction":[{"@type":"SearchAction","target":{"@type":"EntryPoint","urlTemplate":"https:\/\/www.makico.net\/de\/?s={search_term_string}"},"query-input":"required name=search_term_string"}],"inLanguage":"de"},{"@type":"Organization","@id":"https:\/\/www.makico.net\/de\/#organization","name":"Makico","url":"https:\/\/www.makico.net\/de\/","logo":{"@type":"ImageObject","inLanguage":"de","@id":"https:\/\/www.makico.net\/de\/#\/schema\/logo\/image\/","url":"https:\/\/www.makico.net\/wp-content\/uploads\/2024\/02\/makico-logo.jpg","contentUrl":"https:\/\/www.makico.net\/wp-content\/uploads\/2024\/02\/makico-logo.jpg","width":696,"height":696,"caption":"Makico"},"image":{"@id":"https:\/\/www.makico.net\/de\/#\/schema\/logo\/image\/"},"sameAs":["https:\/\/www.facebook.com\/makico1987\/","https:\/\/www.linkedin.com\/company\/makico-metals-ltd","https:\/\/www.youtube.com\/@MakicoMetalsLtdCY","https:\/\/www.instagram.com\/makicometals\/"]}]}},"_links":{"self":[{"href":"https:\/\/www.makico.net\/de\/wp-json\/wp\/v2\/pages\/5494","targetHints":{"allow":["GET"]}}],"collection":[{"href":"https:\/\/www.makico.net\/de\/wp-json\/wp\/v2\/pages"}],"about":[{"href":"https:\/\/www.makico.net\/de\/wp-json\/wp\/v2\/types\/page"}],"author":[{"embeddable":true,"href":"https:\/\/www.makico.net\/de\/wp-json\/wp\/v2\/users\/1"}],"replies":[{"embeddable":true,"href":"https:\/\/www.makico.net\/de\/wp-json\/wp\/v2\/comments?post=5494"}],"version-history":[{"count":5,"href":"https:\/\/www.makico.net\/de\/wp-json\/wp\/v2\/pages\/5494\/revisions"}],"predecessor-version":[{"id":6780,"href":"https:\/\/www.makico.net\/de\/wp-json\/wp\/v2\/pages\/5494\/revisions\/6780"}],"wp:attachment":[{"href":"https:\/\/www.makico.net\/de\/wp-json\/wp\/v2\/media?parent=5494"}],"curies":[{"name":"wp","href":"https:\/\/api.w.org\/{rel}","templated":true}]}}