{"id":5544,"date":"2023-08-09T17:11:06","date_gmt":"2023-08-09T14:11:06","guid":{"rendered":"https:\/\/www.makico.net\/approach\/"},"modified":"2024-02-23T14:25:38","modified_gmt":"2024-02-23T11:25:38","slug":"ansatz","status":"publish","type":"page","link":"https:\/\/www.makico.net\/de\/ansatz\/","title":{"rendered":"Ansatz"},"content":{"rendered":"\t\t<div data-elementor-type=\"wp-page\" data-elementor-id=\"5544\" class=\"elementor elementor-5544 elementor-2726\">\n\t\t\t\t\t\t<section class=\"elementor-section elementor-top-section elementor-element elementor-element-bb5ee32 elementor-section-boxed elementor-section-height-default elementor-section-height-default\" data-id=\"bb5ee32\" data-element_type=\"section\">\n\t\t\t\t\t\t<div class=\"elementor-container elementor-column-gap-no\">\n\t\t\t\t\t<div class=\"elementor-column elementor-col-100 elementor-top-column elementor-element elementor-element-c59ed53\" data-id=\"c59ed53\" data-element_type=\"column\">\n\t\t\t<div class=\"elementor-widget-wrap elementor-element-populated\">\n\t\t\t\t\t\t<section class=\"elementor-section elementor-inner-section elementor-element elementor-element-e4a7c80 elementor-section-full_width elementor-section-height-default elementor-section-height-default\" data-id=\"e4a7c80\" data-element_type=\"section\">\n\t\t\t\t\t\t<div class=\"elementor-container elementor-column-gap-no\">\n\t\t\t\t\t<div class=\"elementor-column elementor-col-50 elementor-inner-column elementor-element elementor-element-be6dd5b\" data-id=\"be6dd5b\" data-element_type=\"column\">\n\t\t\t<div class=\"elementor-widget-wrap elementor-element-populated\">\n\t\t\t\t\t\t<div class=\"elementor-element elementor-element-03245a7 elementor-widget elementor-widget-image\" data-id=\"03245a7\" data-element_type=\"widget\" data-widget_type=\"image.default\">\n\t\t\t\t<div class=\"elementor-widget-container\">\n\t\t\t<style>\/*! elementor - v3.19.0 - 07-02-2024 *\/\n.elementor-widget-image{text-align:center}.elementor-widget-image a{display:inline-block}.elementor-widget-image a img[src$=\".svg\"]{width:48px}.elementor-widget-image img{vertical-align:middle;display:inline-block}<\/style>\t\t\t\t\t\t\t\t\t\t<img fetchpriority=\"high\" decoding=\"async\" width=\"550\" height=\"380\" src=\"https:\/\/www.makico.net\/wp-content\/uploads\/2023\/08\/approach.jpg\" class=\"attachment-large size-large wp-image-2728\" alt=\"\" srcset=\"https:\/\/www.makico.net\/wp-content\/uploads\/2023\/08\/approach.jpg 550w, https:\/\/www.makico.net\/wp-content\/uploads\/2023\/08\/approach-300x207.jpg 300w\" sizes=\"(max-width: 550px) 100vw, 550px\" \/>\t\t\t\t\t\t\t\t\t\t\t\t\t<\/div>\n\t\t\t\t<\/div>\n\t\t\t\t\t<\/div>\n\t\t<\/div>\n\t\t\t\t<div class=\"elementor-column elementor-col-50 elementor-inner-column elementor-element elementor-element-75117b7\" data-id=\"75117b7\" data-element_type=\"column\">\n\t\t\t<div class=\"elementor-widget-wrap elementor-element-populated\">\n\t\t\t\t\t\t<div class=\"elementor-element elementor-element-68a1c6a elementor-widget elementor-widget-text-editor\" data-id=\"68a1c6a\" data-element_type=\"widget\" data-widget_type=\"text-editor.default\">\n\t\t\t\t<div class=\"elementor-widget-container\">\n\t\t\t<style>\/*! elementor - v3.19.0 - 07-02-2024 *\/\n.elementor-widget-text-editor.elementor-drop-cap-view-stacked .elementor-drop-cap{background-color:#69727d;color:#fff}.elementor-widget-text-editor.elementor-drop-cap-view-framed .elementor-drop-cap{color:#69727d;border:3px solid;background-color:transparent}.elementor-widget-text-editor:not(.elementor-drop-cap-view-default) .elementor-drop-cap{margin-top:8px}.elementor-widget-text-editor:not(.elementor-drop-cap-view-default) .elementor-drop-cap-letter{width:1em;height:1em}.elementor-widget-text-editor .elementor-drop-cap{float:left;text-align:center;line-height:1;font-size:50px}.elementor-widget-text-editor .elementor-drop-cap-letter{display:inline-block}<\/style>\t\t\t\t<h2>Vom Papier zur Realit\u00e4t<\/h2><p>Jedes Projekt ist ein \u00d6kosystem, das eine ganzheitliche Herangehensweise erfordert. Unsere Mitarbeiter bringen ihre theoretischen, technischen und kritischen F\u00e4higkeiten sowie ihre Erfahrung und Erfindungsreichtum ein, um die Bed\u00fcrfnisse jedes Projekts zu bearbeiten, Fehlfunktionen zu verhindern und L\u00f6sungen vorzuschlagen. Wir arbeiten eng mit allen beteiligten Parteien zusammen, Architekten, Projektmanagern, Auftragnehmern, um sicherzustellen, dass wir jede zugewiesene Aufgabe perfekt ausf\u00fchren.<\/p><p>Bei Projekten von hoher Komplexit\u00e4t konsultieren wir Universit\u00e4ten und wissenschaftliche Partnerberater. Zu diesem Zweck verwenden wir spezialisierte digitale Instrumente und Tools zur Vermessung von R\u00e4umen, geben alle Informationen in unsere CAD-Software ein, visualisieren und detaillieren die Struktur und senden sie zur Herstellung an unsere CNC-Maschinen. Technologie kombiniert mit Feldkenntnissen minimiert Fehler, beschleunigt Prozesse und senkt Kosten.<\/p><p>Solide Vorbereitungsarbeiten vor Ort verschaffen uns den Vorteil einer schnellen und sauberen Montage sowie damit verbundener Arbeiten vor Ort.<\/p>\t\t\t\t\t\t<\/div>\n\t\t\t\t<\/div>\n\t\t\t\t\t<\/div>\n\t\t<\/div>\n\t\t\t\t\t<\/div>\n\t\t<\/section>\n\t\t\t\t<div class=\"elementor-element elementor-element-81424ee elementor-widget elementor-widget-rufferctawidget\" data-id=\"81424ee\" data-element_type=\"widget\" data-widget_type=\"rufferctawidget.default\">\n\t\t\t\t<div class=\"elementor-widget-container\">\n\t\t\t<div class=\"footer-top\"><div class=\"row align-items-center justify-content-between\"><div class=\"col-xl-auto col-lg-7\"><div class=\"title-area mb-lg-0 text-lg-start text-center\"><\/div><\/div><div class=\"col-xl-auto col-lg-4 text-center\"><a href=\"\/dienstleistungen\/\" class=\"th-btn style2\">Unsere Dienstleistungen<i class=\"fa-regular fa-arrow-right ms-2\"><\/i><\/a><\/div><\/div><\/div><!-----------------------End Contact Form----------------------->\t\t<\/div>\n\t\t\t\t<\/div>\n\t\t\t\t<div class=\"elementor-element elementor-element-f4fee8e elementor-widget elementor-widget-spacer\" data-id=\"f4fee8e\" data-element_type=\"widget\" data-widget_type=\"spacer.default\">\n\t\t\t\t<div class=\"elementor-widget-container\">\n\t\t\t<style>\/*! elementor - v3.19.0 - 07-02-2024 *\/\n.elementor-column .elementor-spacer-inner{height:var(--spacer-size)}.e-con{--container-widget-width:100%}.e-con-inner>.elementor-widget-spacer,.e-con>.elementor-widget-spacer{width:var(--container-widget-width,var(--spacer-size));--align-self:var(--container-widget-align-self,initial);--flex-shrink:0}.e-con-inner>.elementor-widget-spacer>.elementor-widget-container,.e-con>.elementor-widget-spacer>.elementor-widget-container{height:100%;width:100%}.e-con-inner>.elementor-widget-spacer>.elementor-widget-container>.elementor-spacer,.e-con>.elementor-widget-spacer>.elementor-widget-container>.elementor-spacer{height:100%}.e-con-inner>.elementor-widget-spacer>.elementor-widget-container>.elementor-spacer>.elementor-spacer-inner,.e-con>.elementor-widget-spacer>.elementor-widget-container>.elementor-spacer>.elementor-spacer-inner{height:var(--container-widget-height,var(--spacer-size))}.e-con-inner>.elementor-widget-spacer.elementor-widget-empty,.e-con>.elementor-widget-spacer.elementor-widget-empty{position:relative;min-height:22px;min-width:22px}.e-con-inner>.elementor-widget-spacer.elementor-widget-empty .elementor-widget-empty-icon,.e-con>.elementor-widget-spacer.elementor-widget-empty .elementor-widget-empty-icon{position:absolute;top:0;bottom:0;left:0;right:0;margin:auto;padding:0;width:22px;height:22px}<\/style>\t\t<div class=\"elementor-spacer\">\n\t\t\t<div class=\"elementor-spacer-inner\"><\/div>\n\t\t<\/div>\n\t\t\t\t<\/div>\n\t\t\t\t<\/div>\n\t\t\t\t\t<\/div>\n\t\t<\/div>\n\t\t\t\t\t<\/div>\n\t\t<\/section>\n\t\t\t\t<section class=\"elementor-section elementor-top-section elementor-element elementor-element-66b1095 elementor-section-full_width elementor-section-height-default elementor-section-height-default\" data-id=\"66b1095\" data-element_type=\"section\" data-settings=\"{&quot;background_background&quot;:&quot;classic&quot;}\">\n\t\t\t\t\t\t<div class=\"elementor-container elementor-column-gap-no\">\n\t\t\t\t\t<div class=\"elementor-column elementor-col-100 elementor-top-column elementor-element elementor-element-41e5fa6\" data-id=\"41e5fa6\" data-element_type=\"column\">\n\t\t\t<div class=\"elementor-widget-wrap elementor-element-populated\">\n\t\t\t\t\t\t<section class=\"elementor-section elementor-inner-section elementor-element elementor-element-460a1e8 elementor-section-boxed elementor-section-height-default elementor-section-height-default\" data-id=\"460a1e8\" data-element_type=\"section\">\n\t\t\t\t\t\t<div class=\"elementor-container elementor-column-gap-no\">\n\t\t\t\t\t<div class=\"elementor-column elementor-col-100 elementor-inner-column elementor-element elementor-element-db9dcf2\" data-id=\"db9dcf2\" data-element_type=\"column\">\n\t\t\t<div class=\"elementor-widget-wrap elementor-element-populated\">\n\t\t\t\t\t\t<div class=\"elementor-element elementor-element-588f31c cta-area-2 elementor-widget elementor-widget-text-editor\" data-id=\"588f31c\" data-element_type=\"widget\" data-widget_type=\"text-editor.default\">\n\t\t\t\t<div class=\"elementor-widget-container\">\n\t\t\t\t\t\t\t<div class=\"title-area mb-40\"><h2 class=\"sec-title text-white\">Kontaktieren Sie uns noch heute f\u00fcr innovative L\u00f6sungen und beispielloses Fachwissen!<\/h2><\/div>\t\t\t\t\t\t<\/div>\n\t\t\t\t<\/div>\n\t\t\t\t<div class=\"elementor-element elementor-element-9917b21 elementor-widget__width-auto elementor-widget-mobile__width-inherit elementor-widget elementor-widget-rufferbutton\" data-id=\"9917b21\" data-element_type=\"widget\" data-widget_type=\"rufferbutton.default\">\n\t\t\t\t<div class=\"elementor-widget-container\">\n\t\t\t<!-- Button --><div class=\"btn-wrapper left\"><a class=\"th-btn style2\" href=\"\/de\/kontaktiere-uns\/\">kontaktiere uns<i class=\"fa-regular fa-arrow-right ms-2\"><\/i><\/a><\/div><!-- End Button -->\t\t<\/div>\n\t\t\t\t<\/div>\n\t\t\t\t\t<\/div>\n\t\t<\/div>\n\t\t\t\t\t<\/div>\n\t\t<\/section>\n\t\t\t\t\t<\/div>\n\t\t<\/div>\n\t\t\t\t\t<\/div>\n\t\t<\/section>\n\t\t\t\t<\/div>\n\t\t","protected":false},"excerpt":{"rendered":"<p>Vom Papier zur Realit\u00e4t Jedes Projekt ist ein \u00d6kosystem, das eine ganzheitliche Herangehensweise erfordert. Unsere Mitarbeiter bringen ihre theoretischen, technischen und kritischen F\u00e4higkeiten sowie ihre Erfahrung und Erfindungsreichtum ein, um die Bed\u00fcrfnisse jedes Projekts zu bearbeiten, Fehlfunktionen zu verhindern und L\u00f6sungen vorzuschlagen. Wir arbeiten eng mit allen beteiligten Parteien zusammen, Architekten, Projektmanagern, Auftragnehmern, um sicherzustellen,&#8230;<\/p>\n","protected":false},"author":1,"featured_media":0,"parent":0,"menu_order":0,"comment_status":"closed","ping_status":"closed","template":"template-builder.php","meta":{"footnotes":""},"class_list":["post-5544","page","type-page","status-publish","hentry"],"yoast_head":"<!-- This site is optimized with the Yoast SEO plugin v22.1 - https:\/\/yoast.com\/wordpress\/plugins\/seo\/ -->\n<title>Ansatz - Makico.net<\/title>\n<meta name=\"robots\" content=\"index, follow, max-snippet:-1, max-image-preview:large, max-video-preview:-1\" \/>\n<link rel=\"canonical\" href=\"https:\/\/www.makico.net\/de\/ansatz\/\" \/>\n<meta property=\"og:locale\" content=\"de_DE\" \/>\n<meta property=\"og:type\" content=\"article\" \/>\n<meta property=\"og:title\" content=\"Ansatz - Makico.net\" \/>\n<meta property=\"og:description\" content=\"Vom Papier zur Realit\u00e4t Jedes Projekt ist ein \u00d6kosystem, das eine ganzheitliche Herangehensweise erfordert. Unsere Mitarbeiter bringen ihre theoretischen, technischen und kritischen F\u00e4higkeiten sowie ihre Erfahrung und Erfindungsreichtum ein, um die Bed\u00fcrfnisse jedes Projekts zu bearbeiten, Fehlfunktionen zu verhindern und L\u00f6sungen vorzuschlagen. Wir arbeiten eng mit allen beteiligten Parteien zusammen, Architekten, Projektmanagern, Auftragnehmern, um sicherzustellen,...\" \/>\n<meta property=\"og:url\" content=\"https:\/\/www.makico.net\/de\/ansatz\/\" \/>\n<meta property=\"og:site_name\" content=\"Makico.net\" \/>\n<meta property=\"article:publisher\" content=\"https:\/\/www.facebook.com\/makico1987\/\" \/>\n<meta property=\"article:modified_time\" content=\"2024-02-23T11:25:38+00:00\" \/>\n<meta property=\"og:image\" content=\"https:\/\/www.makico.net\/wp-content\/uploads\/2023\/08\/approach.jpg\" \/>\n<meta name=\"twitter:card\" content=\"summary_large_image\" \/>\n<meta name=\"twitter:label1\" content=\"Gesch\u00e4tzte Lesezeit\" \/>\n\t<meta name=\"twitter:data1\" content=\"2 Minuten\" \/>\n<script type=\"application\/ld+json\" class=\"yoast-schema-graph\">{\"@context\":\"https:\/\/schema.org\",\"@graph\":[{\"@type\":\"WebPage\",\"@id\":\"https:\/\/www.makico.net\/de\/ansatz\/\",\"url\":\"https:\/\/www.makico.net\/de\/ansatz\/\",\"name\":\"Ansatz - Makico.net\",\"isPartOf\":{\"@id\":\"https:\/\/www.makico.net\/de\/#website\"},\"datePublished\":\"2023-08-09T14:11:06+00:00\",\"dateModified\":\"2024-02-23T11:25:38+00:00\",\"breadcrumb\":{\"@id\":\"https:\/\/www.makico.net\/de\/ansatz\/#breadcrumb\"},\"inLanguage\":\"de\",\"potentialAction\":[{\"@type\":\"ReadAction\",\"target\":[\"https:\/\/www.makico.net\/de\/ansatz\/\"]}]},{\"@type\":\"BreadcrumbList\",\"@id\":\"https:\/\/www.makico.net\/de\/ansatz\/#breadcrumb\",\"itemListElement\":[{\"@type\":\"ListItem\",\"position\":1,\"name\":\"Home\",\"item\":\"https:\/\/www.makico.net\/de\/\"},{\"@type\":\"ListItem\",\"position\":2,\"name\":\"Ansatz\"}]},{\"@type\":\"WebSite\",\"@id\":\"https:\/\/www.makico.net\/de\/#website\",\"url\":\"https:\/\/www.makico.net\/de\/\",\"name\":\"Makico.net\",\"description\":\"\",\"publisher\":{\"@id\":\"https:\/\/www.makico.net\/de\/#organization\"},\"potentialAction\":[{\"@type\":\"SearchAction\",\"target\":{\"@type\":\"EntryPoint\",\"urlTemplate\":\"https:\/\/www.makico.net\/de\/?s={search_term_string}\"},\"query-input\":\"required name=search_term_string\"}],\"inLanguage\":\"de\"},{\"@type\":\"Organization\",\"@id\":\"https:\/\/www.makico.net\/de\/#organization\",\"name\":\"Makico\",\"url\":\"https:\/\/www.makico.net\/de\/\",\"logo\":{\"@type\":\"ImageObject\",\"inLanguage\":\"de\",\"@id\":\"https:\/\/www.makico.net\/de\/#\/schema\/logo\/image\/\",\"url\":\"https:\/\/www.makico.net\/wp-content\/uploads\/2024\/02\/makico-logo.jpg\",\"contentUrl\":\"https:\/\/www.makico.net\/wp-content\/uploads\/2024\/02\/makico-logo.jpg\",\"width\":696,\"height\":696,\"caption\":\"Makico\"},\"image\":{\"@id\":\"https:\/\/www.makico.net\/de\/#\/schema\/logo\/image\/\"},\"sameAs\":[\"https:\/\/www.facebook.com\/makico1987\/\",\"https:\/\/www.linkedin.com\/company\/makico-metals-ltd\",\"https:\/\/www.youtube.com\/@MakicoMetalsLtdCY\",\"https:\/\/www.instagram.com\/makicometals\/\"]}]}<\/script>\n<!-- \/ Yoast SEO plugin. -->","yoast_head_json":{"title":"Ansatz - Makico.net","robots":{"index":"index","follow":"follow","max-snippet":"max-snippet:-1","max-image-preview":"max-image-preview:large","max-video-preview":"max-video-preview:-1"},"canonical":"https:\/\/www.makico.net\/de\/ansatz\/","og_locale":"de_DE","og_type":"article","og_title":"Ansatz - Makico.net","og_description":"Vom Papier zur Realit\u00e4t Jedes Projekt ist ein \u00d6kosystem, das eine ganzheitliche Herangehensweise erfordert. Unsere Mitarbeiter bringen ihre theoretischen, technischen und kritischen F\u00e4higkeiten sowie ihre Erfahrung und Erfindungsreichtum ein, um die Bed\u00fcrfnisse jedes Projekts zu bearbeiten, Fehlfunktionen zu verhindern und L\u00f6sungen vorzuschlagen. Wir arbeiten eng mit allen beteiligten Parteien zusammen, Architekten, Projektmanagern, Auftragnehmern, um sicherzustellen,...","og_url":"https:\/\/www.makico.net\/de\/ansatz\/","og_site_name":"Makico.net","article_publisher":"https:\/\/www.facebook.com\/makico1987\/","article_modified_time":"2024-02-23T11:25:38+00:00","og_image":[{"url":"https:\/\/www.makico.net\/wp-content\/uploads\/2023\/08\/approach.jpg"}],"twitter_card":"summary_large_image","twitter_misc":{"Gesch\u00e4tzte Lesezeit":"2 Minuten"},"schema":{"@context":"https:\/\/schema.org","@graph":[{"@type":"WebPage","@id":"https:\/\/www.makico.net\/de\/ansatz\/","url":"https:\/\/www.makico.net\/de\/ansatz\/","name":"Ansatz - Makico.net","isPartOf":{"@id":"https:\/\/www.makico.net\/de\/#website"},"datePublished":"2023-08-09T14:11:06+00:00","dateModified":"2024-02-23T11:25:38+00:00","breadcrumb":{"@id":"https:\/\/www.makico.net\/de\/ansatz\/#breadcrumb"},"inLanguage":"de","potentialAction":[{"@type":"ReadAction","target":["https:\/\/www.makico.net\/de\/ansatz\/"]}]},{"@type":"BreadcrumbList","@id":"https:\/\/www.makico.net\/de\/ansatz\/#breadcrumb","itemListElement":[{"@type":"ListItem","position":1,"name":"Home","item":"https:\/\/www.makico.net\/de\/"},{"@type":"ListItem","position":2,"name":"Ansatz"}]},{"@type":"WebSite","@id":"https:\/\/www.makico.net\/de\/#website","url":"https:\/\/www.makico.net\/de\/","name":"Makico.net","description":"","publisher":{"@id":"https:\/\/www.makico.net\/de\/#organization"},"potentialAction":[{"@type":"SearchAction","target":{"@type":"EntryPoint","urlTemplate":"https:\/\/www.makico.net\/de\/?s={search_term_string}"},"query-input":"required name=search_term_string"}],"inLanguage":"de"},{"@type":"Organization","@id":"https:\/\/www.makico.net\/de\/#organization","name":"Makico","url":"https:\/\/www.makico.net\/de\/","logo":{"@type":"ImageObject","inLanguage":"de","@id":"https:\/\/www.makico.net\/de\/#\/schema\/logo\/image\/","url":"https:\/\/www.makico.net\/wp-content\/uploads\/2024\/02\/makico-logo.jpg","contentUrl":"https:\/\/www.makico.net\/wp-content\/uploads\/2024\/02\/makico-logo.jpg","width":696,"height":696,"caption":"Makico"},"image":{"@id":"https:\/\/www.makico.net\/de\/#\/schema\/logo\/image\/"},"sameAs":["https:\/\/www.facebook.com\/makico1987\/","https:\/\/www.linkedin.com\/company\/makico-metals-ltd","https:\/\/www.youtube.com\/@MakicoMetalsLtdCY","https:\/\/www.instagram.com\/makicometals\/"]}]}},"_links":{"self":[{"href":"https:\/\/www.makico.net\/de\/wp-json\/wp\/v2\/pages\/5544","targetHints":{"allow":["GET"]}}],"collection":[{"href":"https:\/\/www.makico.net\/de\/wp-json\/wp\/v2\/pages"}],"about":[{"href":"https:\/\/www.makico.net\/de\/wp-json\/wp\/v2\/types\/page"}],"author":[{"embeddable":true,"href":"https:\/\/www.makico.net\/de\/wp-json\/wp\/v2\/users\/1"}],"replies":[{"embeddable":true,"href":"https:\/\/www.makico.net\/de\/wp-json\/wp\/v2\/comments?post=5544"}],"version-history":[{"count":5,"href":"https:\/\/www.makico.net\/de\/wp-json\/wp\/v2\/pages\/5544\/revisions"}],"predecessor-version":[{"id":6783,"href":"https:\/\/www.makico.net\/de\/wp-json\/wp\/v2\/pages\/5544\/revisions\/6783"}],"wp:attachment":[{"href":"https:\/\/www.makico.net\/de\/wp-json\/wp\/v2\/media?parent=5544"}],"curies":[{"name":"wp","href":"https:\/\/api.w.org\/{rel}","templated":true}]}}