{"id":5550,"date":"2023-05-11T08:46:00","date_gmt":"2023-05-11T05:46:00","guid":{"rendered":"https:\/\/www.makico.net\/services\/"},"modified":"2024-01-03T11:41:35","modified_gmt":"2024-01-03T08:41:35","slug":"dienstleistungen","status":"publish","type":"page","link":"https:\/\/www.makico.net\/de\/dienstleistungen\/","title":{"rendered":"Dienstleistungen"},"content":{"rendered":"\t\t<div data-elementor-type=\"wp-page\" data-elementor-id=\"5550\" class=\"elementor elementor-5550 elementor-420\">\n\t\t\t\t\t\t<section class=\"elementor-section elementor-top-section elementor-element elementor-element-f9c603b elementor-section-boxed elementor-section-height-default elementor-section-height-default\" data-id=\"f9c603b\" data-element_type=\"section\">\n\t\t\t\t\t\t<div class=\"elementor-container elementor-column-gap-no\">\n\t\t\t\t\t<div class=\"elementor-column elementor-col-100 elementor-top-column elementor-element elementor-element-66cc6ac\" data-id=\"66cc6ac\" data-element_type=\"column\">\n\t\t\t<div class=\"elementor-widget-wrap elementor-element-populated\">\n\t\t\t\t\t\t<section class=\"elementor-section elementor-inner-section elementor-element elementor-element-3a25bf4 elementor-section-boxed elementor-section-height-default elementor-section-height-default\" data-id=\"3a25bf4\" data-element_type=\"section\">\n\t\t\t\t\t\t<div class=\"elementor-container elementor-column-gap-default\">\n\t\t\t\t\t<div class=\"elementor-column elementor-col-50 elementor-inner-column elementor-element elementor-element-67b1c50\" data-id=\"67b1c50\" data-element_type=\"column\">\n\t\t\t<div class=\"elementor-widget-wrap elementor-element-populated\">\n\t\t\t\t\t\t<div class=\"elementor-element elementor-element-f4f9911 elementor-widget elementor-widget-image\" data-id=\"f4f9911\" data-element_type=\"widget\" data-widget_type=\"image.default\">\n\t\t\t\t<div class=\"elementor-widget-container\">\n\t\t\t<style>\/*! elementor - v3.19.0 - 07-02-2024 *\/\n.elementor-widget-image{text-align:center}.elementor-widget-image a{display:inline-block}.elementor-widget-image a img[src$=\".svg\"]{width:48px}.elementor-widget-image img{vertical-align:middle;display:inline-block}<\/style>\t\t\t\t\t\t\t\t\t\t<img fetchpriority=\"high\" decoding=\"async\" width=\"892\" height=\"449\" src=\"https:\/\/www.makico.net\/wp-content\/uploads\/2023\/08\/detailing-rendering.jpg\" class=\"attachment-full size-full wp-image-2776\" alt=\"\" srcset=\"https:\/\/www.makico.net\/wp-content\/uploads\/2023\/08\/detailing-rendering.jpg 892w, https:\/\/www.makico.net\/wp-content\/uploads\/2023\/08\/detailing-rendering-300x151.jpg 300w, https:\/\/www.makico.net\/wp-content\/uploads\/2023\/08\/detailing-rendering-768x387.jpg 768w\" sizes=\"(max-width: 892px) 100vw, 892px\" \/>\t\t\t\t\t\t\t\t\t\t\t\t\t<\/div>\n\t\t\t\t<\/div>\n\t\t\t\t\t<\/div>\n\t\t<\/div>\n\t\t\t\t<div class=\"elementor-column elementor-col-50 elementor-inner-column elementor-element elementor-element-4a48241\" data-id=\"4a48241\" data-element_type=\"column\">\n\t\t\t<div class=\"elementor-widget-wrap elementor-element-populated\">\n\t\t\t\t\t\t<div class=\"elementor-element elementor-element-de2d2dd elementor-widget elementor-widget-text-editor\" data-id=\"de2d2dd\" data-element_type=\"widget\" data-widget_type=\"text-editor.default\">\n\t\t\t\t<div class=\"elementor-widget-container\">\n\t\t\t<style>\/*! elementor - v3.19.0 - 07-02-2024 *\/\n.elementor-widget-text-editor.elementor-drop-cap-view-stacked .elementor-drop-cap{background-color:#69727d;color:#fff}.elementor-widget-text-editor.elementor-drop-cap-view-framed .elementor-drop-cap{color:#69727d;border:3px solid;background-color:transparent}.elementor-widget-text-editor:not(.elementor-drop-cap-view-default) .elementor-drop-cap{margin-top:8px}.elementor-widget-text-editor:not(.elementor-drop-cap-view-default) .elementor-drop-cap-letter{width:1em;height:1em}.elementor-widget-text-editor .elementor-drop-cap{float:left;text-align:center;line-height:1;font-size:50px}.elementor-widget-text-editor .elementor-drop-cap-letter{display:inline-block}<\/style>\t\t\t\t<h2>Detaillierung\/Rendering<\/h2><p>Detailierung ist ein wesentlicher Teil des Prozesses. Sie dient als tats\u00e4chliche Anleitung f\u00fcr die Herstellung und Montage aller ben\u00f6tigten Teile. Durch den Einsatz von CAD\/CAM- und BIM-Systemen wird maximale Pr\u00e4zision erreicht, damit die CNC-Maschine die Ausf\u00fchrung durchf\u00fchrt.<\/p>\t\t\t\t\t\t<\/div>\n\t\t\t\t<\/div>\n\t\t\t\t\t<\/div>\n\t\t<\/div>\n\t\t\t\t\t<\/div>\n\t\t<\/section>\n\t\t\t\t<div class=\"elementor-element elementor-element-74a6e1d elementor-widget elementor-widget-spacer\" data-id=\"74a6e1d\" data-element_type=\"widget\" data-widget_type=\"spacer.default\">\n\t\t\t\t<div class=\"elementor-widget-container\">\n\t\t\t<style>\/*! elementor - v3.19.0 - 07-02-2024 *\/\n.elementor-column .elementor-spacer-inner{height:var(--spacer-size)}.e-con{--container-widget-width:100%}.e-con-inner>.elementor-widget-spacer,.e-con>.elementor-widget-spacer{width:var(--container-widget-width,var(--spacer-size));--align-self:var(--container-widget-align-self,initial);--flex-shrink:0}.e-con-inner>.elementor-widget-spacer>.elementor-widget-container,.e-con>.elementor-widget-spacer>.elementor-widget-container{height:100%;width:100%}.e-con-inner>.elementor-widget-spacer>.elementor-widget-container>.elementor-spacer,.e-con>.elementor-widget-spacer>.elementor-widget-container>.elementor-spacer{height:100%}.e-con-inner>.elementor-widget-spacer>.elementor-widget-container>.elementor-spacer>.elementor-spacer-inner,.e-con>.elementor-widget-spacer>.elementor-widget-container>.elementor-spacer>.elementor-spacer-inner{height:var(--container-widget-height,var(--spacer-size))}.e-con-inner>.elementor-widget-spacer.elementor-widget-empty,.e-con>.elementor-widget-spacer.elementor-widget-empty{position:relative;min-height:22px;min-width:22px}.e-con-inner>.elementor-widget-spacer.elementor-widget-empty .elementor-widget-empty-icon,.e-con>.elementor-widget-spacer.elementor-widget-empty .elementor-widget-empty-icon{position:absolute;top:0;bottom:0;left:0;right:0;margin:auto;padding:0;width:22px;height:22px}<\/style>\t\t<div class=\"elementor-spacer\">\n\t\t\t<div class=\"elementor-spacer-inner\"><\/div>\n\t\t<\/div>\n\t\t\t\t<\/div>\n\t\t\t\t<\/div>\n\t\t\t\t<section class=\"elementor-section elementor-inner-section elementor-element elementor-element-6155bda elementor-section-boxed elementor-section-height-default elementor-section-height-default\" data-id=\"6155bda\" data-element_type=\"section\">\n\t\t\t\t\t\t<div class=\"elementor-container elementor-column-gap-default\">\n\t\t\t\t\t<div class=\"elementor-column elementor-col-50 elementor-inner-column elementor-element elementor-element-885b2d0\" data-id=\"885b2d0\" data-element_type=\"column\">\n\t\t\t<div class=\"elementor-widget-wrap elementor-element-populated\">\n\t\t\t\t\t\t<div class=\"elementor-element elementor-element-86da1b1 elementor-widget elementor-widget-text-editor\" data-id=\"86da1b1\" data-element_type=\"widget\" data-widget_type=\"text-editor.default\">\n\t\t\t\t<div class=\"elementor-widget-container\">\n\t\t\t\t\t\t\t<h2>Fertigung\/Konstruktion<\/h2><p>Mit allen eingegebenen Informationen verwandeln automatisierte Verfahren des Bohrens, Schneidens und Schwei\u00dfens Materialien in hochwertige und effiziente Komponenten der Stahlstruktur des Projekts. Widerstandsf\u00e4higkeit und minimale Verschwendung.<\/p>\t\t\t\t\t\t<\/div>\n\t\t\t\t<\/div>\n\t\t\t\t\t<\/div>\n\t\t<\/div>\n\t\t\t\t<div class=\"elementor-column elementor-col-50 elementor-inner-column elementor-element elementor-element-68686ab\" data-id=\"68686ab\" data-element_type=\"column\">\n\t\t\t<div class=\"elementor-widget-wrap elementor-element-populated\">\n\t\t\t\t\t\t<div class=\"elementor-element elementor-element-b8835ca elementor-widget elementor-widget-image\" data-id=\"b8835ca\" data-element_type=\"widget\" data-widget_type=\"image.default\">\n\t\t\t\t<div class=\"elementor-widget-container\">\n\t\t\t\t\t\t\t\t\t\t\t\t\t<img decoding=\"async\" width=\"432\" height=\"236\" src=\"https:\/\/www.makico.net\/wp-content\/uploads\/2023\/08\/fabrication.jpg\" class=\"attachment-full size-full wp-image-2743\" alt=\"\" srcset=\"https:\/\/www.makico.net\/wp-content\/uploads\/2023\/08\/fabrication.jpg 432w, https:\/\/www.makico.net\/wp-content\/uploads\/2023\/08\/fabrication-300x164.jpg 300w\" sizes=\"(max-width: 432px) 100vw, 432px\" \/>\t\t\t\t\t\t\t\t\t\t\t\t\t<\/div>\n\t\t\t\t<\/div>\n\t\t\t\t\t<\/div>\n\t\t<\/div>\n\t\t\t\t\t<\/div>\n\t\t<\/section>\n\t\t\t\t<div class=\"elementor-element elementor-element-f7752b2 elementor-widget elementor-widget-spacer\" data-id=\"f7752b2\" data-element_type=\"widget\" data-widget_type=\"spacer.default\">\n\t\t\t\t<div class=\"elementor-widget-container\">\n\t\t\t\t\t<div class=\"elementor-spacer\">\n\t\t\t<div class=\"elementor-spacer-inner\"><\/div>\n\t\t<\/div>\n\t\t\t\t<\/div>\n\t\t\t\t<\/div>\n\t\t\t\t<section class=\"elementor-section elementor-inner-section elementor-element elementor-element-24ef2e3 elementor-section-boxed elementor-section-height-default elementor-section-height-default\" data-id=\"24ef2e3\" data-element_type=\"section\">\n\t\t\t\t\t\t<div class=\"elementor-container elementor-column-gap-default\">\n\t\t\t\t\t<div class=\"elementor-column elementor-col-50 elementor-inner-column elementor-element elementor-element-8d8a02c\" data-id=\"8d8a02c\" data-element_type=\"column\">\n\t\t\t<div class=\"elementor-widget-wrap elementor-element-populated\">\n\t\t\t\t\t\t<div class=\"elementor-element elementor-element-3b4f568 elementor-widget elementor-widget-image\" data-id=\"3b4f568\" data-element_type=\"widget\" data-widget_type=\"image.default\">\n\t\t\t\t<div class=\"elementor-widget-container\">\n\t\t\t\t\t\t\t\t\t\t\t\t\t<img decoding=\"async\" width=\"432\" height=\"284\" src=\"https:\/\/www.makico.net\/wp-content\/uploads\/2023\/08\/erection.jpg\" class=\"attachment-full size-full wp-image-2744\" alt=\"\" srcset=\"https:\/\/www.makico.net\/wp-content\/uploads\/2023\/08\/erection.jpg 432w, https:\/\/www.makico.net\/wp-content\/uploads\/2023\/08\/erection-300x197.jpg 300w, https:\/\/www.makico.net\/wp-content\/uploads\/2023\/08\/erection-410x270.jpg 410w\" sizes=\"(max-width: 432px) 100vw, 432px\" \/>\t\t\t\t\t\t\t\t\t\t\t\t\t<\/div>\n\t\t\t\t<\/div>\n\t\t\t\t\t<\/div>\n\t\t<\/div>\n\t\t\t\t<div class=\"elementor-column elementor-col-50 elementor-inner-column elementor-element elementor-element-477be9e\" data-id=\"477be9e\" data-element_type=\"column\">\n\t\t\t<div class=\"elementor-widget-wrap elementor-element-populated\">\n\t\t\t\t\t\t<div class=\"elementor-element elementor-element-3a7ce12 elementor-widget elementor-widget-text-editor\" data-id=\"3a7ce12\" data-element_type=\"widget\" data-widget_type=\"text-editor.default\">\n\t\t\t\t<div class=\"elementor-widget-container\">\n\t\t\t\t\t\t\t<h2>Montage\/Installation<\/h2><p>Unsere Montage- und Montageteams bringen Ihr Projekt zum Leben. Sie arbeiten nach den h\u00f6chsten OHS-Standards und profitieren von ihrer umfangreichen Erfahrung auf Baustellen sowie von unserem Maschinen- und Ger\u00e4tearsenal. Jedes Projekt verl\u00e4uft ohne Verz\u00f6gerung und immer wie geplant, um das schl\u00fcsselfertige Datum einzuhalten. W\u00e4hrend aller Phasen (Vorbauphase, Bau, Nachlieferung) bleibt Makico der verantwortliche und offene Partner, an den man sich wenden kann.<\/p><p>During all stages (pre-construction, construction, post-delivery), Makico remains the accountable and open-door partner, to turn to.<\/p>\t\t\t\t\t\t<\/div>\n\t\t\t\t<\/div>\n\t\t\t\t\t<\/div>\n\t\t<\/div>\n\t\t\t\t\t<\/div>\n\t\t<\/section>\n\t\t\t\t\t<\/div>\n\t\t<\/div>\n\t\t\t\t\t<\/div>\n\t\t<\/section>\n\t\t\t\t<section class=\"elementor-section elementor-top-section elementor-element elementor-element-b6629d9 elementor-section-boxed elementor-section-height-default elementor-section-height-default\" data-id=\"b6629d9\" data-element_type=\"section\">\n\t\t\t\t\t\t<div class=\"elementor-container elementor-column-gap-no\">\n\t\t\t\t\t<div class=\"elementor-column elementor-col-100 elementor-top-column elementor-element elementor-element-86c0922\" data-id=\"86c0922\" data-element_type=\"column\">\n\t\t\t<div class=\"elementor-widget-wrap elementor-element-populated\">\n\t\t\t\t\t\t<section class=\"elementor-section elementor-inner-section elementor-element elementor-element-16d9cd7 elementor-section-full_width elementor-section-height-default elementor-section-height-default\" data-id=\"16d9cd7\" data-element_type=\"section\">\n\t\t\t\t\t\t<div class=\"elementor-container elementor-column-gap-no\">\n\t\t\t\t\t<div class=\"elementor-column elementor-col-100 elementor-inner-column elementor-element elementor-element-9cc733b\" data-id=\"9cc733b\" data-element_type=\"column\" data-settings=\"{&quot;background_background&quot;:&quot;classic&quot;}\">\n\t\t\t<div class=\"elementor-widget-wrap elementor-element-populated\">\n\t\t\t\t\t\t<div class=\"elementor-element elementor-element-c504e67 elementor-widget elementor-widget-ruffercounterup\" data-id=\"c504e67\" data-element_type=\"widget\" data-widget_type=\"ruffercounterup.default\">\n\t\t\t\t<div class=\"elementor-widget-container\">\n\t\t\t<div class=\"row gy-40 justify-content-between\"><div class=\"col-6 col-lg-auto counter-card-wrap\"><div class=\"counter-card\"><div class=\"counter-card_icon\"><img decoding=\"async\" src=\"https:\/\/themeholy.com\/wordpress\/ruffer\/wp-content\/uploads\/2023\/05\/counter_3_1.svg\" alt=\"Icon\"><\/div><div class=\"media-body\"><h2 class=\"counter-card_number\"><span class=\"counter-number\">36<\/span>+<\/h2><span class=\"counter-card_text\">Jahrelange Erfahrung<\/span><\/div><\/div><\/div><div class=\"col-6 col-lg-auto counter-card-wrap\"><div class=\"counter-card\"><div class=\"counter-card_icon\"><img decoding=\"async\" src=\"https:\/\/themeholy.com\/wordpress\/ruffer\/wp-content\/uploads\/2023\/05\/counter_3_2.svg\" alt=\"Icon\"><\/div><div class=\"media-body\"><h2 class=\"counter-card_number\"><span class=\"counter-number\">4<\/span>+<\/h2><span class=\"counter-card_text\">Erhaltene Akkreditierungen<\/span><\/div><\/div><\/div><div class=\"col-6 col-lg-auto counter-card-wrap\"><div class=\"counter-card\"><div class=\"counter-card_icon\"><img decoding=\"async\" src=\"https:\/\/themeholy.com\/wordpress\/ruffer\/wp-content\/uploads\/2023\/05\/counter_3_3.svg\" alt=\"Icon\"><\/div><div class=\"media-body\"><h2 class=\"counter-card_number\"><span class=\"counter-number\">1000<\/span>+<\/h2><span class=\"counter-card_text\">Projekte abgeschlossen<\/span><\/div><\/div><\/div><div class=\"col-6 col-lg-auto counter-card-wrap\"><div class=\"counter-card\"><div class=\"counter-card_icon\"><img decoding=\"async\" src=\"https:\/\/themeholy.com\/wordpress\/ruffer\/wp-content\/uploads\/2023\/05\/counter_3_4.svg\" alt=\"Icon\"><\/div><div class=\"media-body\"><h2 class=\"counter-card_number\"><span class=\"counter-number\">1000<\/span>+<\/h2><span class=\"counter-card_text\">Zufriedene Kunden<\/span><\/div><\/div><\/div><\/div>\t\t<\/div>\n\t\t\t\t<\/div>\n\t\t\t\t\t<\/div>\n\t\t<\/div>\n\t\t\t\t\t<\/div>\n\t\t<\/section>\n\t\t\t\t\t<\/div>\n\t\t<\/div>\n\t\t\t\t\t<\/div>\n\t\t<\/section>\n\t\t\t\t<section class=\"elementor-section elementor-top-section elementor-element elementor-element-c104e45 elementor-section-full_width elementor-section-height-default elementor-section-height-default\" data-id=\"c104e45\" data-element_type=\"section\" data-settings=\"{&quot;background_background&quot;:&quot;classic&quot;}\">\n\t\t\t\t\t\t<div class=\"elementor-container elementor-column-gap-no\">\n\t\t\t\t\t<div class=\"elementor-column elementor-col-100 elementor-top-column elementor-element elementor-element-fa4e666\" data-id=\"fa4e666\" data-element_type=\"column\">\n\t\t\t<div class=\"elementor-widget-wrap elementor-element-populated\">\n\t\t\t\t\t\t<div class=\"elementor-element elementor-element-1e69151 elementor-widget elementor-widget-rufferwcu2\" data-id=\"1e69151\" data-element_type=\"widget\" data-widget_type=\"rufferwcu2.default\">\n\t\t\t\t<div class=\"elementor-widget-container\">\n\t\t\t<div class=\"why-sec-v3 position-relative space-bottom\"><div class=\"img-half img-right wcu-thumb-3\"><img decoding=\"async\" src=\"https:\/\/themeholy.com\/wordpress\/ruffer\/wp-content\/uploads\/2023\/05\/wcu-thumb3_1.png\" alt=\"img\"><\/div><div class=\"container\"><div class=\"row\"><div class=\"col-xxl-7 col-xl-8\"><div class=\"title-area mb-35\"><h2 class=\"sec-title text-white subtitle-selector\">Qualit\u00e4t f\u00fcr jeden\nStruktur<\/h2><\/div><div class=\"wcu-card-slider th-carousel row g-0\" data-slide-show=\"3\" data-ml-slide-show=\"3\" data-md-slide-show=\"3\" data-sm-slide-show=\"2\" data-dots=\"false\"><div class=\"col-sm-6\"><div class=\"wcu-card-wrap mt-10 bg-white\"><div class=\"wcu-card style3\"><div class=\"wcu-card_icon\"><img decoding=\"async\" src=\"https:\/\/www.makico.net\/wp-content\/uploads\/2023\/10\/fast.png\" alt=\"img\"><\/div><div class=\"wcu-card_details\"><h3 class=\"h5 wcu-card_title\"><a href=\"#\">Schnelle Fertigstellungszeit<\/a><\/h3><\/div><\/div><\/div><\/div><div class=\"col-sm-6\"><div class=\"wcu-card-wrap mt-10 bg-white\"><div class=\"wcu-card style3\"><div class=\"wcu-card_icon\"><img decoding=\"async\" src=\"https:\/\/www.makico.net\/wp-content\/uploads\/2023\/10\/quality.png\" alt=\"img\"><\/div><div class=\"wcu-card_details\"><h3 class=\"h5 wcu-card_title\"><a href=\"#\">Hochwertige, zertifizierte Materialien<\/a><\/h3><\/div><\/div><\/div><\/div><div class=\"col-sm-6\"><div class=\"wcu-card-wrap mt-10 bg-white\"><div class=\"wcu-card style3\"><div class=\"wcu-card_icon\"><img decoding=\"async\" src=\"https:\/\/www.makico.net\/wp-content\/uploads\/2023\/10\/worders.png\" alt=\"img\"><\/div><div class=\"wcu-card_details\"><h3 class=\"h5 wcu-card_title\"><a href=\"#\">Professionelle Arbeitskr\u00e4fte<\/a><\/h3><\/div><\/div><\/div><\/div><\/div><\/div><\/div><\/div><\/div>\t\t<\/div>\n\t\t\t\t<\/div>\n\t\t\t\t\t<\/div>\n\t\t<\/div>\n\t\t\t\t\t<\/div>\n\t\t<\/section>\n\t\t\t\t<\/div>\n\t\t","protected":false},"excerpt":{"rendered":"<p>Detaillierung\/Rendering Detailierung ist ein wesentlicher Teil des Prozesses. Sie dient als tats\u00e4chliche Anleitung f\u00fcr die Herstellung und Montage aller ben\u00f6tigten Teile. Durch den Einsatz von CAD\/CAM- und BIM-Systemen wird maximale Pr\u00e4zision erreicht, damit die CNC-Maschine die Ausf\u00fchrung durchf\u00fchrt. Fertigung\/Konstruktion Mit allen eingegebenen Informationen verwandeln automatisierte Verfahren des Bohrens, Schneidens und Schwei\u00dfens Materialien in hochwertige und&#8230;<\/p>\n","protected":false},"author":1,"featured_media":0,"parent":0,"menu_order":0,"comment_status":"closed","ping_status":"closed","template":"template-builder.php","meta":{"footnotes":""},"class_list":["post-5550","page","type-page","status-publish","hentry"],"yoast_head":"<!-- This site is optimized with the Yoast SEO plugin v22.1 - https:\/\/yoast.com\/wordpress\/plugins\/seo\/ -->\n<title>Dienstleistungen - Makico.net<\/title>\n<meta name=\"robots\" content=\"index, follow, max-snippet:-1, max-image-preview:large, max-video-preview:-1\" \/>\n<link rel=\"canonical\" href=\"https:\/\/www.makico.net\/de\/dienstleistungen\/\" \/>\n<meta property=\"og:locale\" content=\"de_DE\" \/>\n<meta property=\"og:type\" content=\"article\" \/>\n<meta property=\"og:title\" content=\"Dienstleistungen - Makico.net\" \/>\n<meta property=\"og:description\" content=\"Detaillierung\/Rendering Detailierung ist ein wesentlicher Teil des Prozesses. Sie dient als tats\u00e4chliche Anleitung f\u00fcr die Herstellung und Montage aller ben\u00f6tigten Teile. Durch den Einsatz von CAD\/CAM- und BIM-Systemen wird maximale Pr\u00e4zision erreicht, damit die CNC-Maschine die Ausf\u00fchrung durchf\u00fchrt. Fertigung\/Konstruktion Mit allen eingegebenen Informationen verwandeln automatisierte Verfahren des Bohrens, Schneidens und Schwei\u00dfens Materialien in hochwertige und...\" \/>\n<meta property=\"og:url\" content=\"https:\/\/www.makico.net\/de\/dienstleistungen\/\" \/>\n<meta property=\"og:site_name\" content=\"Makico.net\" \/>\n<meta property=\"article:publisher\" content=\"https:\/\/www.facebook.com\/makico1987\/\" \/>\n<meta property=\"article:modified_time\" content=\"2024-01-03T08:41:35+00:00\" \/>\n<meta property=\"og:image\" content=\"https:\/\/www.makico.net\/wp-content\/uploads\/2023\/08\/detailing-rendering.jpg\" \/>\n<meta name=\"twitter:card\" content=\"summary_large_image\" \/>\n<meta name=\"twitter:label1\" content=\"Gesch\u00e4tzte Lesezeit\" \/>\n\t<meta name=\"twitter:data1\" content=\"1 Minute\" \/>\n<script type=\"application\/ld+json\" class=\"yoast-schema-graph\">{\"@context\":\"https:\/\/schema.org\",\"@graph\":[{\"@type\":\"WebPage\",\"@id\":\"https:\/\/www.makico.net\/de\/dienstleistungen\/\",\"url\":\"https:\/\/www.makico.net\/de\/dienstleistungen\/\",\"name\":\"Dienstleistungen - Makico.net\",\"isPartOf\":{\"@id\":\"https:\/\/www.makico.net\/de\/#website\"},\"datePublished\":\"2023-05-11T05:46:00+00:00\",\"dateModified\":\"2024-01-03T08:41:35+00:00\",\"breadcrumb\":{\"@id\":\"https:\/\/www.makico.net\/de\/dienstleistungen\/#breadcrumb\"},\"inLanguage\":\"de\",\"potentialAction\":[{\"@type\":\"ReadAction\",\"target\":[\"https:\/\/www.makico.net\/de\/dienstleistungen\/\"]}]},{\"@type\":\"BreadcrumbList\",\"@id\":\"https:\/\/www.makico.net\/de\/dienstleistungen\/#breadcrumb\",\"itemListElement\":[{\"@type\":\"ListItem\",\"position\":1,\"name\":\"Home\",\"item\":\"https:\/\/www.makico.net\/de\/\"},{\"@type\":\"ListItem\",\"position\":2,\"name\":\"Dienstleistungen\"}]},{\"@type\":\"WebSite\",\"@id\":\"https:\/\/www.makico.net\/de\/#website\",\"url\":\"https:\/\/www.makico.net\/de\/\",\"name\":\"Makico.net\",\"description\":\"\",\"publisher\":{\"@id\":\"https:\/\/www.makico.net\/de\/#organization\"},\"potentialAction\":[{\"@type\":\"SearchAction\",\"target\":{\"@type\":\"EntryPoint\",\"urlTemplate\":\"https:\/\/www.makico.net\/de\/?s={search_term_string}\"},\"query-input\":\"required name=search_term_string\"}],\"inLanguage\":\"de\"},{\"@type\":\"Organization\",\"@id\":\"https:\/\/www.makico.net\/de\/#organization\",\"name\":\"Makico\",\"url\":\"https:\/\/www.makico.net\/de\/\",\"logo\":{\"@type\":\"ImageObject\",\"inLanguage\":\"de\",\"@id\":\"https:\/\/www.makico.net\/de\/#\/schema\/logo\/image\/\",\"url\":\"https:\/\/www.makico.net\/wp-content\/uploads\/2024\/02\/makico-logo.jpg\",\"contentUrl\":\"https:\/\/www.makico.net\/wp-content\/uploads\/2024\/02\/makico-logo.jpg\",\"width\":696,\"height\":696,\"caption\":\"Makico\"},\"image\":{\"@id\":\"https:\/\/www.makico.net\/de\/#\/schema\/logo\/image\/\"},\"sameAs\":[\"https:\/\/www.facebook.com\/makico1987\/\",\"https:\/\/www.linkedin.com\/company\/makico-metals-ltd\",\"https:\/\/www.youtube.com\/@MakicoMetalsLtdCY\",\"https:\/\/www.instagram.com\/makicometals\/\"]}]}<\/script>\n<!-- \/ Yoast SEO plugin. -->","yoast_head_json":{"title":"Dienstleistungen - Makico.net","robots":{"index":"index","follow":"follow","max-snippet":"max-snippet:-1","max-image-preview":"max-image-preview:large","max-video-preview":"max-video-preview:-1"},"canonical":"https:\/\/www.makico.net\/de\/dienstleistungen\/","og_locale":"de_DE","og_type":"article","og_title":"Dienstleistungen - Makico.net","og_description":"Detaillierung\/Rendering Detailierung ist ein wesentlicher Teil des Prozesses. Sie dient als tats\u00e4chliche Anleitung f\u00fcr die Herstellung und Montage aller ben\u00f6tigten Teile. Durch den Einsatz von CAD\/CAM- und BIM-Systemen wird maximale Pr\u00e4zision erreicht, damit die CNC-Maschine die Ausf\u00fchrung durchf\u00fchrt. Fertigung\/Konstruktion Mit allen eingegebenen Informationen verwandeln automatisierte Verfahren des Bohrens, Schneidens und Schwei\u00dfens Materialien in hochwertige und...","og_url":"https:\/\/www.makico.net\/de\/dienstleistungen\/","og_site_name":"Makico.net","article_publisher":"https:\/\/www.facebook.com\/makico1987\/","article_modified_time":"2024-01-03T08:41:35+00:00","og_image":[{"url":"https:\/\/www.makico.net\/wp-content\/uploads\/2023\/08\/detailing-rendering.jpg"}],"twitter_card":"summary_large_image","twitter_misc":{"Gesch\u00e4tzte Lesezeit":"1 Minute"},"schema":{"@context":"https:\/\/schema.org","@graph":[{"@type":"WebPage","@id":"https:\/\/www.makico.net\/de\/dienstleistungen\/","url":"https:\/\/www.makico.net\/de\/dienstleistungen\/","name":"Dienstleistungen - Makico.net","isPartOf":{"@id":"https:\/\/www.makico.net\/de\/#website"},"datePublished":"2023-05-11T05:46:00+00:00","dateModified":"2024-01-03T08:41:35+00:00","breadcrumb":{"@id":"https:\/\/www.makico.net\/de\/dienstleistungen\/#breadcrumb"},"inLanguage":"de","potentialAction":[{"@type":"ReadAction","target":["https:\/\/www.makico.net\/de\/dienstleistungen\/"]}]},{"@type":"BreadcrumbList","@id":"https:\/\/www.makico.net\/de\/dienstleistungen\/#breadcrumb","itemListElement":[{"@type":"ListItem","position":1,"name":"Home","item":"https:\/\/www.makico.net\/de\/"},{"@type":"ListItem","position":2,"name":"Dienstleistungen"}]},{"@type":"WebSite","@id":"https:\/\/www.makico.net\/de\/#website","url":"https:\/\/www.makico.net\/de\/","name":"Makico.net","description":"","publisher":{"@id":"https:\/\/www.makico.net\/de\/#organization"},"potentialAction":[{"@type":"SearchAction","target":{"@type":"EntryPoint","urlTemplate":"https:\/\/www.makico.net\/de\/?s={search_term_string}"},"query-input":"required name=search_term_string"}],"inLanguage":"de"},{"@type":"Organization","@id":"https:\/\/www.makico.net\/de\/#organization","name":"Makico","url":"https:\/\/www.makico.net\/de\/","logo":{"@type":"ImageObject","inLanguage":"de","@id":"https:\/\/www.makico.net\/de\/#\/schema\/logo\/image\/","url":"https:\/\/www.makico.net\/wp-content\/uploads\/2024\/02\/makico-logo.jpg","contentUrl":"https:\/\/www.makico.net\/wp-content\/uploads\/2024\/02\/makico-logo.jpg","width":696,"height":696,"caption":"Makico"},"image":{"@id":"https:\/\/www.makico.net\/de\/#\/schema\/logo\/image\/"},"sameAs":["https:\/\/www.facebook.com\/makico1987\/","https:\/\/www.linkedin.com\/company\/makico-metals-ltd","https:\/\/www.youtube.com\/@MakicoMetalsLtdCY","https:\/\/www.instagram.com\/makicometals\/"]}]}},"_links":{"self":[{"href":"https:\/\/www.makico.net\/de\/wp-json\/wp\/v2\/pages\/5550","targetHints":{"allow":["GET"]}}],"collection":[{"href":"https:\/\/www.makico.net\/de\/wp-json\/wp\/v2\/pages"}],"about":[{"href":"https:\/\/www.makico.net\/de\/wp-json\/wp\/v2\/types\/page"}],"author":[{"embeddable":true,"href":"https:\/\/www.makico.net\/de\/wp-json\/wp\/v2\/users\/1"}],"replies":[{"embeddable":true,"href":"https:\/\/www.makico.net\/de\/wp-json\/wp\/v2\/comments?post=5550"}],"version-history":[{"count":7,"href":"https:\/\/www.makico.net\/de\/wp-json\/wp\/v2\/pages\/5550\/revisions"}],"predecessor-version":[{"id":5871,"href":"https:\/\/www.makico.net\/de\/wp-json\/wp\/v2\/pages\/5550\/revisions\/5871"}],"wp:attachment":[{"href":"https:\/\/www.makico.net\/de\/wp-json\/wp\/v2\/media?parent=5550"}],"curies":[{"name":"wp","href":"https:\/\/api.w.org\/{rel}","templated":true}]}}