{"id":6026,"date":"2023-08-09T12:10:54","date_gmt":"2023-08-09T09:10:54","guid":{"rendered":"https:\/\/www.makico.net\/esg\/"},"modified":"2024-02-12T10:43:24","modified_gmt":"2024-02-12T07:43:24","slug":"environnement-social-gouvernance","status":"publish","type":"page","link":"https:\/\/www.makico.net\/fr\/environnement-social-gouvernance\/","title":{"rendered":"Environnement, Social, Gouvernance"},"content":{"rendered":"\t\t<div data-elementor-type=\"wp-page\" data-elementor-id=\"6026\" class=\"elementor elementor-6026 elementor-2640\">\n\t\t\t\t\t\t<section class=\"elementor-section elementor-top-section elementor-element elementor-element-bb5ee32 elementor-section-boxed elementor-section-height-default elementor-section-height-default\" data-id=\"bb5ee32\" data-element_type=\"section\">\n\t\t\t\t\t\t<div class=\"elementor-container elementor-column-gap-no\">\n\t\t\t\t\t<div class=\"elementor-column elementor-col-100 elementor-top-column elementor-element elementor-element-c59ed53\" data-id=\"c59ed53\" data-element_type=\"column\">\n\t\t\t<div class=\"elementor-widget-wrap elementor-element-populated\">\n\t\t\t\t\t\t<section class=\"elementor-section elementor-inner-section elementor-element elementor-element-e4a7c80 elementor-section-full_width elementor-section-height-default elementor-section-height-default\" data-id=\"e4a7c80\" data-element_type=\"section\">\n\t\t\t\t\t\t<div class=\"elementor-container elementor-column-gap-no\">\n\t\t\t\t\t<div class=\"elementor-column elementor-col-50 elementor-inner-column elementor-element elementor-element-be6dd5b\" data-id=\"be6dd5b\" data-element_type=\"column\">\n\t\t\t<div class=\"elementor-widget-wrap elementor-element-populated\">\n\t\t\t\t\t\t<div class=\"elementor-element elementor-element-d1b0c73 elementor-widget elementor-widget-ruffergroupimage\" data-id=\"d1b0c73\" data-element_type=\"widget\" data-widget_type=\"ruffergroupimage.default\">\n\t\t\t\t<div class=\"elementor-widget-container\">\n\t\t\t<div class=\"award-thumb\"><div class=\"thumb\"><img decoding=\"async\" src=\"https:\/\/www.makico.net\/wp-content\/uploads\/2023\/08\/ESG-diagram.png\" alt=\"img\"><\/div><\/div>\t\t<\/div>\n\t\t\t\t<\/div>\n\t\t\t\t\t<\/div>\n\t\t<\/div>\n\t\t\t\t<div class=\"elementor-column elementor-col-50 elementor-inner-column elementor-element elementor-element-75117b7\" data-id=\"75117b7\" data-element_type=\"column\">\n\t\t\t<div class=\"elementor-widget-wrap elementor-element-populated\">\n\t\t\t\t\t\t<div class=\"elementor-element elementor-element-04cc9bc elementor-widget elementor-widget-ruffersectiontitle\" data-id=\"04cc9bc\" data-element_type=\"widget\" data-widget_type=\"ruffersectiontitle.default\">\n\t\t\t\t<div class=\"elementor-widget-container\">\n\t\t\t<div class=\"title-area-wrap\"><div class=\"title-area mb-30\" ><h2 class=\"sec-title title-selector\">Environnement, Social, Gouvernance<\/h2><\/div><p class=\"desc-selector mt-n2 mb-30\">Notre culture et notre cadre de responsabilit\u00e9 sociale d'entreprise (RSE) sont align\u00e9s sur les normes ESG, refl\u00e9tant notre engagement \u00e0 aborder efficacement l'ensemble des objectifs de d\u00e9veloppement durable (SDG) de la mani\u00e8re la plus optimale.<\/p><\/div>\t\t<\/div>\n\t\t\t\t<\/div>\n\t\t\t\t\t<\/div>\n\t\t<\/div>\n\t\t\t\t\t<\/div>\n\t\t<\/section>\n\t\t\t\t<section class=\"elementor-section elementor-inner-section elementor-element elementor-element-19ffdd6 elementor-section-boxed elementor-section-height-default elementor-section-height-default\" data-id=\"19ffdd6\" data-element_type=\"section\">\n\t\t\t\t\t\t<div class=\"elementor-container elementor-column-gap-default\">\n\t\t\t\t\t<div class=\"elementor-column elementor-col-50 elementor-inner-column elementor-element elementor-element-0fcedf7\" data-id=\"0fcedf7\" data-element_type=\"column\">\n\t\t\t<div class=\"elementor-widget-wrap elementor-element-populated\">\n\t\t\t\t\t\t<div class=\"elementor-element elementor-element-5b75b04 elementor-widget elementor-widget-heading\" data-id=\"5b75b04\" data-element_type=\"widget\" data-widget_type=\"heading.default\">\n\t\t\t\t<div class=\"elementor-widget-container\">\n\t\t\t<style>\/*! elementor - v3.19.0 - 07-02-2024 *\/\n.elementor-heading-title{padding:0;margin:0;line-height:1}.elementor-widget-heading .elementor-heading-title[class*=elementor-size-]>a{color:inherit;font-size:inherit;line-height:inherit}.elementor-widget-heading .elementor-heading-title.elementor-size-small{font-size:15px}.elementor-widget-heading .elementor-heading-title.elementor-size-medium{font-size:19px}.elementor-widget-heading .elementor-heading-title.elementor-size-large{font-size:29px}.elementor-widget-heading .elementor-heading-title.elementor-size-xl{font-size:39px}.elementor-widget-heading .elementor-heading-title.elementor-size-xxl{font-size:59px}<\/style><h2 class=\"elementor-heading-title elementor-size-default\">Environnement<\/h2>\t\t<\/div>\n\t\t\t\t<\/div>\n\t\t\t\t<div class=\"elementor-element elementor-element-6360d0f elementor-widget elementor-widget-text-editor\" data-id=\"6360d0f\" data-element_type=\"widget\" data-widget_type=\"text-editor.default\">\n\t\t\t\t<div class=\"elementor-widget-container\">\n\t\t\t<style>\/*! elementor - v3.19.0 - 07-02-2024 *\/\n.elementor-widget-text-editor.elementor-drop-cap-view-stacked .elementor-drop-cap{background-color:#69727d;color:#fff}.elementor-widget-text-editor.elementor-drop-cap-view-framed .elementor-drop-cap{color:#69727d;border:3px solid;background-color:transparent}.elementor-widget-text-editor:not(.elementor-drop-cap-view-default) .elementor-drop-cap{margin-top:8px}.elementor-widget-text-editor:not(.elementor-drop-cap-view-default) .elementor-drop-cap-letter{width:1em;height:1em}.elementor-widget-text-editor .elementor-drop-cap{float:left;text-align:center;line-height:1;font-size:50px}.elementor-widget-text-editor .elementor-drop-cap-letter{display:inline-block}<\/style>\t\t\t\t<p>Environnement-Vraiment durable.<\/p><p>Nous prenons des mesures v\u00e9rifiables et mesurables pour r\u00e9duire notre empreinte op\u00e9rationnelle, contr\u00f4ler et g\u00e9rer nos d\u00e9chets, r\u00e9utiliser et recycler les mat\u00e9riaux. Nous nous approvisionnons de mani\u00e8re responsable et construisons de mani\u00e8re r\u00e9siliente. Tr\u00e8s conscients du changement climatique, nous ressentons le besoin de contribuer \u00e0 la pr\u00e9servation de notre plan\u00e8te, et c&#8217;est le projet le plus important que nous devons transmettre aux g\u00e9n\u00e9rations futures.<\/p>\t\t\t\t\t\t<\/div>\n\t\t\t\t<\/div>\n\t\t\t\t\t<\/div>\n\t\t<\/div>\n\t\t\t\t<div class=\"elementor-column elementor-col-50 elementor-inner-column elementor-element elementor-element-f01f8ae\" data-id=\"f01f8ae\" data-element_type=\"column\">\n\t\t\t<div class=\"elementor-widget-wrap elementor-element-populated\">\n\t\t\t\t\t\t<div class=\"elementor-element elementor-element-daea18b elementor-widget elementor-widget-image\" data-id=\"daea18b\" data-element_type=\"widget\" data-widget_type=\"image.default\">\n\t\t\t\t<div class=\"elementor-widget-container\">\n\t\t\t<style>\/*! elementor - v3.19.0 - 07-02-2024 *\/\n.elementor-widget-image{text-align:center}.elementor-widget-image a{display:inline-block}.elementor-widget-image a img[src$=\".svg\"]{width:48px}.elementor-widget-image img{vertical-align:middle;display:inline-block}<\/style>\t\t\t\t\t\t\t\t\t\t<img fetchpriority=\"high\" decoding=\"async\" width=\"550\" height=\"380\" src=\"https:\/\/www.makico.net\/wp-content\/uploads\/2023\/08\/enviromental-footprint.jpg\" class=\"attachment-full size-full wp-image-2650\" alt=\"\" srcset=\"https:\/\/www.makico.net\/wp-content\/uploads\/2023\/08\/enviromental-footprint.jpg 550w, https:\/\/www.makico.net\/wp-content\/uploads\/2023\/08\/enviromental-footprint-300x207.jpg 300w\" sizes=\"(max-width: 550px) 100vw, 550px\" \/>\t\t\t\t\t\t\t\t\t\t\t\t\t<\/div>\n\t\t\t\t<\/div>\n\t\t\t\t\t<\/div>\n\t\t<\/div>\n\t\t\t\t\t<\/div>\n\t\t<\/section>\n\t\t\t\t<div class=\"elementor-element elementor-element-f4fee8e elementor-widget elementor-widget-spacer\" data-id=\"f4fee8e\" data-element_type=\"widget\" data-widget_type=\"spacer.default\">\n\t\t\t\t<div class=\"elementor-widget-container\">\n\t\t\t<style>\/*! elementor - v3.19.0 - 07-02-2024 *\/\n.elementor-column .elementor-spacer-inner{height:var(--spacer-size)}.e-con{--container-widget-width:100%}.e-con-inner>.elementor-widget-spacer,.e-con>.elementor-widget-spacer{width:var(--container-widget-width,var(--spacer-size));--align-self:var(--container-widget-align-self,initial);--flex-shrink:0}.e-con-inner>.elementor-widget-spacer>.elementor-widget-container,.e-con>.elementor-widget-spacer>.elementor-widget-container{height:100%;width:100%}.e-con-inner>.elementor-widget-spacer>.elementor-widget-container>.elementor-spacer,.e-con>.elementor-widget-spacer>.elementor-widget-container>.elementor-spacer{height:100%}.e-con-inner>.elementor-widget-spacer>.elementor-widget-container>.elementor-spacer>.elementor-spacer-inner,.e-con>.elementor-widget-spacer>.elementor-widget-container>.elementor-spacer>.elementor-spacer-inner{height:var(--container-widget-height,var(--spacer-size))}.e-con-inner>.elementor-widget-spacer.elementor-widget-empty,.e-con>.elementor-widget-spacer.elementor-widget-empty{position:relative;min-height:22px;min-width:22px}.e-con-inner>.elementor-widget-spacer.elementor-widget-empty .elementor-widget-empty-icon,.e-con>.elementor-widget-spacer.elementor-widget-empty .elementor-widget-empty-icon{position:absolute;top:0;bottom:0;left:0;right:0;margin:auto;padding:0;width:22px;height:22px}<\/style>\t\t<div class=\"elementor-spacer\">\n\t\t\t<div class=\"elementor-spacer-inner\"><\/div>\n\t\t<\/div>\n\t\t\t\t<\/div>\n\t\t\t\t<\/div>\n\t\t\t\t<section class=\"elementor-section elementor-inner-section elementor-element elementor-element-3960d56 elementor-section-boxed elementor-section-height-default elementor-section-height-default\" data-id=\"3960d56\" data-element_type=\"section\">\n\t\t\t\t\t\t<div class=\"elementor-container elementor-column-gap-default\">\n\t\t\t\t\t<div class=\"elementor-column elementor-col-50 elementor-inner-column elementor-element elementor-element-042e31a\" data-id=\"042e31a\" data-element_type=\"column\">\n\t\t\t<div class=\"elementor-widget-wrap elementor-element-populated\">\n\t\t\t\t\t\t<div class=\"elementor-element elementor-element-9513413 elementor-widget elementor-widget-image\" data-id=\"9513413\" data-element_type=\"widget\" data-widget_type=\"image.default\">\n\t\t\t\t<div class=\"elementor-widget-container\">\n\t\t\t\t\t\t\t\t\t\t\t\t\t<img decoding=\"async\" width=\"550\" height=\"380\" src=\"https:\/\/www.makico.net\/wp-content\/uploads\/2023\/08\/team.jpg\" class=\"attachment-full size-full wp-image-2652\" alt=\"\" srcset=\"https:\/\/www.makico.net\/wp-content\/uploads\/2023\/08\/team.jpg 550w, https:\/\/www.makico.net\/wp-content\/uploads\/2023\/08\/team-300x207.jpg 300w\" sizes=\"(max-width: 550px) 100vw, 550px\" \/>\t\t\t\t\t\t\t\t\t\t\t\t\t<\/div>\n\t\t\t\t<\/div>\n\t\t\t\t\t<\/div>\n\t\t<\/div>\n\t\t\t\t<div class=\"elementor-column elementor-col-50 elementor-inner-column elementor-element elementor-element-bf3b52f\" data-id=\"bf3b52f\" data-element_type=\"column\">\n\t\t\t<div class=\"elementor-widget-wrap elementor-element-populated\">\n\t\t\t\t\t\t<div class=\"elementor-element elementor-element-3db1aa0 elementor-widget elementor-widget-heading\" data-id=\"3db1aa0\" data-element_type=\"widget\" data-widget_type=\"heading.default\">\n\t\t\t\t<div class=\"elementor-widget-container\">\n\t\t\t<h2 class=\"elementor-heading-title elementor-size-default\">Social<\/h2>\t\t<\/div>\n\t\t\t\t<\/div>\n\t\t\t\t<div class=\"elementor-element elementor-element-fa9e3f8 elementor-widget elementor-widget-text-editor\" data-id=\"fa9e3f8\" data-element_type=\"widget\" data-widget_type=\"text-editor.default\">\n\t\t\t\t<div class=\"elementor-widget-container\">\n\t\t\t\t\t\t\t<p>Social &#8211; Les personnes ont toujours \u00e9t\u00e9 essentielles.<\/p><p>Nous recrutons en fonction de l&#8217;attitude et formons pour les comp\u00e9tences. La sant\u00e9 et la s\u00e9curit\u00e9 au travail, ainsi que le d\u00e9veloppement continu, caract\u00e9risent notre lieu de travail. Nous demandons \u00e0 nos partenaires de faire de m\u00eame, afin que nous partagions le m\u00eame chemin vers la cr\u00e9ation de communaut\u00e9s saines, o\u00f9 chacun se sent en s\u00e9curit\u00e9, inclus et anim\u00e9 d&#8217;un objectif.<\/p>\t\t\t\t\t\t<\/div>\n\t\t\t\t<\/div>\n\t\t\t\t\t<\/div>\n\t\t<\/div>\n\t\t\t\t\t<\/div>\n\t\t<\/section>\n\t\t\t\t<div class=\"elementor-element elementor-element-2b3bb00 elementor-widget elementor-widget-spacer\" data-id=\"2b3bb00\" data-element_type=\"widget\" data-widget_type=\"spacer.default\">\n\t\t\t\t<div class=\"elementor-widget-container\">\n\t\t\t\t\t<div class=\"elementor-spacer\">\n\t\t\t<div class=\"elementor-spacer-inner\"><\/div>\n\t\t<\/div>\n\t\t\t\t<\/div>\n\t\t\t\t<\/div>\n\t\t\t\t<section class=\"elementor-section elementor-inner-section elementor-element elementor-element-d5c2fac elementor-section-boxed elementor-section-height-default elementor-section-height-default\" data-id=\"d5c2fac\" data-element_type=\"section\">\n\t\t\t\t\t\t<div class=\"elementor-container elementor-column-gap-default\">\n\t\t\t\t\t<div class=\"elementor-column elementor-col-50 elementor-inner-column elementor-element elementor-element-8f9bb8f\" data-id=\"8f9bb8f\" data-element_type=\"column\">\n\t\t\t<div class=\"elementor-widget-wrap elementor-element-populated\">\n\t\t\t\t\t\t<div class=\"elementor-element elementor-element-8ce5674 elementor-widget elementor-widget-heading\" data-id=\"8ce5674\" data-element_type=\"widget\" data-widget_type=\"heading.default\">\n\t\t\t\t<div class=\"elementor-widget-container\">\n\t\t\t<h2 class=\"elementor-heading-title elementor-size-default\">Gouvernance<\/h2>\t\t<\/div>\n\t\t\t\t<\/div>\n\t\t\t\t<div class=\"elementor-element elementor-element-eb34500 elementor-widget elementor-widget-text-editor\" data-id=\"eb34500\" data-element_type=\"widget\" data-widget_type=\"text-editor.default\">\n\t\t\t\t<div class=\"elementor-widget-container\">\n\t\t\t\t\t\t\t<p>Gouvernance &#8211; Impact transformationnel.<\/p><p>Nos pratiques \u00e9thiques et transparentes sont ancr\u00e9es dans notre travail. En tant que professionnels responsables, nous visons \u00e0 infuser ces valeurs \u00e0 l&#8217;ensemble de notre secteur, afin d&#8217;\u00e9lever le niveau de l&#8217;industrie et d&#8217;avoir un impact positif sur la soci\u00e9t\u00e9.<\/p>\t\t\t\t\t\t<\/div>\n\t\t\t\t<\/div>\n\t\t\t\t\t<\/div>\n\t\t<\/div>\n\t\t\t\t<div class=\"elementor-column elementor-col-50 elementor-inner-column elementor-element elementor-element-6328b54\" data-id=\"6328b54\" data-element_type=\"column\">\n\t\t\t<div class=\"elementor-widget-wrap elementor-element-populated\">\n\t\t\t\t\t\t<div class=\"elementor-element elementor-element-4f50022 elementor-widget elementor-widget-image\" data-id=\"4f50022\" data-element_type=\"widget\" data-widget_type=\"image.default\">\n\t\t\t\t<div class=\"elementor-widget-container\">\n\t\t\t\t\t\t\t\t\t\t\t\t\t<img decoding=\"async\" width=\"550\" height=\"380\" src=\"https:\/\/www.makico.net\/wp-content\/uploads\/2023\/10\/governance.jpg\" class=\"attachment-full size-full wp-image-4294\" alt=\"\" srcset=\"https:\/\/www.makico.net\/wp-content\/uploads\/2023\/10\/governance.jpg 550w, https:\/\/www.makico.net\/wp-content\/uploads\/2023\/10\/governance-300x207.jpg 300w\" sizes=\"(max-width: 550px) 100vw, 550px\" \/>\t\t\t\t\t\t\t\t\t\t\t\t\t<\/div>\n\t\t\t\t<\/div>\n\t\t\t\t\t<\/div>\n\t\t<\/div>\n\t\t\t\t\t<\/div>\n\t\t<\/section>\n\t\t\t\t\t<\/div>\n\t\t<\/div>\n\t\t\t\t\t<\/div>\n\t\t<\/section>\n\t\t\t\t<section class=\"elementor-section elementor-top-section elementor-element elementor-element-66b1095 elementor-section-full_width elementor-section-height-default elementor-section-height-default\" data-id=\"66b1095\" data-element_type=\"section\" data-settings=\"{&quot;background_background&quot;:&quot;classic&quot;}\">\n\t\t\t\t\t\t<div class=\"elementor-container elementor-column-gap-no\">\n\t\t\t\t\t<div class=\"elementor-column elementor-col-100 elementor-top-column elementor-element elementor-element-41e5fa6\" data-id=\"41e5fa6\" data-element_type=\"column\">\n\t\t\t<div class=\"elementor-widget-wrap elementor-element-populated\">\n\t\t\t\t\t\t<section class=\"elementor-section elementor-inner-section elementor-element elementor-element-460a1e8 elementor-section-boxed elementor-section-height-default elementor-section-height-default\" data-id=\"460a1e8\" data-element_type=\"section\">\n\t\t\t\t\t\t<div class=\"elementor-container elementor-column-gap-no\">\n\t\t\t\t\t<div class=\"elementor-column elementor-col-100 elementor-inner-column elementor-element elementor-element-db9dcf2\" data-id=\"db9dcf2\" data-element_type=\"column\">\n\t\t\t<div class=\"elementor-widget-wrap elementor-element-populated\">\n\t\t\t\t\t\t<div class=\"elementor-element elementor-element-588f31c cta-area-2 elementor-widget elementor-widget-text-editor\" data-id=\"588f31c\" data-element_type=\"widget\" data-widget_type=\"text-editor.default\">\n\t\t\t\t<div class=\"elementor-widget-container\">\n\t\t\t\t\t\t\t<div class=\"title-area mb-40\"><h2 class=\"sec-title text-white\">Contactez-nous d\u00e8s aujourd&#8217;hui pour des solutions de pointe et une expertise in\u00e9gal\u00e9e!<\/h2><\/div>\t\t\t\t\t\t<\/div>\n\t\t\t\t<\/div>\n\t\t\t\t<div class=\"elementor-element elementor-element-9917b21 elementor-widget__width-auto elementor-widget-mobile__width-inherit elementor-widget elementor-widget-rufferbutton\" data-id=\"9917b21\" data-element_type=\"widget\" data-widget_type=\"rufferbutton.default\">\n\t\t\t\t<div class=\"elementor-widget-container\">\n\t\t\t<!-- Button --><div class=\"btn-wrapper left\"><a class=\"th-btn style2\" href=\"\/fr\/contactez-nous\/\">Contactez-nous<i class=\"fa-regular fa-arrow-right ms-2\"><\/i><\/a><\/div><!-- End Button -->\t\t<\/div>\n\t\t\t\t<\/div>\n\t\t\t\t\t<\/div>\n\t\t<\/div>\n\t\t\t\t\t<\/div>\n\t\t<\/section>\n\t\t\t\t\t<\/div>\n\t\t<\/div>\n\t\t\t\t\t<\/div>\n\t\t<\/section>\n\t\t\t\t<\/div>\n\t\t","protected":false},"excerpt":{"rendered":"<p>Environnement, Social, Gouvernance Notre culture et notre cadre de responsabilit\u00e9 sociale d&#8217;entreprise (RSE) sont align\u00e9s sur les normes ESG, refl\u00e9tant notre engagement \u00e0 aborder efficacement l&#8217;ensemble des objectifs de d\u00e9veloppement durable (SDG) de la mani\u00e8re la plus optimale. Environnement Environnement-Vraiment durable. Nous prenons des mesures v\u00e9rifiables et mesurables pour r\u00e9duire notre empreinte op\u00e9rationnelle, contr\u00f4ler et&#8230;<\/p>\n","protected":false},"author":1,"featured_media":0,"parent":0,"menu_order":0,"comment_status":"closed","ping_status":"closed","template":"template-builder.php","meta":{"footnotes":""},"class_list":["post-6026","page","type-page","status-publish","hentry"],"yoast_head":"<!-- This site is optimized with the Yoast SEO plugin v22.1 - https:\/\/yoast.com\/wordpress\/plugins\/seo\/ -->\n<title>Environnement, Social, Gouvernance - Makico.net<\/title>\n<meta name=\"robots\" content=\"index, follow, max-snippet:-1, max-image-preview:large, max-video-preview:-1\" \/>\n<link rel=\"canonical\" href=\"https:\/\/www.makico.net\/fr\/environnement-social-gouvernance\/\" \/>\n<meta property=\"og:locale\" content=\"fr_FR\" \/>\n<meta property=\"og:type\" content=\"article\" \/>\n<meta property=\"og:title\" content=\"Environnement, Social, Gouvernance - Makico.net\" \/>\n<meta property=\"og:description\" content=\"Environnement, Social, Gouvernance Notre culture et notre cadre de responsabilit\u00e9 sociale d&#8217;entreprise (RSE) sont align\u00e9s sur les normes ESG, refl\u00e9tant notre engagement \u00e0 aborder efficacement l&#8217;ensemble des objectifs de d\u00e9veloppement durable (SDG) de la mani\u00e8re la plus optimale. Environnement Environnement-Vraiment durable. Nous prenons des mesures v\u00e9rifiables et mesurables pour r\u00e9duire notre empreinte op\u00e9rationnelle, contr\u00f4ler et...\" \/>\n<meta property=\"og:url\" content=\"https:\/\/www.makico.net\/fr\/environnement-social-gouvernance\/\" \/>\n<meta property=\"og:site_name\" content=\"Makico.net\" \/>\n<meta property=\"article:publisher\" content=\"https:\/\/www.facebook.com\/makico1987\/\" \/>\n<meta property=\"article:modified_time\" content=\"2024-02-12T07:43:24+00:00\" \/>\n<meta property=\"og:image\" content=\"https:\/\/www.makico.net\/wp-content\/uploads\/2023\/08\/ESG-diagram.png\" \/>\n<meta name=\"twitter:card\" content=\"summary_large_image\" \/>\n<meta name=\"twitter:label1\" content=\"Dur\u00e9e de lecture estim\u00e9e\" \/>\n\t<meta name=\"twitter:data1\" content=\"1 minute\" \/>\n<script type=\"application\/ld+json\" class=\"yoast-schema-graph\">{\"@context\":\"https:\/\/schema.org\",\"@graph\":[{\"@type\":\"WebPage\",\"@id\":\"https:\/\/www.makico.net\/fr\/environnement-social-gouvernance\/\",\"url\":\"https:\/\/www.makico.net\/fr\/environnement-social-gouvernance\/\",\"name\":\"Environnement, Social, Gouvernance - Makico.net\",\"isPartOf\":{\"@id\":\"https:\/\/www.makico.net\/fr\/#website\"},\"datePublished\":\"2023-08-09T09:10:54+00:00\",\"dateModified\":\"2024-02-12T07:43:24+00:00\",\"breadcrumb\":{\"@id\":\"https:\/\/www.makico.net\/fr\/environnement-social-gouvernance\/#breadcrumb\"},\"inLanguage\":\"fr-FR\",\"potentialAction\":[{\"@type\":\"ReadAction\",\"target\":[\"https:\/\/www.makico.net\/fr\/environnement-social-gouvernance\/\"]}]},{\"@type\":\"BreadcrumbList\",\"@id\":\"https:\/\/www.makico.net\/fr\/environnement-social-gouvernance\/#breadcrumb\",\"itemListElement\":[{\"@type\":\"ListItem\",\"position\":1,\"name\":\"Home\",\"item\":\"https:\/\/www.makico.net\/fr\/\"},{\"@type\":\"ListItem\",\"position\":2,\"name\":\"Environnement, Social, Gouvernance\"}]},{\"@type\":\"WebSite\",\"@id\":\"https:\/\/www.makico.net\/fr\/#website\",\"url\":\"https:\/\/www.makico.net\/fr\/\",\"name\":\"Makico.net\",\"description\":\"\",\"publisher\":{\"@id\":\"https:\/\/www.makico.net\/fr\/#organization\"},\"potentialAction\":[{\"@type\":\"SearchAction\",\"target\":{\"@type\":\"EntryPoint\",\"urlTemplate\":\"https:\/\/www.makico.net\/fr\/?s={search_term_string}\"},\"query-input\":\"required name=search_term_string\"}],\"inLanguage\":\"fr-FR\"},{\"@type\":\"Organization\",\"@id\":\"https:\/\/www.makico.net\/fr\/#organization\",\"name\":\"Makico\",\"url\":\"https:\/\/www.makico.net\/fr\/\",\"logo\":{\"@type\":\"ImageObject\",\"inLanguage\":\"fr-FR\",\"@id\":\"https:\/\/www.makico.net\/fr\/#\/schema\/logo\/image\/\",\"url\":\"https:\/\/www.makico.net\/wp-content\/uploads\/2024\/02\/makico-logo.jpg\",\"contentUrl\":\"https:\/\/www.makico.net\/wp-content\/uploads\/2024\/02\/makico-logo.jpg\",\"width\":696,\"height\":696,\"caption\":\"Makico\"},\"image\":{\"@id\":\"https:\/\/www.makico.net\/fr\/#\/schema\/logo\/image\/\"},\"sameAs\":[\"https:\/\/www.facebook.com\/makico1987\/\",\"https:\/\/www.linkedin.com\/company\/makico-metals-ltd\",\"https:\/\/www.youtube.com\/@MakicoMetalsLtdCY\",\"https:\/\/www.instagram.com\/makicometals\/\"]}]}<\/script>\n<!-- \/ Yoast SEO plugin. -->","yoast_head_json":{"title":"Environnement, Social, Gouvernance - Makico.net","robots":{"index":"index","follow":"follow","max-snippet":"max-snippet:-1","max-image-preview":"max-image-preview:large","max-video-preview":"max-video-preview:-1"},"canonical":"https:\/\/www.makico.net\/fr\/environnement-social-gouvernance\/","og_locale":"fr_FR","og_type":"article","og_title":"Environnement, Social, Gouvernance - Makico.net","og_description":"Environnement, Social, Gouvernance Notre culture et notre cadre de responsabilit\u00e9 sociale d&#8217;entreprise (RSE) sont align\u00e9s sur les normes ESG, refl\u00e9tant notre engagement \u00e0 aborder efficacement l&#8217;ensemble des objectifs de d\u00e9veloppement durable (SDG) de la mani\u00e8re la plus optimale. Environnement Environnement-Vraiment durable. Nous prenons des mesures v\u00e9rifiables et mesurables pour r\u00e9duire notre empreinte op\u00e9rationnelle, contr\u00f4ler et...","og_url":"https:\/\/www.makico.net\/fr\/environnement-social-gouvernance\/","og_site_name":"Makico.net","article_publisher":"https:\/\/www.facebook.com\/makico1987\/","article_modified_time":"2024-02-12T07:43:24+00:00","og_image":[{"url":"https:\/\/www.makico.net\/wp-content\/uploads\/2023\/08\/ESG-diagram.png"}],"twitter_card":"summary_large_image","twitter_misc":{"Dur\u00e9e de lecture estim\u00e9e":"1 minute"},"schema":{"@context":"https:\/\/schema.org","@graph":[{"@type":"WebPage","@id":"https:\/\/www.makico.net\/fr\/environnement-social-gouvernance\/","url":"https:\/\/www.makico.net\/fr\/environnement-social-gouvernance\/","name":"Environnement, Social, Gouvernance - Makico.net","isPartOf":{"@id":"https:\/\/www.makico.net\/fr\/#website"},"datePublished":"2023-08-09T09:10:54+00:00","dateModified":"2024-02-12T07:43:24+00:00","breadcrumb":{"@id":"https:\/\/www.makico.net\/fr\/environnement-social-gouvernance\/#breadcrumb"},"inLanguage":"fr-FR","potentialAction":[{"@type":"ReadAction","target":["https:\/\/www.makico.net\/fr\/environnement-social-gouvernance\/"]}]},{"@type":"BreadcrumbList","@id":"https:\/\/www.makico.net\/fr\/environnement-social-gouvernance\/#breadcrumb","itemListElement":[{"@type":"ListItem","position":1,"name":"Home","item":"https:\/\/www.makico.net\/fr\/"},{"@type":"ListItem","position":2,"name":"Environnement, Social, Gouvernance"}]},{"@type":"WebSite","@id":"https:\/\/www.makico.net\/fr\/#website","url":"https:\/\/www.makico.net\/fr\/","name":"Makico.net","description":"","publisher":{"@id":"https:\/\/www.makico.net\/fr\/#organization"},"potentialAction":[{"@type":"SearchAction","target":{"@type":"EntryPoint","urlTemplate":"https:\/\/www.makico.net\/fr\/?s={search_term_string}"},"query-input":"required name=search_term_string"}],"inLanguage":"fr-FR"},{"@type":"Organization","@id":"https:\/\/www.makico.net\/fr\/#organization","name":"Makico","url":"https:\/\/www.makico.net\/fr\/","logo":{"@type":"ImageObject","inLanguage":"fr-FR","@id":"https:\/\/www.makico.net\/fr\/#\/schema\/logo\/image\/","url":"https:\/\/www.makico.net\/wp-content\/uploads\/2024\/02\/makico-logo.jpg","contentUrl":"https:\/\/www.makico.net\/wp-content\/uploads\/2024\/02\/makico-logo.jpg","width":696,"height":696,"caption":"Makico"},"image":{"@id":"https:\/\/www.makico.net\/fr\/#\/schema\/logo\/image\/"},"sameAs":["https:\/\/www.facebook.com\/makico1987\/","https:\/\/www.linkedin.com\/company\/makico-metals-ltd","https:\/\/www.youtube.com\/@MakicoMetalsLtdCY","https:\/\/www.instagram.com\/makicometals\/"]}]}},"_links":{"self":[{"href":"https:\/\/www.makico.net\/fr\/wp-json\/wp\/v2\/pages\/6026","targetHints":{"allow":["GET"]}}],"collection":[{"href":"https:\/\/www.makico.net\/fr\/wp-json\/wp\/v2\/pages"}],"about":[{"href":"https:\/\/www.makico.net\/fr\/wp-json\/wp\/v2\/types\/page"}],"author":[{"embeddable":true,"href":"https:\/\/www.makico.net\/fr\/wp-json\/wp\/v2\/users\/1"}],"replies":[{"embeddable":true,"href":"https:\/\/www.makico.net\/fr\/wp-json\/wp\/v2\/comments?post=6026"}],"version-history":[{"count":13,"href":"https:\/\/www.makico.net\/fr\/wp-json\/wp\/v2\/pages\/6026\/revisions"}],"predecessor-version":[{"id":6634,"href":"https:\/\/www.makico.net\/fr\/wp-json\/wp\/v2\/pages\/6026\/revisions\/6634"}],"wp:attachment":[{"href":"https:\/\/www.makico.net\/fr\/wp-json\/wp\/v2\/media?parent=6026"}],"curies":[{"name":"wp","href":"https:\/\/api.w.org\/{rel}","templated":true}]}}