{"id":6041,"date":"2023-05-14T08:27:20","date_gmt":"2023-05-14T05:27:20","guid":{"rendered":"https:\/\/www.makico.net\/team\/"},"modified":"2024-02-28T13:25:40","modified_gmt":"2024-02-28T10:25:40","slug":"equipe","status":"publish","type":"page","link":"https:\/\/www.makico.net\/fr\/equipe\/","title":{"rendered":"\u00c9quipe"},"content":{"rendered":"\t\t<div data-elementor-type=\"wp-page\" data-elementor-id=\"6041\" class=\"elementor elementor-6041 elementor-675\">\n\t\t\t\t\t\t<section class=\"elementor-section elementor-top-section elementor-element elementor-element-e8ebafd elementor-section-full_width elementor-section-height-default elementor-section-height-default\" data-id=\"e8ebafd\" data-element_type=\"section\">\n\t\t\t\t\t\t<div class=\"elementor-container elementor-column-gap-no\">\n\t\t\t\t\t<div class=\"elementor-column elementor-col-100 elementor-top-column elementor-element elementor-element-c6e0487\" data-id=\"c6e0487\" data-element_type=\"column\">\n\t\t\t<div class=\"elementor-widget-wrap elementor-element-populated\">\n\t\t\t\t\t\t<section class=\"elementor-section elementor-inner-section elementor-element elementor-element-45e9740 elementor-section-full_width elementor-section-height-default elementor-section-height-default\" data-id=\"45e9740\" data-element_type=\"section\">\n\t\t\t\t\t\t<div class=\"elementor-container elementor-column-gap-no\">\n\t\t\t\t\t<div class=\"elementor-column elementor-col-100 elementor-inner-column elementor-element elementor-element-d054ad2\" data-id=\"d054ad2\" data-element_type=\"column\">\n\t\t\t<div class=\"elementor-widget-wrap elementor-element-populated\">\n\t\t\t\t\t\t<div class=\"elementor-element elementor-element-8a01476 elementor-widget elementor-widget-ruffersectiontitle\" data-id=\"8a01476\" data-element_type=\"widget\" data-widget_type=\"ruffersectiontitle.default\">\n\t\t\t\t<div class=\"elementor-widget-container\">\n\t\t\t<div class=\"title-area-wrap\"><div class=\"title-area\" ><h2 class=\"sec-title title-selector\">Rencontrez notre \u00e9quipe<\/h2><\/div><\/div>\t\t<\/div>\n\t\t\t\t<\/div>\n\t\t\t\t\t<\/div>\n\t\t<\/div>\n\t\t\t\t\t<\/div>\n\t\t<\/section>\n\t\t\t\t<section class=\"elementor-section elementor-inner-section elementor-element elementor-element-cff962d elementor-section-boxed elementor-section-height-default elementor-section-height-default\" data-id=\"cff962d\" data-element_type=\"section\">\n\t\t\t\t\t\t<div class=\"elementor-container elementor-column-gap-no\">\n\t\t\t\t\t<div class=\"elementor-column elementor-col-100 elementor-inner-column elementor-element elementor-element-0f055e1\" data-id=\"0f055e1\" data-element_type=\"column\">\n\t\t\t<div class=\"elementor-widget-wrap elementor-element-populated\">\n\t\t\t\t\t\t<div class=\"elementor-element elementor-element-16dbbad elementor-widget elementor-widget-text-editor\" data-id=\"16dbbad\" data-element_type=\"widget\" data-widget_type=\"text-editor.default\">\n\t\t\t\t<div class=\"elementor-widget-container\">\n\t\t\t<style>\/*! elementor - v3.19.0 - 07-02-2024 *\/\n.elementor-widget-text-editor.elementor-drop-cap-view-stacked .elementor-drop-cap{background-color:#69727d;color:#fff}.elementor-widget-text-editor.elementor-drop-cap-view-framed .elementor-drop-cap{color:#69727d;border:3px solid;background-color:transparent}.elementor-widget-text-editor:not(.elementor-drop-cap-view-default) .elementor-drop-cap{margin-top:8px}.elementor-widget-text-editor:not(.elementor-drop-cap-view-default) .elementor-drop-cap-letter{width:1em;height:1em}.elementor-widget-text-editor .elementor-drop-cap{float:left;text-align:center;line-height:1;font-size:50px}.elementor-widget-text-editor .elementor-drop-cap-letter{display:inline-block}<\/style>\t\t\t\t<p>Associations durables, \u00e9quilibre entre les sexes, investissement dans la croissance des personnes, processus participatifs, \u00e9quilibre entre vie professionnelle et vie personnelle, environnement de travail accueillant et productif. Nous sommes fiers de compter parmi nous certains des meilleurs professionnels de l&#8217;industrie. Hautement form\u00e9s, excellents en comp\u00e9tences techniques, mais ce sont leurs comp\u00e9tences relationnelles qui font la diff\u00e9rence.<\/p><p><strong><em>\u2018\u2019Nous sommes enthousiastes \u00e0 l&#8217;id\u00e9e de travailler \u00e9troitement avec vous en tant que partenaire naturel et de partager notre expertise en construction m\u00e9tallique, pour donner vie \u00e0 tout projet qui nous sera confi\u00e9. Makico construit avec pr\u00e9cision, de mani\u00e8re efficace et durable.\u2019\u2019<\/em><\/strong><\/p><p style=\"text-align: right;\"><strong><em>Antonis Kikas <\/em><\/strong><br \/><strong><em>Founder-CEO<\/em><\/strong><\/p>\t\t\t\t\t\t<\/div>\n\t\t\t\t<\/div>\n\t\t\t\t<div class=\"elementor-element elementor-element-ad69e80 style2 elementor-widget elementor-widget-rufferteam\" data-id=\"ad69e80\" data-element_type=\"widget\" data-widget_type=\"rufferteam.default\">\n\t\t\t\t<div class=\"elementor-widget-container\">\n\t\t\t<div class=\"row gy-30\"><div class=\"col-sm-6 col-lg-4 col-xl-3\"><div class=\"th-team team-card\"><div class=\"team-img-wrap\"><div class=\"team-thumb\"><div class=\"team-img\"><img decoding=\"async\" src=\"https:\/\/www.makico.net\/wp-content\/uploads\/2024\/02\/avatar.jpg\" alt=\"avatar\"  \/><\/div><\/div><div class=\"team-social-hover\"><a href=\"#\" class=\"team-social-hover_btn\"><i class=\"far fa-plus\"><\/i><\/a><div class=\"team-social\"><\/div><\/div><\/div><div class=\"team-content\"><h3 class=\"team-title\"><a  href=\"\">Antonis Kikas<\/a><\/h3><span class=\"team-desig\">Mechanical Engineer \/ Founder-CEO | a.kikas@makico.net <\/span><\/div><\/div><\/div><div class=\"col-sm-6 col-lg-4 col-xl-3\"><div class=\"th-team team-card\"><div class=\"team-img-wrap\"><div class=\"team-thumb\"><div class=\"team-img\"><img decoding=\"async\" src=\"https:\/\/www.makico.net\/wp-content\/uploads\/2024\/02\/avatar.jpg\" alt=\"avatar\"  \/><\/div><\/div><div class=\"team-social-hover\"><a href=\"#\" class=\"team-social-hover_btn\"><i class=\"far fa-plus\"><\/i><\/a><div class=\"team-social\"><\/div><\/div><\/div><div class=\"team-content\"><h3 class=\"team-title\"><a  href=\"\">Stelios Panayiotou<\/a><\/h3><span class=\"team-desig\">Mechanical Engineer \/ Head of Operations | stelios@makico.net | +35799649413<\/span><\/div><\/div><\/div><div class=\"col-sm-6 col-lg-4 col-xl-3\"><div class=\"th-team team-card\"><div class=\"team-img-wrap\"><div class=\"team-thumb\"><div class=\"team-img\"><img decoding=\"async\" src=\"https:\/\/www.makico.net\/wp-content\/uploads\/2024\/02\/avatar.jpg\" alt=\"avatar\"  \/><\/div><\/div><div class=\"team-social-hover\"><a href=\"#\" class=\"team-social-hover_btn\"><i class=\"far fa-plus\"><\/i><\/a><div class=\"team-social\"><\/div><\/div><\/div><div class=\"team-content\"><h3 class=\"team-title\"><a  href=\"\">Rafaela Kika<\/a><\/h3><span class=\"team-desig\">Civil Engineer, MBA \/ Head of Human Resources | rafaela@makico.net | +35799349932<\/span><\/div><\/div><\/div><div class=\"col-sm-6 col-lg-4 col-xl-3\"><div class=\"th-team team-card\"><div class=\"team-img-wrap\"><div class=\"team-thumb\"><div class=\"team-img\"><img decoding=\"async\" src=\"https:\/\/www.makico.net\/wp-content\/uploads\/2024\/02\/avatar.jpg\" alt=\"avatar\"  \/><\/div><\/div><div class=\"team-social-hover\"><a href=\"#\" class=\"team-social-hover_btn\"><i class=\"far fa-plus\"><\/i><\/a><div class=\"team-social\"><\/div><\/div><\/div><div class=\"team-content\"><h3 class=\"team-title\"><a  href=\"\">Maria Mylidoni<\/a><\/h3><span class=\"team-desig\">Civil Engineer, MBA \/ Operations Executive | maria@makico.net | +35799792974<\/span><\/div><\/div><\/div><div class=\"col-sm-6 col-lg-4 col-xl-3\"><div class=\"th-team team-card\"><div class=\"team-img-wrap\"><div class=\"team-thumb\"><div class=\"team-img\"><img decoding=\"async\" src=\"https:\/\/www.makico.net\/wp-content\/uploads\/2024\/02\/avatar.jpg\" alt=\"avatar\"  \/><\/div><\/div><div class=\"team-social-hover\"><a href=\"#\" class=\"team-social-hover_btn\"><i class=\"far fa-plus\"><\/i><\/a><div class=\"team-social\"><\/div><\/div><\/div><div class=\"team-content\"><h3 class=\"team-title\"><a  href=\"\">Nikos Stasinopoulos<\/a><\/h3><span class=\"team-desig\">Electrical Engineer, BA \/ Head of Business Development | nikos@makico.net | +35799807349<\/span><\/div><\/div><\/div><\/div>\t\t<\/div>\n\t\t\t\t<\/div>\n\t\t\t\t\t<\/div>\n\t\t<\/div>\n\t\t\t\t\t<\/div>\n\t\t<\/section>\n\t\t\t\t\t<\/div>\n\t\t<\/div>\n\t\t\t\t\t<\/div>\n\t\t<\/section>\n\t\t\t\t<\/div>\n\t\t","protected":false},"excerpt":{"rendered":"<p>Rencontrez notre \u00e9quipe Associations durables, \u00e9quilibre entre les sexes, investissement dans la croissance des personnes, processus participatifs, \u00e9quilibre entre vie professionnelle et vie personnelle, environnement de travail accueillant et productif. Nous sommes fiers de compter parmi nous certains des meilleurs professionnels de l&#8217;industrie. Hautement form\u00e9s, excellents en comp\u00e9tences techniques, mais ce sont leurs comp\u00e9tences relationnelles&#8230;<\/p>\n","protected":false},"author":1,"featured_media":0,"parent":0,"menu_order":0,"comment_status":"closed","ping_status":"closed","template":"template-builder.php","meta":{"footnotes":""},"class_list":["post-6041","page","type-page","status-publish","hentry"],"yoast_head":"<!-- This site is optimized with the Yoast SEO plugin v22.1 - https:\/\/yoast.com\/wordpress\/plugins\/seo\/ -->\n<title>\u00c9quipe - Makico.net<\/title>\n<meta name=\"robots\" content=\"index, follow, max-snippet:-1, max-image-preview:large, max-video-preview:-1\" \/>\n<link rel=\"canonical\" href=\"https:\/\/www.makico.net\/fr\/equipe\/\" \/>\n<meta property=\"og:locale\" content=\"fr_FR\" \/>\n<meta property=\"og:type\" content=\"article\" \/>\n<meta property=\"og:title\" content=\"\u00c9quipe - Makico.net\" \/>\n<meta property=\"og:description\" content=\"Rencontrez notre \u00e9quipe Associations durables, \u00e9quilibre entre les sexes, investissement dans la croissance des personnes, processus participatifs, \u00e9quilibre entre vie professionnelle et vie personnelle, environnement de travail accueillant et productif. Nous sommes fiers de compter parmi nous certains des meilleurs professionnels de l&#8217;industrie. Hautement form\u00e9s, excellents en comp\u00e9tences techniques, mais ce sont leurs comp\u00e9tences relationnelles...\" \/>\n<meta property=\"og:url\" content=\"https:\/\/www.makico.net\/fr\/equipe\/\" \/>\n<meta property=\"og:site_name\" content=\"Makico.net\" \/>\n<meta property=\"article:publisher\" content=\"https:\/\/www.facebook.com\/makico1987\/\" \/>\n<meta property=\"article:modified_time\" content=\"2024-02-28T10:25:40+00:00\" \/>\n<meta property=\"og:image\" content=\"https:\/\/www.makico.net\/wp-content\/uploads\/2024\/02\/avatar.jpg\" \/>\n<meta name=\"twitter:card\" content=\"summary_large_image\" \/>\n<meta name=\"twitter:label1\" content=\"Dur\u00e9e de lecture estim\u00e9e\" \/>\n\t<meta name=\"twitter:data1\" content=\"2 minutes\" \/>\n<script type=\"application\/ld+json\" class=\"yoast-schema-graph\">{\"@context\":\"https:\/\/schema.org\",\"@graph\":[{\"@type\":\"WebPage\",\"@id\":\"https:\/\/www.makico.net\/fr\/equipe\/\",\"url\":\"https:\/\/www.makico.net\/fr\/equipe\/\",\"name\":\"\u00c9quipe - Makico.net\",\"isPartOf\":{\"@id\":\"https:\/\/www.makico.net\/fr\/#website\"},\"datePublished\":\"2023-05-14T05:27:20+00:00\",\"dateModified\":\"2024-02-28T10:25:40+00:00\",\"breadcrumb\":{\"@id\":\"https:\/\/www.makico.net\/fr\/equipe\/#breadcrumb\"},\"inLanguage\":\"fr-FR\",\"potentialAction\":[{\"@type\":\"ReadAction\",\"target\":[\"https:\/\/www.makico.net\/fr\/equipe\/\"]}]},{\"@type\":\"BreadcrumbList\",\"@id\":\"https:\/\/www.makico.net\/fr\/equipe\/#breadcrumb\",\"itemListElement\":[{\"@type\":\"ListItem\",\"position\":1,\"name\":\"Home\",\"item\":\"https:\/\/www.makico.net\/fr\/\"},{\"@type\":\"ListItem\",\"position\":2,\"name\":\"\u00c9quipe\"}]},{\"@type\":\"WebSite\",\"@id\":\"https:\/\/www.makico.net\/fr\/#website\",\"url\":\"https:\/\/www.makico.net\/fr\/\",\"name\":\"Makico.net\",\"description\":\"\",\"publisher\":{\"@id\":\"https:\/\/www.makico.net\/fr\/#organization\"},\"potentialAction\":[{\"@type\":\"SearchAction\",\"target\":{\"@type\":\"EntryPoint\",\"urlTemplate\":\"https:\/\/www.makico.net\/fr\/?s={search_term_string}\"},\"query-input\":\"required name=search_term_string\"}],\"inLanguage\":\"fr-FR\"},{\"@type\":\"Organization\",\"@id\":\"https:\/\/www.makico.net\/fr\/#organization\",\"name\":\"Makico\",\"url\":\"https:\/\/www.makico.net\/fr\/\",\"logo\":{\"@type\":\"ImageObject\",\"inLanguage\":\"fr-FR\",\"@id\":\"https:\/\/www.makico.net\/fr\/#\/schema\/logo\/image\/\",\"url\":\"https:\/\/www.makico.net\/wp-content\/uploads\/2024\/02\/makico-logo.jpg\",\"contentUrl\":\"https:\/\/www.makico.net\/wp-content\/uploads\/2024\/02\/makico-logo.jpg\",\"width\":696,\"height\":696,\"caption\":\"Makico\"},\"image\":{\"@id\":\"https:\/\/www.makico.net\/fr\/#\/schema\/logo\/image\/\"},\"sameAs\":[\"https:\/\/www.facebook.com\/makico1987\/\",\"https:\/\/www.linkedin.com\/company\/makico-metals-ltd\",\"https:\/\/www.youtube.com\/@MakicoMetalsLtdCY\",\"https:\/\/www.instagram.com\/makicometals\/\"]}]}<\/script>\n<!-- \/ Yoast SEO plugin. -->","yoast_head_json":{"title":"\u00c9quipe - Makico.net","robots":{"index":"index","follow":"follow","max-snippet":"max-snippet:-1","max-image-preview":"max-image-preview:large","max-video-preview":"max-video-preview:-1"},"canonical":"https:\/\/www.makico.net\/fr\/equipe\/","og_locale":"fr_FR","og_type":"article","og_title":"\u00c9quipe - Makico.net","og_description":"Rencontrez notre \u00e9quipe Associations durables, \u00e9quilibre entre les sexes, investissement dans la croissance des personnes, processus participatifs, \u00e9quilibre entre vie professionnelle et vie personnelle, environnement de travail accueillant et productif. Nous sommes fiers de compter parmi nous certains des meilleurs professionnels de l&#8217;industrie. Hautement form\u00e9s, excellents en comp\u00e9tences techniques, mais ce sont leurs comp\u00e9tences relationnelles...","og_url":"https:\/\/www.makico.net\/fr\/equipe\/","og_site_name":"Makico.net","article_publisher":"https:\/\/www.facebook.com\/makico1987\/","article_modified_time":"2024-02-28T10:25:40+00:00","og_image":[{"url":"https:\/\/www.makico.net\/wp-content\/uploads\/2024\/02\/avatar.jpg"}],"twitter_card":"summary_large_image","twitter_misc":{"Dur\u00e9e de lecture estim\u00e9e":"2 minutes"},"schema":{"@context":"https:\/\/schema.org","@graph":[{"@type":"WebPage","@id":"https:\/\/www.makico.net\/fr\/equipe\/","url":"https:\/\/www.makico.net\/fr\/equipe\/","name":"\u00c9quipe - Makico.net","isPartOf":{"@id":"https:\/\/www.makico.net\/fr\/#website"},"datePublished":"2023-05-14T05:27:20+00:00","dateModified":"2024-02-28T10:25:40+00:00","breadcrumb":{"@id":"https:\/\/www.makico.net\/fr\/equipe\/#breadcrumb"},"inLanguage":"fr-FR","potentialAction":[{"@type":"ReadAction","target":["https:\/\/www.makico.net\/fr\/equipe\/"]}]},{"@type":"BreadcrumbList","@id":"https:\/\/www.makico.net\/fr\/equipe\/#breadcrumb","itemListElement":[{"@type":"ListItem","position":1,"name":"Home","item":"https:\/\/www.makico.net\/fr\/"},{"@type":"ListItem","position":2,"name":"\u00c9quipe"}]},{"@type":"WebSite","@id":"https:\/\/www.makico.net\/fr\/#website","url":"https:\/\/www.makico.net\/fr\/","name":"Makico.net","description":"","publisher":{"@id":"https:\/\/www.makico.net\/fr\/#organization"},"potentialAction":[{"@type":"SearchAction","target":{"@type":"EntryPoint","urlTemplate":"https:\/\/www.makico.net\/fr\/?s={search_term_string}"},"query-input":"required name=search_term_string"}],"inLanguage":"fr-FR"},{"@type":"Organization","@id":"https:\/\/www.makico.net\/fr\/#organization","name":"Makico","url":"https:\/\/www.makico.net\/fr\/","logo":{"@type":"ImageObject","inLanguage":"fr-FR","@id":"https:\/\/www.makico.net\/fr\/#\/schema\/logo\/image\/","url":"https:\/\/www.makico.net\/wp-content\/uploads\/2024\/02\/makico-logo.jpg","contentUrl":"https:\/\/www.makico.net\/wp-content\/uploads\/2024\/02\/makico-logo.jpg","width":696,"height":696,"caption":"Makico"},"image":{"@id":"https:\/\/www.makico.net\/fr\/#\/schema\/logo\/image\/"},"sameAs":["https:\/\/www.facebook.com\/makico1987\/","https:\/\/www.linkedin.com\/company\/makico-metals-ltd","https:\/\/www.youtube.com\/@MakicoMetalsLtdCY","https:\/\/www.instagram.com\/makicometals\/"]}]}},"_links":{"self":[{"href":"https:\/\/www.makico.net\/fr\/wp-json\/wp\/v2\/pages\/6041","targetHints":{"allow":["GET"]}}],"collection":[{"href":"https:\/\/www.makico.net\/fr\/wp-json\/wp\/v2\/pages"}],"about":[{"href":"https:\/\/www.makico.net\/fr\/wp-json\/wp\/v2\/types\/page"}],"author":[{"embeddable":true,"href":"https:\/\/www.makico.net\/fr\/wp-json\/wp\/v2\/users\/1"}],"replies":[{"embeddable":true,"href":"https:\/\/www.makico.net\/fr\/wp-json\/wp\/v2\/comments?post=6041"}],"version-history":[{"count":5,"href":"https:\/\/www.makico.net\/fr\/wp-json\/wp\/v2\/pages\/6041\/revisions"}],"predecessor-version":[{"id":6864,"href":"https:\/\/www.makico.net\/fr\/wp-json\/wp\/v2\/pages\/6041\/revisions\/6864"}],"wp:attachment":[{"href":"https:\/\/www.makico.net\/fr\/wp-json\/wp\/v2\/media?parent=6041"}],"curies":[{"name":"wp","href":"https:\/\/api.w.org\/{rel}","templated":true}]}}