{"id":6058,"date":"2023-08-09T14:22:56","date_gmt":"2023-08-09T11:22:56","guid":{"rendered":"https:\/\/www.makico.net\/accreditations-awards\/"},"modified":"2024-02-12T10:43:32","modified_gmt":"2024-02-12T07:43:32","slug":"accreditations-et-recompenses","status":"publish","type":"page","link":"https:\/\/www.makico.net\/fr\/accreditations-et-recompenses\/","title":{"rendered":"Accr\u00e9ditations et r\u00e9compenses"},"content":{"rendered":"\t\t<div data-elementor-type=\"wp-page\" data-elementor-id=\"6058\" class=\"elementor elementor-6058 elementor-2690\">\n\t\t\t\t\t\t<section class=\"elementor-section elementor-top-section elementor-element elementor-element-bb5ee32 elementor-section-boxed elementor-section-height-default elementor-section-height-default\" data-id=\"bb5ee32\" data-element_type=\"section\">\n\t\t\t\t\t\t<div class=\"elementor-container elementor-column-gap-no\">\n\t\t\t\t\t<div class=\"elementor-column elementor-col-100 elementor-top-column elementor-element elementor-element-c59ed53\" data-id=\"c59ed53\" data-element_type=\"column\">\n\t\t\t<div class=\"elementor-widget-wrap elementor-element-populated\">\n\t\t\t\t\t\t<section class=\"elementor-section elementor-inner-section elementor-element elementor-element-e4a7c80 elementor-section-full_width elementor-section-height-default elementor-section-height-default\" data-id=\"e4a7c80\" data-element_type=\"section\">\n\t\t\t\t\t\t<div class=\"elementor-container elementor-column-gap-no\">\n\t\t\t\t\t<div class=\"elementor-column elementor-col-50 elementor-inner-column elementor-element elementor-element-be6dd5b\" data-id=\"be6dd5b\" data-element_type=\"column\">\n\t\t\t<div class=\"elementor-widget-wrap elementor-element-populated\">\n\t\t\t\t\t\t<div class=\"elementor-element elementor-element-d1b0c73 elementor-widget elementor-widget-ruffergroupimage\" data-id=\"d1b0c73\" data-element_type=\"widget\" data-widget_type=\"ruffergroupimage.default\">\n\t\t\t\t<div class=\"elementor-widget-container\">\n\t\t\t<div class=\"award-thumb\"><div class=\"thumb\"><img decoding=\"async\" src=\"https:\/\/www.makico.net\/wp-content\/uploads\/2023\/08\/accreditations.jpg\" alt=\"img\"><\/div><\/div>\t\t<\/div>\n\t\t\t\t<\/div>\n\t\t\t\t\t<\/div>\n\t\t<\/div>\n\t\t\t\t<div class=\"elementor-column elementor-col-50 elementor-inner-column elementor-element elementor-element-75117b7\" data-id=\"75117b7\" data-element_type=\"column\">\n\t\t\t<div class=\"elementor-widget-wrap elementor-element-populated\">\n\t\t\t\t\t\t<div class=\"elementor-element elementor-element-04cc9bc elementor-widget elementor-widget-ruffersectiontitle\" data-id=\"04cc9bc\" data-element_type=\"widget\" data-widget_type=\"ruffersectiontitle.default\">\n\t\t\t\t<div class=\"elementor-widget-container\">\n\t\t\t<div class=\"title-area-wrap\"><div class=\"title-area mb-30\" ><h2 class=\"sec-title title-selector\">Certifi\u00e9 pour la r\u00e9alisation de projets de niche <\/h2><\/div><p class=\"desc-selector mt-n2 mb-30\"> Makico Metals Ltd est fier d'\u00eatre accr\u00e9dit\u00e9 par des organisations internationales qui r\u00e9glementent et inspectent toutes les op\u00e9rations et proc\u00e9dures. Ces certifications exigent la conformit\u00e9 dans tous les aspects du travail, de l'approvisionnement \u00e0 la livraison d'un projet, ainsi que tous les param\u00e8tres inclus et annexes.<\/p><\/div>\t\t<\/div>\n\t\t\t\t<\/div>\n\t\t\t\t\t<\/div>\n\t\t<\/div>\n\t\t\t\t\t<\/div>\n\t\t<\/section>\n\t\t\t\t<div class=\"elementor-element elementor-element-65a8199 elementor-widget elementor-widget-spacer\" data-id=\"65a8199\" data-element_type=\"widget\" data-widget_type=\"spacer.default\">\n\t\t\t\t<div class=\"elementor-widget-container\">\n\t\t\t<style>\/*! elementor - v3.19.0 - 07-02-2024 *\/\n.elementor-column .elementor-spacer-inner{height:var(--spacer-size)}.e-con{--container-widget-width:100%}.e-con-inner>.elementor-widget-spacer,.e-con>.elementor-widget-spacer{width:var(--container-widget-width,var(--spacer-size));--align-self:var(--container-widget-align-self,initial);--flex-shrink:0}.e-con-inner>.elementor-widget-spacer>.elementor-widget-container,.e-con>.elementor-widget-spacer>.elementor-widget-container{height:100%;width:100%}.e-con-inner>.elementor-widget-spacer>.elementor-widget-container>.elementor-spacer,.e-con>.elementor-widget-spacer>.elementor-widget-container>.elementor-spacer{height:100%}.e-con-inner>.elementor-widget-spacer>.elementor-widget-container>.elementor-spacer>.elementor-spacer-inner,.e-con>.elementor-widget-spacer>.elementor-widget-container>.elementor-spacer>.elementor-spacer-inner{height:var(--container-widget-height,var(--spacer-size))}.e-con-inner>.elementor-widget-spacer.elementor-widget-empty,.e-con>.elementor-widget-spacer.elementor-widget-empty{position:relative;min-height:22px;min-width:22px}.e-con-inner>.elementor-widget-spacer.elementor-widget-empty .elementor-widget-empty-icon,.e-con>.elementor-widget-spacer.elementor-widget-empty .elementor-widget-empty-icon{position:absolute;top:0;bottom:0;left:0;right:0;margin:auto;padding:0;width:22px;height:22px}<\/style>\t\t<div class=\"elementor-spacer\">\n\t\t\t<div class=\"elementor-spacer-inner\"><\/div>\n\t\t<\/div>\n\t\t\t\t<\/div>\n\t\t\t\t<\/div>\n\t\t\t\t<div class=\"elementor-element elementor-element-6fcacc7 elementor-widget elementor-widget-image-carousel\" data-id=\"6fcacc7\" data-element_type=\"widget\" data-settings=\"{&quot;slides_to_show&quot;:&quot;4&quot;,&quot;slides_to_scroll&quot;:&quot;1&quot;,&quot;navigation&quot;:&quot;none&quot;,&quot;autoplay&quot;:&quot;yes&quot;,&quot;pause_on_hover&quot;:&quot;yes&quot;,&quot;pause_on_interaction&quot;:&quot;yes&quot;,&quot;autoplay_speed&quot;:5000,&quot;infinite&quot;:&quot;yes&quot;,&quot;speed&quot;:500}\" data-widget_type=\"image-carousel.default\">\n\t\t\t\t<div class=\"elementor-widget-container\">\n\t\t\t<style>\/*! elementor - v3.19.0 - 07-02-2024 *\/\n.elementor-widget-image-carousel .swiper,.elementor-widget-image-carousel .swiper-container{position:static}.elementor-widget-image-carousel .swiper-container .swiper-slide figure,.elementor-widget-image-carousel .swiper .swiper-slide figure{line-height:inherit}.elementor-widget-image-carousel .swiper-slide{text-align:center}.elementor-image-carousel-wrapper:not(.swiper-container-initialized):not(.swiper-initialized) .swiper-slide{max-width:calc(100% \/ var(--e-image-carousel-slides-to-show, 3))}<\/style>\t\t<div class=\"elementor-image-carousel-wrapper swiper\" dir=\"ltr\">\n\t\t\t<div class=\"elementor-image-carousel swiper-wrapper\" aria-live=\"off\">\n\t\t\t\t\t\t\t\t<div class=\"swiper-slide\" role=\"group\" aria-roledescription=\"slide\" aria-label=\"1 sur 4\"><figure class=\"swiper-slide-inner\"><img decoding=\"async\" class=\"swiper-slide-image\" src=\"https:\/\/www.makico.net\/wp-content\/uploads\/2023\/08\/conformity.png\" alt=\"EN 1090 CE - Conformity assessment for structural components\" \/><figcaption class=\"elementor-image-carousel-caption\">EN 1090 CE - Conformity assessment for structural components<\/figcaption><\/figure><\/div><div class=\"swiper-slide\" role=\"group\" aria-roledescription=\"slide\" aria-label=\"2 sur 4\"><figure class=\"swiper-slide-inner\"><img decoding=\"async\" class=\"swiper-slide-image\" src=\"https:\/\/www.makico.net\/wp-content\/uploads\/2023\/08\/enviromental-management-system.png\" alt=\"ISO 14001- Environmental management system\" \/><figcaption class=\"elementor-image-carousel-caption\">ISO 14001- Environmental management system<\/figcaption><\/figure><\/div><div class=\"swiper-slide\" role=\"group\" aria-roledescription=\"slide\" aria-label=\"3 sur 4\"><figure class=\"swiper-slide-inner\"><img decoding=\"async\" class=\"swiper-slide-image\" src=\"https:\/\/www.makico.net\/wp-content\/uploads\/2023\/10\/iso9001.png\" alt=\"ISO 9001-Quality Management\" \/><figcaption class=\"elementor-image-carousel-caption\">ISO 9001-Quality Management<\/figcaption><\/figure><\/div><div class=\"swiper-slide\" role=\"group\" aria-roledescription=\"slide\" aria-label=\"4 sur 4\"><figure class=\"swiper-slide-inner\"><img decoding=\"async\" class=\"swiper-slide-image\" src=\"https:\/\/www.makico.net\/wp-content\/uploads\/2023\/08\/iso45001.png\" alt=\"ISO 45001- Occupational health and safety\" \/><figcaption class=\"elementor-image-carousel-caption\">ISO 45001- Occupational health and safety<\/figcaption><\/figure><\/div>\t\t\t<\/div>\n\t\t\t\t\t\t\t\n\t\t\t\t\t\t\t\t\t<\/div>\n\t\t\t\t<\/div>\n\t\t\t\t<\/div>\n\t\t\t\t<div class=\"elementor-element elementor-element-5839d95 elementor-widget elementor-widget-spacer\" data-id=\"5839d95\" data-element_type=\"widget\" data-widget_type=\"spacer.default\">\n\t\t\t\t<div class=\"elementor-widget-container\">\n\t\t\t\t\t<div class=\"elementor-spacer\">\n\t\t\t<div class=\"elementor-spacer-inner\"><\/div>\n\t\t<\/div>\n\t\t\t\t<\/div>\n\t\t\t\t<\/div>\n\t\t\t\t<section class=\"elementor-section elementor-inner-section elementor-element elementor-element-19ffdd6 elementor-section-boxed elementor-section-height-default elementor-section-height-default\" data-id=\"19ffdd6\" data-element_type=\"section\">\n\t\t\t\t\t\t<div class=\"elementor-container elementor-column-gap-default\">\n\t\t\t\t\t<div class=\"elementor-column elementor-col-50 elementor-inner-column elementor-element elementor-element-0fcedf7\" data-id=\"0fcedf7\" data-element_type=\"column\">\n\t\t\t<div class=\"elementor-widget-wrap elementor-element-populated\">\n\t\t\t\t\t\t<div class=\"elementor-element elementor-element-5b75b04 elementor-widget elementor-widget-heading\" data-id=\"5b75b04\" data-element_type=\"widget\" data-widget_type=\"heading.default\">\n\t\t\t\t<div class=\"elementor-widget-container\">\n\t\t\t<style>\/*! elementor - v3.19.0 - 07-02-2024 *\/\n.elementor-heading-title{padding:0;margin:0;line-height:1}.elementor-widget-heading .elementor-heading-title[class*=elementor-size-]>a{color:inherit;font-size:inherit;line-height:inherit}.elementor-widget-heading .elementor-heading-title.elementor-size-small{font-size:15px}.elementor-widget-heading .elementor-heading-title.elementor-size-medium{font-size:19px}.elementor-widget-heading .elementor-heading-title.elementor-size-large{font-size:29px}.elementor-widget-heading .elementor-heading-title.elementor-size-xl{font-size:39px}.elementor-widget-heading .elementor-heading-title.elementor-size-xxl{font-size:59px}<\/style><h2 class=\"elementor-heading-title elementor-size-default\">Reconnaissance<\/h2>\t\t<\/div>\n\t\t\t\t<\/div>\n\t\t\t\t<div class=\"elementor-element elementor-element-6360d0f elementor-widget elementor-widget-text-editor\" data-id=\"6360d0f\" data-element_type=\"widget\" data-widget_type=\"text-editor.default\">\n\t\t\t\t<div class=\"elementor-widget-container\">\n\t\t\t<style>\/*! elementor - v3.19.0 - 07-02-2024 *\/\n.elementor-widget-text-editor.elementor-drop-cap-view-stacked .elementor-drop-cap{background-color:#69727d;color:#fff}.elementor-widget-text-editor.elementor-drop-cap-view-framed .elementor-drop-cap{color:#69727d;border:3px solid;background-color:transparent}.elementor-widget-text-editor:not(.elementor-drop-cap-view-default) .elementor-drop-cap{margin-top:8px}.elementor-widget-text-editor:not(.elementor-drop-cap-view-default) .elementor-drop-cap-letter{width:1em;height:1em}.elementor-widget-text-editor .elementor-drop-cap{float:left;text-align:center;line-height:1;font-size:50px}.elementor-widget-text-editor .elementor-drop-cap-letter{display:inline-block}<\/style>\t\t\t\t<p>Chaque prix que nous recevons est une reconnaissance que nous sommes sur la bonne voie, mais il nous inspire \u00e9galement et accro\u00eet notre responsabilit\u00e9 de maintenir notre bon travail.<\/p>\t\t\t\t\t\t<\/div>\n\t\t\t\t<\/div>\n\t\t\t\t<div class=\"elementor-element elementor-element-efb8cfd elementor-widget elementor-widget-image\" data-id=\"efb8cfd\" data-element_type=\"widget\" data-widget_type=\"image.default\">\n\t\t\t\t<div class=\"elementor-widget-container\">\n\t\t\t<style>\/*! elementor - v3.19.0 - 07-02-2024 *\/\n.elementor-widget-image{text-align:center}.elementor-widget-image a{display:inline-block}.elementor-widget-image a img[src$=\".svg\"]{width:48px}.elementor-widget-image img{vertical-align:middle;display:inline-block}<\/style>\t\t\t\t\t\t\t\t\t\t<img fetchpriority=\"high\" decoding=\"async\" width=\"562\" height=\"171\" src=\"https:\/\/www.makico.net\/wp-content\/uploads\/2023\/10\/iso1.jpg\" class=\"attachment-large size-large wp-image-4977\" alt=\"\" srcset=\"https:\/\/www.makico.net\/wp-content\/uploads\/2023\/10\/iso1.jpg 562w, https:\/\/www.makico.net\/wp-content\/uploads\/2023\/10\/iso1-300x91.jpg 300w\" sizes=\"(max-width: 562px) 100vw, 562px\" \/>\t\t\t\t\t\t\t\t\t\t\t\t\t<\/div>\n\t\t\t\t<\/div>\n\t\t\t\t\t<\/div>\n\t\t<\/div>\n\t\t\t\t<div class=\"elementor-column elementor-col-50 elementor-inner-column elementor-element elementor-element-f01f8ae\" data-id=\"f01f8ae\" data-element_type=\"column\">\n\t\t\t<div class=\"elementor-widget-wrap elementor-element-populated\">\n\t\t\t\t\t\t<div class=\"elementor-element elementor-element-daea18b elementor-widget elementor-widget-image\" data-id=\"daea18b\" data-element_type=\"widget\" data-widget_type=\"image.default\">\n\t\t\t\t<div class=\"elementor-widget-container\">\n\t\t\t\t\t\t\t\t\t\t\t\t\t<img decoding=\"async\" width=\"598\" height=\"433\" src=\"https:\/\/www.makico.net\/wp-content\/uploads\/2023\/10\/diploma-arxitektonikis.jpg\" class=\"attachment-full size-full wp-image-4183\" alt=\"\" srcset=\"https:\/\/www.makico.net\/wp-content\/uploads\/2023\/10\/diploma-arxitektonikis.jpg 598w, https:\/\/www.makico.net\/wp-content\/uploads\/2023\/10\/diploma-arxitektonikis-300x217.jpg 300w\" sizes=\"(max-width: 598px) 100vw, 598px\" \/>\t\t\t\t\t\t\t\t\t\t\t\t\t<\/div>\n\t\t\t\t<\/div>\n\t\t\t\t\t<\/div>\n\t\t<\/div>\n\t\t\t\t\t<\/div>\n\t\t<\/section>\n\t\t\t\t<div class=\"elementor-element elementor-element-f4fee8e elementor-widget elementor-widget-spacer\" data-id=\"f4fee8e\" data-element_type=\"widget\" data-widget_type=\"spacer.default\">\n\t\t\t\t<div class=\"elementor-widget-container\">\n\t\t\t\t\t<div class=\"elementor-spacer\">\n\t\t\t<div class=\"elementor-spacer-inner\"><\/div>\n\t\t<\/div>\n\t\t\t\t<\/div>\n\t\t\t\t<\/div>\n\t\t\t\t\t<\/div>\n\t\t<\/div>\n\t\t\t\t\t<\/div>\n\t\t<\/section>\n\t\t\t\t<section class=\"elementor-section elementor-top-section elementor-element elementor-element-66b1095 elementor-section-full_width elementor-section-height-default elementor-section-height-default\" data-id=\"66b1095\" data-element_type=\"section\" data-settings=\"{&quot;background_background&quot;:&quot;classic&quot;}\">\n\t\t\t\t\t\t<div class=\"elementor-container elementor-column-gap-no\">\n\t\t\t\t\t<div class=\"elementor-column elementor-col-100 elementor-top-column elementor-element elementor-element-41e5fa6\" data-id=\"41e5fa6\" data-element_type=\"column\">\n\t\t\t<div class=\"elementor-widget-wrap elementor-element-populated\">\n\t\t\t\t\t\t<section class=\"elementor-section elementor-inner-section elementor-element elementor-element-460a1e8 elementor-section-boxed elementor-section-height-default elementor-section-height-default\" data-id=\"460a1e8\" data-element_type=\"section\">\n\t\t\t\t\t\t<div class=\"elementor-container elementor-column-gap-no\">\n\t\t\t\t\t<div class=\"elementor-column elementor-col-100 elementor-inner-column elementor-element elementor-element-db9dcf2\" data-id=\"db9dcf2\" data-element_type=\"column\">\n\t\t\t<div class=\"elementor-widget-wrap elementor-element-populated\">\n\t\t\t\t\t\t<div class=\"elementor-element elementor-element-588f31c cta-area-2 elementor-widget elementor-widget-text-editor\" data-id=\"588f31c\" data-element_type=\"widget\" data-widget_type=\"text-editor.default\">\n\t\t\t\t<div class=\"elementor-widget-container\">\n\t\t\t\t\t\t\t<div class=\"title-area mb-40\"><h2 class=\"sec-title text-white\">Contactez-nous d\u00e8s aujourd&#8217;hui pour des solutions de pointe et une expertise in\u00e9gal\u00e9e!<\/h2><\/div>\t\t\t\t\t\t<\/div>\n\t\t\t\t<\/div>\n\t\t\t\t<div class=\"elementor-element elementor-element-9917b21 elementor-widget__width-auto elementor-widget-mobile__width-inherit elementor-widget elementor-widget-rufferbutton\" data-id=\"9917b21\" data-element_type=\"widget\" data-widget_type=\"rufferbutton.default\">\n\t\t\t\t<div class=\"elementor-widget-container\">\n\t\t\t<!-- Button --><div class=\"btn-wrapper left\"><a class=\"th-btn style2\" href=\"\/fr\/contactez-nous\/\">Contactez-nous<i class=\"fa-regular fa-arrow-right ms-2\"><\/i><\/a><\/div><!-- End Button -->\t\t<\/div>\n\t\t\t\t<\/div>\n\t\t\t\t\t<\/div>\n\t\t<\/div>\n\t\t\t\t\t<\/div>\n\t\t<\/section>\n\t\t\t\t\t<\/div>\n\t\t<\/div>\n\t\t\t\t\t<\/div>\n\t\t<\/section>\n\t\t\t\t<\/div>\n\t\t","protected":false},"excerpt":{"rendered":"<p>Certifi\u00e9 pour la r\u00e9alisation de projets de niche Makico Metals Ltd est fier d&#8217;\u00eatre accr\u00e9dit\u00e9 par des organisations internationales qui r\u00e9glementent et inspectent toutes les op\u00e9rations et proc\u00e9dures. Ces certifications exigent la conformit\u00e9 dans tous les aspects du travail, de l&#8217;approvisionnement \u00e0 la livraison d&#8217;un projet, ainsi que tous les param\u00e8tres inclus et annexes. EN&#8230;<\/p>\n","protected":false},"author":1,"featured_media":0,"parent":0,"menu_order":0,"comment_status":"closed","ping_status":"closed","template":"template-builder.php","meta":{"footnotes":""},"class_list":["post-6058","page","type-page","status-publish","hentry"],"yoast_head":"<!-- This site is optimized with the Yoast SEO plugin v22.1 - https:\/\/yoast.com\/wordpress\/plugins\/seo\/ -->\n<title>Accr\u00e9ditations et r\u00e9compenses - Makico.net<\/title>\n<meta name=\"robots\" content=\"index, follow, max-snippet:-1, max-image-preview:large, max-video-preview:-1\" \/>\n<link rel=\"canonical\" href=\"https:\/\/www.makico.net\/fr\/accreditations-et-recompenses\/\" \/>\n<meta property=\"og:locale\" content=\"fr_FR\" \/>\n<meta property=\"og:type\" content=\"article\" \/>\n<meta property=\"og:title\" content=\"Accr\u00e9ditations et r\u00e9compenses - Makico.net\" \/>\n<meta property=\"og:description\" content=\"Certifi\u00e9 pour la r\u00e9alisation de projets de niche Makico Metals Ltd est fier d&#8217;\u00eatre accr\u00e9dit\u00e9 par des organisations internationales qui r\u00e9glementent et inspectent toutes les op\u00e9rations et proc\u00e9dures. Ces certifications exigent la conformit\u00e9 dans tous les aspects du travail, de l&#8217;approvisionnement \u00e0 la livraison d&#8217;un projet, ainsi que tous les param\u00e8tres inclus et annexes. EN...\" \/>\n<meta property=\"og:url\" content=\"https:\/\/www.makico.net\/fr\/accreditations-et-recompenses\/\" \/>\n<meta property=\"og:site_name\" content=\"Makico.net\" \/>\n<meta property=\"article:publisher\" content=\"https:\/\/www.facebook.com\/makico1987\/\" \/>\n<meta property=\"article:modified_time\" content=\"2024-02-12T07:43:32+00:00\" \/>\n<meta property=\"og:image\" content=\"https:\/\/www.makico.net\/wp-content\/uploads\/2023\/08\/accreditations.jpg\" \/>\n<meta name=\"twitter:card\" content=\"summary_large_image\" \/>\n<meta name=\"twitter:label1\" content=\"Dur\u00e9e de lecture estim\u00e9e\" \/>\n\t<meta name=\"twitter:data1\" content=\"1 minute\" \/>\n<script type=\"application\/ld+json\" class=\"yoast-schema-graph\">{\"@context\":\"https:\/\/schema.org\",\"@graph\":[{\"@type\":\"WebPage\",\"@id\":\"https:\/\/www.makico.net\/fr\/accreditations-et-recompenses\/\",\"url\":\"https:\/\/www.makico.net\/fr\/accreditations-et-recompenses\/\",\"name\":\"Accr\u00e9ditations et r\u00e9compenses - Makico.net\",\"isPartOf\":{\"@id\":\"https:\/\/www.makico.net\/fr\/#website\"},\"datePublished\":\"2023-08-09T11:22:56+00:00\",\"dateModified\":\"2024-02-12T07:43:32+00:00\",\"breadcrumb\":{\"@id\":\"https:\/\/www.makico.net\/fr\/accreditations-et-recompenses\/#breadcrumb\"},\"inLanguage\":\"fr-FR\",\"potentialAction\":[{\"@type\":\"ReadAction\",\"target\":[\"https:\/\/www.makico.net\/fr\/accreditations-et-recompenses\/\"]}]},{\"@type\":\"BreadcrumbList\",\"@id\":\"https:\/\/www.makico.net\/fr\/accreditations-et-recompenses\/#breadcrumb\",\"itemListElement\":[{\"@type\":\"ListItem\",\"position\":1,\"name\":\"Home\",\"item\":\"https:\/\/www.makico.net\/fr\/\"},{\"@type\":\"ListItem\",\"position\":2,\"name\":\"Accr\u00e9ditations et r\u00e9compenses\"}]},{\"@type\":\"WebSite\",\"@id\":\"https:\/\/www.makico.net\/fr\/#website\",\"url\":\"https:\/\/www.makico.net\/fr\/\",\"name\":\"Makico.net\",\"description\":\"\",\"publisher\":{\"@id\":\"https:\/\/www.makico.net\/fr\/#organization\"},\"potentialAction\":[{\"@type\":\"SearchAction\",\"target\":{\"@type\":\"EntryPoint\",\"urlTemplate\":\"https:\/\/www.makico.net\/fr\/?s={search_term_string}\"},\"query-input\":\"required name=search_term_string\"}],\"inLanguage\":\"fr-FR\"},{\"@type\":\"Organization\",\"@id\":\"https:\/\/www.makico.net\/fr\/#organization\",\"name\":\"Makico\",\"url\":\"https:\/\/www.makico.net\/fr\/\",\"logo\":{\"@type\":\"ImageObject\",\"inLanguage\":\"fr-FR\",\"@id\":\"https:\/\/www.makico.net\/fr\/#\/schema\/logo\/image\/\",\"url\":\"https:\/\/www.makico.net\/wp-content\/uploads\/2024\/02\/makico-logo.jpg\",\"contentUrl\":\"https:\/\/www.makico.net\/wp-content\/uploads\/2024\/02\/makico-logo.jpg\",\"width\":696,\"height\":696,\"caption\":\"Makico\"},\"image\":{\"@id\":\"https:\/\/www.makico.net\/fr\/#\/schema\/logo\/image\/\"},\"sameAs\":[\"https:\/\/www.facebook.com\/makico1987\/\",\"https:\/\/www.linkedin.com\/company\/makico-metals-ltd\",\"https:\/\/www.youtube.com\/@MakicoMetalsLtdCY\",\"https:\/\/www.instagram.com\/makicometals\/\"]}]}<\/script>\n<!-- \/ Yoast SEO plugin. -->","yoast_head_json":{"title":"Accr\u00e9ditations et r\u00e9compenses - Makico.net","robots":{"index":"index","follow":"follow","max-snippet":"max-snippet:-1","max-image-preview":"max-image-preview:large","max-video-preview":"max-video-preview:-1"},"canonical":"https:\/\/www.makico.net\/fr\/accreditations-et-recompenses\/","og_locale":"fr_FR","og_type":"article","og_title":"Accr\u00e9ditations et r\u00e9compenses - Makico.net","og_description":"Certifi\u00e9 pour la r\u00e9alisation de projets de niche Makico Metals Ltd est fier d&#8217;\u00eatre accr\u00e9dit\u00e9 par des organisations internationales qui r\u00e9glementent et inspectent toutes les op\u00e9rations et proc\u00e9dures. Ces certifications exigent la conformit\u00e9 dans tous les aspects du travail, de l&#8217;approvisionnement \u00e0 la livraison d&#8217;un projet, ainsi que tous les param\u00e8tres inclus et annexes. EN...","og_url":"https:\/\/www.makico.net\/fr\/accreditations-et-recompenses\/","og_site_name":"Makico.net","article_publisher":"https:\/\/www.facebook.com\/makico1987\/","article_modified_time":"2024-02-12T07:43:32+00:00","og_image":[{"url":"https:\/\/www.makico.net\/wp-content\/uploads\/2023\/08\/accreditations.jpg"}],"twitter_card":"summary_large_image","twitter_misc":{"Dur\u00e9e de lecture estim\u00e9e":"1 minute"},"schema":{"@context":"https:\/\/schema.org","@graph":[{"@type":"WebPage","@id":"https:\/\/www.makico.net\/fr\/accreditations-et-recompenses\/","url":"https:\/\/www.makico.net\/fr\/accreditations-et-recompenses\/","name":"Accr\u00e9ditations et r\u00e9compenses - Makico.net","isPartOf":{"@id":"https:\/\/www.makico.net\/fr\/#website"},"datePublished":"2023-08-09T11:22:56+00:00","dateModified":"2024-02-12T07:43:32+00:00","breadcrumb":{"@id":"https:\/\/www.makico.net\/fr\/accreditations-et-recompenses\/#breadcrumb"},"inLanguage":"fr-FR","potentialAction":[{"@type":"ReadAction","target":["https:\/\/www.makico.net\/fr\/accreditations-et-recompenses\/"]}]},{"@type":"BreadcrumbList","@id":"https:\/\/www.makico.net\/fr\/accreditations-et-recompenses\/#breadcrumb","itemListElement":[{"@type":"ListItem","position":1,"name":"Home","item":"https:\/\/www.makico.net\/fr\/"},{"@type":"ListItem","position":2,"name":"Accr\u00e9ditations et r\u00e9compenses"}]},{"@type":"WebSite","@id":"https:\/\/www.makico.net\/fr\/#website","url":"https:\/\/www.makico.net\/fr\/","name":"Makico.net","description":"","publisher":{"@id":"https:\/\/www.makico.net\/fr\/#organization"},"potentialAction":[{"@type":"SearchAction","target":{"@type":"EntryPoint","urlTemplate":"https:\/\/www.makico.net\/fr\/?s={search_term_string}"},"query-input":"required name=search_term_string"}],"inLanguage":"fr-FR"},{"@type":"Organization","@id":"https:\/\/www.makico.net\/fr\/#organization","name":"Makico","url":"https:\/\/www.makico.net\/fr\/","logo":{"@type":"ImageObject","inLanguage":"fr-FR","@id":"https:\/\/www.makico.net\/fr\/#\/schema\/logo\/image\/","url":"https:\/\/www.makico.net\/wp-content\/uploads\/2024\/02\/makico-logo.jpg","contentUrl":"https:\/\/www.makico.net\/wp-content\/uploads\/2024\/02\/makico-logo.jpg","width":696,"height":696,"caption":"Makico"},"image":{"@id":"https:\/\/www.makico.net\/fr\/#\/schema\/logo\/image\/"},"sameAs":["https:\/\/www.facebook.com\/makico1987\/","https:\/\/www.linkedin.com\/company\/makico-metals-ltd","https:\/\/www.youtube.com\/@MakicoMetalsLtdCY","https:\/\/www.instagram.com\/makicometals\/"]}]}},"_links":{"self":[{"href":"https:\/\/www.makico.net\/fr\/wp-json\/wp\/v2\/pages\/6058","targetHints":{"allow":["GET"]}}],"collection":[{"href":"https:\/\/www.makico.net\/fr\/wp-json\/wp\/v2\/pages"}],"about":[{"href":"https:\/\/www.makico.net\/fr\/wp-json\/wp\/v2\/types\/page"}],"author":[{"embeddable":true,"href":"https:\/\/www.makico.net\/fr\/wp-json\/wp\/v2\/users\/1"}],"replies":[{"embeddable":true,"href":"https:\/\/www.makico.net\/fr\/wp-json\/wp\/v2\/comments?post=6058"}],"version-history":[{"count":17,"href":"https:\/\/www.makico.net\/fr\/wp-json\/wp\/v2\/pages\/6058\/revisions"}],"predecessor-version":[{"id":6637,"href":"https:\/\/www.makico.net\/fr\/wp-json\/wp\/v2\/pages\/6058\/revisions\/6637"}],"wp:attachment":[{"href":"https:\/\/www.makico.net\/fr\/wp-json\/wp\/v2\/media?parent=6058"}],"curies":[{"name":"wp","href":"https:\/\/api.w.org\/{rel}","templated":true}]}}