{"id":6115,"date":"2023-05-11T08:46:00","date_gmt":"2023-05-11T05:46:00","guid":{"rendered":"https:\/\/www.makico.net\/services\/"},"modified":"2024-01-29T15:04:33","modified_gmt":"2024-01-29T12:04:33","slug":"services","status":"publish","type":"page","link":"https:\/\/www.makico.net\/fr\/services\/","title":{"rendered":"Services"},"content":{"rendered":"\t\t<div data-elementor-type=\"wp-page\" data-elementor-id=\"6115\" class=\"elementor elementor-6115 elementor-420\">\n\t\t\t\t\t\t<section class=\"elementor-section elementor-top-section elementor-element elementor-element-f9c603b elementor-section-boxed elementor-section-height-default elementor-section-height-default\" data-id=\"f9c603b\" data-element_type=\"section\">\n\t\t\t\t\t\t<div class=\"elementor-container elementor-column-gap-no\">\n\t\t\t\t\t<div class=\"elementor-column elementor-col-100 elementor-top-column elementor-element elementor-element-66cc6ac\" data-id=\"66cc6ac\" data-element_type=\"column\">\n\t\t\t<div class=\"elementor-widget-wrap elementor-element-populated\">\n\t\t\t\t\t\t<section class=\"elementor-section elementor-inner-section elementor-element elementor-element-3a25bf4 elementor-section-boxed elementor-section-height-default elementor-section-height-default\" data-id=\"3a25bf4\" data-element_type=\"section\">\n\t\t\t\t\t\t<div class=\"elementor-container elementor-column-gap-default\">\n\t\t\t\t\t<div class=\"elementor-column elementor-col-50 elementor-inner-column elementor-element elementor-element-67b1c50\" data-id=\"67b1c50\" data-element_type=\"column\">\n\t\t\t<div class=\"elementor-widget-wrap elementor-element-populated\">\n\t\t\t\t\t\t<div class=\"elementor-element elementor-element-f4f9911 elementor-widget elementor-widget-image\" data-id=\"f4f9911\" data-element_type=\"widget\" data-widget_type=\"image.default\">\n\t\t\t\t<div class=\"elementor-widget-container\">\n\t\t\t<style>\/*! elementor - v3.19.0 - 07-02-2024 *\/\n.elementor-widget-image{text-align:center}.elementor-widget-image a{display:inline-block}.elementor-widget-image a img[src$=\".svg\"]{width:48px}.elementor-widget-image img{vertical-align:middle;display:inline-block}<\/style>\t\t\t\t\t\t\t\t\t\t<img fetchpriority=\"high\" decoding=\"async\" width=\"892\" height=\"449\" src=\"https:\/\/www.makico.net\/wp-content\/uploads\/2023\/08\/detailing-rendering.jpg\" class=\"attachment-full size-full wp-image-2776\" alt=\"\" srcset=\"https:\/\/www.makico.net\/wp-content\/uploads\/2023\/08\/detailing-rendering.jpg 892w, https:\/\/www.makico.net\/wp-content\/uploads\/2023\/08\/detailing-rendering-300x151.jpg 300w, https:\/\/www.makico.net\/wp-content\/uploads\/2023\/08\/detailing-rendering-768x387.jpg 768w\" sizes=\"(max-width: 892px) 100vw, 892px\" \/>\t\t\t\t\t\t\t\t\t\t\t\t\t<\/div>\n\t\t\t\t<\/div>\n\t\t\t\t\t<\/div>\n\t\t<\/div>\n\t\t\t\t<div class=\"elementor-column elementor-col-50 elementor-inner-column elementor-element elementor-element-4a48241\" data-id=\"4a48241\" data-element_type=\"column\">\n\t\t\t<div class=\"elementor-widget-wrap elementor-element-populated\">\n\t\t\t\t\t\t<div class=\"elementor-element elementor-element-de2d2dd elementor-widget elementor-widget-text-editor\" data-id=\"de2d2dd\" data-element_type=\"widget\" data-widget_type=\"text-editor.default\">\n\t\t\t\t<div class=\"elementor-widget-container\">\n\t\t\t<style>\/*! elementor - v3.19.0 - 07-02-2024 *\/\n.elementor-widget-text-editor.elementor-drop-cap-view-stacked .elementor-drop-cap{background-color:#69727d;color:#fff}.elementor-widget-text-editor.elementor-drop-cap-view-framed .elementor-drop-cap{color:#69727d;border:3px solid;background-color:transparent}.elementor-widget-text-editor:not(.elementor-drop-cap-view-default) .elementor-drop-cap{margin-top:8px}.elementor-widget-text-editor:not(.elementor-drop-cap-view-default) .elementor-drop-cap-letter{width:1em;height:1em}.elementor-widget-text-editor .elementor-drop-cap{float:left;text-align:center;line-height:1;font-size:50px}.elementor-widget-text-editor .elementor-drop-cap-letter{display:inline-block}<\/style>\t\t\t\t<h2>D\u00e9tails\/Rendu<\/h2><p>La mod\u00e9lisation d\u00e9taill\u00e9e est une partie essentielle du processus. Elle sert de guide r\u00e9el pour la fabrication et l&#8217;assemblage de toutes les pi\u00e8ces n\u00e9cessaires. Gr\u00e2ce \u00e0 l&#8217;utilisation des syst\u00e8mes CAD\/CAM et BIM, une pr\u00e9cision maximale est atteinte pour l&#8217;ex\u00e9cution par la machine CNC.<\/p>\t\t\t\t\t\t<\/div>\n\t\t\t\t<\/div>\n\t\t\t\t\t<\/div>\n\t\t<\/div>\n\t\t\t\t\t<\/div>\n\t\t<\/section>\n\t\t\t\t<div class=\"elementor-element elementor-element-74a6e1d elementor-widget elementor-widget-spacer\" data-id=\"74a6e1d\" data-element_type=\"widget\" data-widget_type=\"spacer.default\">\n\t\t\t\t<div class=\"elementor-widget-container\">\n\t\t\t<style>\/*! elementor - v3.19.0 - 07-02-2024 *\/\n.elementor-column .elementor-spacer-inner{height:var(--spacer-size)}.e-con{--container-widget-width:100%}.e-con-inner>.elementor-widget-spacer,.e-con>.elementor-widget-spacer{width:var(--container-widget-width,var(--spacer-size));--align-self:var(--container-widget-align-self,initial);--flex-shrink:0}.e-con-inner>.elementor-widget-spacer>.elementor-widget-container,.e-con>.elementor-widget-spacer>.elementor-widget-container{height:100%;width:100%}.e-con-inner>.elementor-widget-spacer>.elementor-widget-container>.elementor-spacer,.e-con>.elementor-widget-spacer>.elementor-widget-container>.elementor-spacer{height:100%}.e-con-inner>.elementor-widget-spacer>.elementor-widget-container>.elementor-spacer>.elementor-spacer-inner,.e-con>.elementor-widget-spacer>.elementor-widget-container>.elementor-spacer>.elementor-spacer-inner{height:var(--container-widget-height,var(--spacer-size))}.e-con-inner>.elementor-widget-spacer.elementor-widget-empty,.e-con>.elementor-widget-spacer.elementor-widget-empty{position:relative;min-height:22px;min-width:22px}.e-con-inner>.elementor-widget-spacer.elementor-widget-empty .elementor-widget-empty-icon,.e-con>.elementor-widget-spacer.elementor-widget-empty .elementor-widget-empty-icon{position:absolute;top:0;bottom:0;left:0;right:0;margin:auto;padding:0;width:22px;height:22px}<\/style>\t\t<div class=\"elementor-spacer\">\n\t\t\t<div class=\"elementor-spacer-inner\"><\/div>\n\t\t<\/div>\n\t\t\t\t<\/div>\n\t\t\t\t<\/div>\n\t\t\t\t<section class=\"elementor-section elementor-inner-section elementor-element elementor-element-6155bda elementor-section-boxed elementor-section-height-default elementor-section-height-default\" data-id=\"6155bda\" data-element_type=\"section\">\n\t\t\t\t\t\t<div class=\"elementor-container elementor-column-gap-default\">\n\t\t\t\t\t<div class=\"elementor-column elementor-col-50 elementor-inner-column elementor-element elementor-element-885b2d0\" data-id=\"885b2d0\" data-element_type=\"column\">\n\t\t\t<div class=\"elementor-widget-wrap elementor-element-populated\">\n\t\t\t\t\t\t<div class=\"elementor-element elementor-element-86da1b1 elementor-widget elementor-widget-text-editor\" data-id=\"86da1b1\" data-element_type=\"widget\" data-widget_type=\"text-editor.default\">\n\t\t\t\t<div class=\"elementor-widget-container\">\n\t\t\t\t\t\t\t<h2>Fabrication\/Construction<\/h2><p>Avec toutes les informations saisies, les proc\u00e9dures automatis\u00e9es de per\u00e7age, de d\u00e9coupe et de soudage transforment les mat\u00e9riaux en composants de haute qualit\u00e9 et efficaces de la structure en acier du projet. R\u00e9silience et minimum de d\u00e9chets.<\/p>\t\t\t\t\t\t<\/div>\n\t\t\t\t<\/div>\n\t\t\t\t\t<\/div>\n\t\t<\/div>\n\t\t\t\t<div class=\"elementor-column elementor-col-50 elementor-inner-column elementor-element elementor-element-68686ab\" data-id=\"68686ab\" data-element_type=\"column\">\n\t\t\t<div class=\"elementor-widget-wrap elementor-element-populated\">\n\t\t\t\t\t\t<div class=\"elementor-element elementor-element-b8835ca elementor-widget elementor-widget-image\" data-id=\"b8835ca\" data-element_type=\"widget\" data-widget_type=\"image.default\">\n\t\t\t\t<div class=\"elementor-widget-container\">\n\t\t\t\t\t\t\t\t\t\t\t\t\t<img decoding=\"async\" width=\"432\" height=\"236\" src=\"https:\/\/www.makico.net\/wp-content\/uploads\/2023\/08\/fabrication.jpg\" class=\"attachment-full size-full wp-image-2743\" alt=\"\" srcset=\"https:\/\/www.makico.net\/wp-content\/uploads\/2023\/08\/fabrication.jpg 432w, https:\/\/www.makico.net\/wp-content\/uploads\/2023\/08\/fabrication-300x164.jpg 300w\" sizes=\"(max-width: 432px) 100vw, 432px\" \/>\t\t\t\t\t\t\t\t\t\t\t\t\t<\/div>\n\t\t\t\t<\/div>\n\t\t\t\t\t<\/div>\n\t\t<\/div>\n\t\t\t\t\t<\/div>\n\t\t<\/section>\n\t\t\t\t<div class=\"elementor-element elementor-element-f7752b2 elementor-widget elementor-widget-spacer\" data-id=\"f7752b2\" data-element_type=\"widget\" data-widget_type=\"spacer.default\">\n\t\t\t\t<div class=\"elementor-widget-container\">\n\t\t\t\t\t<div class=\"elementor-spacer\">\n\t\t\t<div class=\"elementor-spacer-inner\"><\/div>\n\t\t<\/div>\n\t\t\t\t<\/div>\n\t\t\t\t<\/div>\n\t\t\t\t<section class=\"elementor-section elementor-inner-section elementor-element elementor-element-24ef2e3 elementor-section-boxed elementor-section-height-default elementor-section-height-default\" data-id=\"24ef2e3\" data-element_type=\"section\">\n\t\t\t\t\t\t<div class=\"elementor-container elementor-column-gap-default\">\n\t\t\t\t\t<div class=\"elementor-column elementor-col-50 elementor-inner-column elementor-element elementor-element-8d8a02c\" data-id=\"8d8a02c\" data-element_type=\"column\">\n\t\t\t<div class=\"elementor-widget-wrap elementor-element-populated\">\n\t\t\t\t\t\t<div class=\"elementor-element elementor-element-3b4f568 elementor-widget elementor-widget-image\" data-id=\"3b4f568\" data-element_type=\"widget\" data-widget_type=\"image.default\">\n\t\t\t\t<div class=\"elementor-widget-container\">\n\t\t\t\t\t\t\t\t\t\t\t\t\t<img decoding=\"async\" width=\"432\" height=\"284\" src=\"https:\/\/www.makico.net\/wp-content\/uploads\/2023\/08\/erection.jpg\" class=\"attachment-full size-full wp-image-2744\" alt=\"\" srcset=\"https:\/\/www.makico.net\/wp-content\/uploads\/2023\/08\/erection.jpg 432w, https:\/\/www.makico.net\/wp-content\/uploads\/2023\/08\/erection-300x197.jpg 300w, https:\/\/www.makico.net\/wp-content\/uploads\/2023\/08\/erection-410x270.jpg 410w\" sizes=\"(max-width: 432px) 100vw, 432px\" \/>\t\t\t\t\t\t\t\t\t\t\t\t\t<\/div>\n\t\t\t\t<\/div>\n\t\t\t\t\t<\/div>\n\t\t<\/div>\n\t\t\t\t<div class=\"elementor-column elementor-col-50 elementor-inner-column elementor-element elementor-element-477be9e\" data-id=\"477be9e\" data-element_type=\"column\">\n\t\t\t<div class=\"elementor-widget-wrap elementor-element-populated\">\n\t\t\t\t\t\t<div class=\"elementor-element elementor-element-3a7ce12 elementor-widget elementor-widget-text-editor\" data-id=\"3a7ce12\" data-element_type=\"widget\" data-widget_type=\"text-editor.default\">\n\t\t\t\t<div class=\"elementor-widget-container\">\n\t\t\t\t\t\t\t<h2>Montage\/Installation<\/h2><p>Nos \u00e9quipes de montage et d&#8217;assemblage donnent vie \u00e0 votre projet. Travaillant selon les normes les plus strictes en mati\u00e8re de sant\u00e9 et s\u00e9curit\u00e9 au travail, profitant de leur grande exp\u00e9rience sur les chantiers de construction ainsi que de notre arsenal de machines et d&#8217;appareils, chaque projet avance sans d\u00e9lai, toujours selon le plan pour respecter la date de remise cl\u00e9 en main. \u00c0 toutes les \u00e9tapes (pr\u00e9-construction, construction, post-livraison), Makico reste le partenaire responsable et accessible vers lequel se tourner.<\/p><p>During all stages (pre-construction, construction, post-delivery), Makico remains the accountable and open-door partner, to turn to.<\/p>\t\t\t\t\t\t<\/div>\n\t\t\t\t<\/div>\n\t\t\t\t\t<\/div>\n\t\t<\/div>\n\t\t\t\t\t<\/div>\n\t\t<\/section>\n\t\t\t\t\t<\/div>\n\t\t<\/div>\n\t\t\t\t\t<\/div>\n\t\t<\/section>\n\t\t\t\t<section class=\"elementor-section elementor-top-section elementor-element elementor-element-b6629d9 elementor-section-boxed elementor-section-height-default elementor-section-height-default\" data-id=\"b6629d9\" data-element_type=\"section\">\n\t\t\t\t\t\t<div class=\"elementor-container elementor-column-gap-no\">\n\t\t\t\t\t<div class=\"elementor-column elementor-col-100 elementor-top-column elementor-element elementor-element-86c0922\" data-id=\"86c0922\" data-element_type=\"column\">\n\t\t\t<div class=\"elementor-widget-wrap elementor-element-populated\">\n\t\t\t\t\t\t<section class=\"elementor-section elementor-inner-section elementor-element elementor-element-16d9cd7 elementor-section-full_width elementor-section-height-default elementor-section-height-default\" data-id=\"16d9cd7\" data-element_type=\"section\">\n\t\t\t\t\t\t<div class=\"elementor-container elementor-column-gap-no\">\n\t\t\t\t\t<div class=\"elementor-column elementor-col-100 elementor-inner-column elementor-element elementor-element-9cc733b\" data-id=\"9cc733b\" data-element_type=\"column\" data-settings=\"{&quot;background_background&quot;:&quot;classic&quot;}\">\n\t\t\t<div class=\"elementor-widget-wrap elementor-element-populated\">\n\t\t\t\t\t\t<div class=\"elementor-element elementor-element-c504e67 elementor-widget elementor-widget-ruffercounterup\" data-id=\"c504e67\" data-element_type=\"widget\" data-widget_type=\"ruffercounterup.default\">\n\t\t\t\t<div class=\"elementor-widget-container\">\n\t\t\t<div class=\"row gy-40 justify-content-between\"><div class=\"col-6 col-lg-auto counter-card-wrap\"><div class=\"counter-card\"><div class=\"counter-card_icon\"><img decoding=\"async\" src=\"https:\/\/themeholy.com\/wordpress\/ruffer\/wp-content\/uploads\/2023\/05\/counter_3_1.svg\" alt=\"Icon\"><\/div><div class=\"media-body\"><h2 class=\"counter-card_number\"><span class=\"counter-number\">36<\/span>+<\/h2><span class=\"counter-card_text\">Des ann\u00e9es d&#039;exp\u00e9rience<\/span><\/div><\/div><\/div><div class=\"col-6 col-lg-auto counter-card-wrap\"><div class=\"counter-card\"><div class=\"counter-card_icon\"><img decoding=\"async\" src=\"https:\/\/themeholy.com\/wordpress\/ruffer\/wp-content\/uploads\/2023\/05\/counter_3_2.svg\" alt=\"Icon\"><\/div><div class=\"media-body\"><h2 class=\"counter-card_number\"><span class=\"counter-number\">4<\/span>+<\/h2><span class=\"counter-card_text\">Accr\u00e9ditations re\u00e7ues<\/span><\/div><\/div><\/div><div class=\"col-6 col-lg-auto counter-card-wrap\"><div class=\"counter-card\"><div class=\"counter-card_icon\"><img decoding=\"async\" src=\"https:\/\/themeholy.com\/wordpress\/ruffer\/wp-content\/uploads\/2023\/05\/counter_3_3.svg\" alt=\"Icon\"><\/div><div class=\"media-body\"><h2 class=\"counter-card_number\"><span class=\"counter-number\">1000<\/span>+<\/h2><span class=\"counter-card_text\">Projets termin\u00e9s<\/span><\/div><\/div><\/div><div class=\"col-6 col-lg-auto counter-card-wrap\"><div class=\"counter-card\"><div class=\"counter-card_icon\"><img decoding=\"async\" src=\"https:\/\/themeholy.com\/wordpress\/ruffer\/wp-content\/uploads\/2023\/05\/counter_3_4.svg\" alt=\"Icon\"><\/div><div class=\"media-body\"><h2 class=\"counter-card_number\"><span class=\"counter-number\">1000<\/span>+<\/h2><span class=\"counter-card_text\">Clients satisfaits<\/span><\/div><\/div><\/div><\/div>\t\t<\/div>\n\t\t\t\t<\/div>\n\t\t\t\t\t<\/div>\n\t\t<\/div>\n\t\t\t\t\t<\/div>\n\t\t<\/section>\n\t\t\t\t\t<\/div>\n\t\t<\/div>\n\t\t\t\t\t<\/div>\n\t\t<\/section>\n\t\t\t\t<section class=\"elementor-section elementor-top-section elementor-element elementor-element-c104e45 elementor-section-full_width elementor-section-height-default elementor-section-height-default\" data-id=\"c104e45\" data-element_type=\"section\" data-settings=\"{&quot;background_background&quot;:&quot;classic&quot;}\">\n\t\t\t\t\t\t<div class=\"elementor-container elementor-column-gap-no\">\n\t\t\t\t\t<div class=\"elementor-column elementor-col-100 elementor-top-column elementor-element elementor-element-fa4e666\" data-id=\"fa4e666\" data-element_type=\"column\">\n\t\t\t<div class=\"elementor-widget-wrap elementor-element-populated\">\n\t\t\t\t\t\t<div class=\"elementor-element elementor-element-1e69151 elementor-widget elementor-widget-rufferwcu2\" data-id=\"1e69151\" data-element_type=\"widget\" data-widget_type=\"rufferwcu2.default\">\n\t\t\t\t<div class=\"elementor-widget-container\">\n\t\t\t<div class=\"why-sec-v3 position-relative space-bottom\"><div class=\"img-half img-right wcu-thumb-3\"><img decoding=\"async\" src=\"https:\/\/themeholy.com\/wordpress\/ruffer\/wp-content\/uploads\/2023\/05\/wcu-thumb3_1.png\" alt=\"img\"><\/div><div class=\"container\"><div class=\"row\"><div class=\"col-xxl-7 col-xl-8\"><div class=\"title-area mb-35\"><h2 class=\"sec-title text-white subtitle-selector\">La qualit\u00e9 pour tous\nStructure.<\/h2><\/div><div class=\"wcu-card-slider th-carousel row g-0\" data-slide-show=\"3\" data-ml-slide-show=\"3\" data-md-slide-show=\"3\" data-sm-slide-show=\"2\" data-dots=\"false\"><div class=\"col-sm-6\"><div class=\"wcu-card-wrap mt-10 bg-white\"><div class=\"wcu-card style3\"><div class=\"wcu-card_icon\"><img decoding=\"async\" src=\"https:\/\/www.makico.net\/wp-content\/uploads\/2023\/10\/fast.png\" alt=\"img\"><\/div><div class=\"wcu-card_details\"><h3 class=\"h5 wcu-card_title\"><a href=\"#\">D\u00e9lai de r\u00e9alisation rapide<\/a><\/h3><\/div><\/div><\/div><\/div><div class=\"col-sm-6\"><div class=\"wcu-card-wrap mt-10 bg-white\"><div class=\"wcu-card style3\"><div class=\"wcu-card_icon\"><img decoding=\"async\" src=\"https:\/\/www.makico.net\/wp-content\/uploads\/2023\/10\/quality.png\" alt=\"img\"><\/div><div class=\"wcu-card_details\"><h3 class=\"h5 wcu-card_title\"><a href=\"#\">Mat\u00e9riaux de haute qualit\u00e9, certifi\u00e9s<\/a><\/h3><\/div><\/div><\/div><\/div><div class=\"col-sm-6\"><div class=\"wcu-card-wrap mt-10 bg-white\"><div class=\"wcu-card style3\"><div class=\"wcu-card_icon\"><img decoding=\"async\" src=\"https:\/\/www.makico.net\/wp-content\/uploads\/2023\/10\/worders.png\" alt=\"img\"><\/div><div class=\"wcu-card_details\"><h3 class=\"h5 wcu-card_title\"><a href=\"#\">Main-d&#039;\u0153uvre professionnelle<\/a><\/h3><\/div><\/div><\/div><\/div><\/div><\/div><\/div><\/div><\/div>\t\t<\/div>\n\t\t\t\t<\/div>\n\t\t\t\t\t<\/div>\n\t\t<\/div>\n\t\t\t\t\t<\/div>\n\t\t<\/section>\n\t\t\t\t<\/div>\n\t\t","protected":false},"excerpt":{"rendered":"<p>D\u00e9tails\/Rendu La mod\u00e9lisation d\u00e9taill\u00e9e est une partie essentielle du processus. Elle sert de guide r\u00e9el pour la fabrication et l&#8217;assemblage de toutes les pi\u00e8ces n\u00e9cessaires. Gr\u00e2ce \u00e0 l&#8217;utilisation des syst\u00e8mes CAD\/CAM et BIM, une pr\u00e9cision maximale est atteinte pour l&#8217;ex\u00e9cution par la machine CNC. Fabrication\/Construction Avec toutes les informations saisies, les proc\u00e9dures automatis\u00e9es de per\u00e7age,&#8230;<\/p>\n","protected":false},"author":1,"featured_media":0,"parent":0,"menu_order":0,"comment_status":"closed","ping_status":"closed","template":"template-builder.php","meta":{"footnotes":""},"class_list":["post-6115","page","type-page","status-publish","hentry"],"yoast_head":"<!-- This site is optimized with the Yoast SEO plugin v22.1 - https:\/\/yoast.com\/wordpress\/plugins\/seo\/ -->\n<title>Services - Makico.net<\/title>\n<meta name=\"robots\" content=\"index, follow, max-snippet:-1, max-image-preview:large, max-video-preview:-1\" \/>\n<link rel=\"canonical\" href=\"https:\/\/www.makico.net\/fr\/services\/\" \/>\n<meta property=\"og:locale\" content=\"fr_FR\" \/>\n<meta property=\"og:type\" content=\"article\" \/>\n<meta property=\"og:title\" content=\"Services - Makico.net\" \/>\n<meta property=\"og:description\" content=\"D\u00e9tails\/Rendu La mod\u00e9lisation d\u00e9taill\u00e9e est une partie essentielle du processus. Elle sert de guide r\u00e9el pour la fabrication et l&#8217;assemblage de toutes les pi\u00e8ces n\u00e9cessaires. Gr\u00e2ce \u00e0 l&#8217;utilisation des syst\u00e8mes CAD\/CAM et BIM, une pr\u00e9cision maximale est atteinte pour l&#8217;ex\u00e9cution par la machine CNC. Fabrication\/Construction Avec toutes les informations saisies, les proc\u00e9dures automatis\u00e9es de per\u00e7age,...\" \/>\n<meta property=\"og:url\" content=\"https:\/\/www.makico.net\/fr\/services\/\" \/>\n<meta property=\"og:site_name\" content=\"Makico.net\" \/>\n<meta property=\"article:publisher\" content=\"https:\/\/www.facebook.com\/makico1987\/\" \/>\n<meta property=\"article:modified_time\" content=\"2024-01-29T12:04:33+00:00\" \/>\n<meta property=\"og:image\" content=\"https:\/\/www.makico.net\/wp-content\/uploads\/2023\/08\/detailing-rendering.jpg\" \/>\n<meta name=\"twitter:card\" content=\"summary_large_image\" \/>\n<meta name=\"twitter:label1\" content=\"Dur\u00e9e de lecture estim\u00e9e\" \/>\n\t<meta name=\"twitter:data1\" content=\"1 minute\" \/>\n<script type=\"application\/ld+json\" class=\"yoast-schema-graph\">{\"@context\":\"https:\/\/schema.org\",\"@graph\":[{\"@type\":\"WebPage\",\"@id\":\"https:\/\/www.makico.net\/fr\/services\/\",\"url\":\"https:\/\/www.makico.net\/fr\/services\/\",\"name\":\"Services - Makico.net\",\"isPartOf\":{\"@id\":\"https:\/\/www.makico.net\/fr\/#website\"},\"datePublished\":\"2023-05-11T05:46:00+00:00\",\"dateModified\":\"2024-01-29T12:04:33+00:00\",\"breadcrumb\":{\"@id\":\"https:\/\/www.makico.net\/fr\/services\/#breadcrumb\"},\"inLanguage\":\"fr-FR\",\"potentialAction\":[{\"@type\":\"ReadAction\",\"target\":[\"https:\/\/www.makico.net\/fr\/services\/\"]}]},{\"@type\":\"BreadcrumbList\",\"@id\":\"https:\/\/www.makico.net\/fr\/services\/#breadcrumb\",\"itemListElement\":[{\"@type\":\"ListItem\",\"position\":1,\"name\":\"Home\",\"item\":\"https:\/\/www.makico.net\/fr\/\"},{\"@type\":\"ListItem\",\"position\":2,\"name\":\"Services\"}]},{\"@type\":\"WebSite\",\"@id\":\"https:\/\/www.makico.net\/fr\/#website\",\"url\":\"https:\/\/www.makico.net\/fr\/\",\"name\":\"Makico.net\",\"description\":\"\",\"publisher\":{\"@id\":\"https:\/\/www.makico.net\/fr\/#organization\"},\"potentialAction\":[{\"@type\":\"SearchAction\",\"target\":{\"@type\":\"EntryPoint\",\"urlTemplate\":\"https:\/\/www.makico.net\/fr\/?s={search_term_string}\"},\"query-input\":\"required name=search_term_string\"}],\"inLanguage\":\"fr-FR\"},{\"@type\":\"Organization\",\"@id\":\"https:\/\/www.makico.net\/fr\/#organization\",\"name\":\"Makico\",\"url\":\"https:\/\/www.makico.net\/fr\/\",\"logo\":{\"@type\":\"ImageObject\",\"inLanguage\":\"fr-FR\",\"@id\":\"https:\/\/www.makico.net\/fr\/#\/schema\/logo\/image\/\",\"url\":\"https:\/\/www.makico.net\/wp-content\/uploads\/2024\/02\/makico-logo.jpg\",\"contentUrl\":\"https:\/\/www.makico.net\/wp-content\/uploads\/2024\/02\/makico-logo.jpg\",\"width\":696,\"height\":696,\"caption\":\"Makico\"},\"image\":{\"@id\":\"https:\/\/www.makico.net\/fr\/#\/schema\/logo\/image\/\"},\"sameAs\":[\"https:\/\/www.facebook.com\/makico1987\/\",\"https:\/\/www.linkedin.com\/company\/makico-metals-ltd\",\"https:\/\/www.youtube.com\/@MakicoMetalsLtdCY\",\"https:\/\/www.instagram.com\/makicometals\/\"]}]}<\/script>\n<!-- \/ Yoast SEO plugin. -->","yoast_head_json":{"title":"Services - Makico.net","robots":{"index":"index","follow":"follow","max-snippet":"max-snippet:-1","max-image-preview":"max-image-preview:large","max-video-preview":"max-video-preview:-1"},"canonical":"https:\/\/www.makico.net\/fr\/services\/","og_locale":"fr_FR","og_type":"article","og_title":"Services - Makico.net","og_description":"D\u00e9tails\/Rendu La mod\u00e9lisation d\u00e9taill\u00e9e est une partie essentielle du processus. Elle sert de guide r\u00e9el pour la fabrication et l&#8217;assemblage de toutes les pi\u00e8ces n\u00e9cessaires. Gr\u00e2ce \u00e0 l&#8217;utilisation des syst\u00e8mes CAD\/CAM et BIM, une pr\u00e9cision maximale est atteinte pour l&#8217;ex\u00e9cution par la machine CNC. Fabrication\/Construction Avec toutes les informations saisies, les proc\u00e9dures automatis\u00e9es de per\u00e7age,...","og_url":"https:\/\/www.makico.net\/fr\/services\/","og_site_name":"Makico.net","article_publisher":"https:\/\/www.facebook.com\/makico1987\/","article_modified_time":"2024-01-29T12:04:33+00:00","og_image":[{"url":"https:\/\/www.makico.net\/wp-content\/uploads\/2023\/08\/detailing-rendering.jpg"}],"twitter_card":"summary_large_image","twitter_misc":{"Dur\u00e9e de lecture estim\u00e9e":"1 minute"},"schema":{"@context":"https:\/\/schema.org","@graph":[{"@type":"WebPage","@id":"https:\/\/www.makico.net\/fr\/services\/","url":"https:\/\/www.makico.net\/fr\/services\/","name":"Services - Makico.net","isPartOf":{"@id":"https:\/\/www.makico.net\/fr\/#website"},"datePublished":"2023-05-11T05:46:00+00:00","dateModified":"2024-01-29T12:04:33+00:00","breadcrumb":{"@id":"https:\/\/www.makico.net\/fr\/services\/#breadcrumb"},"inLanguage":"fr-FR","potentialAction":[{"@type":"ReadAction","target":["https:\/\/www.makico.net\/fr\/services\/"]}]},{"@type":"BreadcrumbList","@id":"https:\/\/www.makico.net\/fr\/services\/#breadcrumb","itemListElement":[{"@type":"ListItem","position":1,"name":"Home","item":"https:\/\/www.makico.net\/fr\/"},{"@type":"ListItem","position":2,"name":"Services"}]},{"@type":"WebSite","@id":"https:\/\/www.makico.net\/fr\/#website","url":"https:\/\/www.makico.net\/fr\/","name":"Makico.net","description":"","publisher":{"@id":"https:\/\/www.makico.net\/fr\/#organization"},"potentialAction":[{"@type":"SearchAction","target":{"@type":"EntryPoint","urlTemplate":"https:\/\/www.makico.net\/fr\/?s={search_term_string}"},"query-input":"required name=search_term_string"}],"inLanguage":"fr-FR"},{"@type":"Organization","@id":"https:\/\/www.makico.net\/fr\/#organization","name":"Makico","url":"https:\/\/www.makico.net\/fr\/","logo":{"@type":"ImageObject","inLanguage":"fr-FR","@id":"https:\/\/www.makico.net\/fr\/#\/schema\/logo\/image\/","url":"https:\/\/www.makico.net\/wp-content\/uploads\/2024\/02\/makico-logo.jpg","contentUrl":"https:\/\/www.makico.net\/wp-content\/uploads\/2024\/02\/makico-logo.jpg","width":696,"height":696,"caption":"Makico"},"image":{"@id":"https:\/\/www.makico.net\/fr\/#\/schema\/logo\/image\/"},"sameAs":["https:\/\/www.facebook.com\/makico1987\/","https:\/\/www.linkedin.com\/company\/makico-metals-ltd","https:\/\/www.youtube.com\/@MakicoMetalsLtdCY","https:\/\/www.instagram.com\/makicometals\/"]}]}},"_links":{"self":[{"href":"https:\/\/www.makico.net\/fr\/wp-json\/wp\/v2\/pages\/6115","targetHints":{"allow":["GET"]}}],"collection":[{"href":"https:\/\/www.makico.net\/fr\/wp-json\/wp\/v2\/pages"}],"about":[{"href":"https:\/\/www.makico.net\/fr\/wp-json\/wp\/v2\/types\/page"}],"author":[{"embeddable":true,"href":"https:\/\/www.makico.net\/fr\/wp-json\/wp\/v2\/users\/1"}],"replies":[{"embeddable":true,"href":"https:\/\/www.makico.net\/fr\/wp-json\/wp\/v2\/comments?post=6115"}],"version-history":[{"count":11,"href":"https:\/\/www.makico.net\/fr\/wp-json\/wp\/v2\/pages\/6115\/revisions"}],"predecessor-version":[{"id":6255,"href":"https:\/\/www.makico.net\/fr\/wp-json\/wp\/v2\/pages\/6115\/revisions\/6255"}],"wp:attachment":[{"href":"https:\/\/www.makico.net\/fr\/wp-json\/wp\/v2\/media?parent=6115"}],"curies":[{"name":"wp","href":"https:\/\/api.w.org\/{rel}","templated":true}]}}