{"id":6134,"date":"2023-08-09T18:05:37","date_gmt":"2023-08-09T15:05:37","guid":{"rendered":"https:\/\/www.makico.net\/sectors\/"},"modified":"2024-02-12T10:43:48","modified_gmt":"2024-02-12T07:43:48","slug":"secteurs","status":"publish","type":"page","link":"https:\/\/www.makico.net\/fr\/secteurs\/","title":{"rendered":"Secteurs"},"content":{"rendered":"\t\t<div data-elementor-type=\"wp-page\" data-elementor-id=\"6134\" class=\"elementor elementor-6134 elementor-2766\">\n\t\t\t\t\t\t<section class=\"elementor-section elementor-top-section elementor-element elementor-element-bb5ee32 elementor-section-boxed elementor-section-height-default elementor-section-height-default\" data-id=\"bb5ee32\" data-element_type=\"section\">\n\t\t\t\t\t\t<div class=\"elementor-container elementor-column-gap-no\">\n\t\t\t\t\t<div class=\"elementor-column elementor-col-100 elementor-top-column elementor-element elementor-element-c59ed53\" data-id=\"c59ed53\" data-element_type=\"column\">\n\t\t\t<div class=\"elementor-widget-wrap elementor-element-populated\">\n\t\t\t\t\t\t<section class=\"elementor-section elementor-inner-section elementor-element elementor-element-e4a7c80 elementor-section-full_width elementor-section-height-default elementor-section-height-default\" data-id=\"e4a7c80\" data-element_type=\"section\">\n\t\t\t\t\t\t<div class=\"elementor-container elementor-column-gap-no\">\n\t\t\t\t\t<div class=\"elementor-column elementor-col-50 elementor-inner-column elementor-element elementor-element-be6dd5b\" data-id=\"be6dd5b\" data-element_type=\"column\">\n\t\t\t<div class=\"elementor-widget-wrap elementor-element-populated\">\n\t\t\t\t\t\t<div class=\"elementor-element elementor-element-03245a7 elementor-widget elementor-widget-image\" data-id=\"03245a7\" data-element_type=\"widget\" data-widget_type=\"image.default\">\n\t\t\t\t<div class=\"elementor-widget-container\">\n\t\t\t<style>\/*! elementor - v3.19.0 - 07-02-2024 *\/\n.elementor-widget-image{text-align:center}.elementor-widget-image a{display:inline-block}.elementor-widget-image a img[src$=\".svg\"]{width:48px}.elementor-widget-image img{vertical-align:middle;display:inline-block}<\/style>\t\t\t\t\t\t\t\t\t\t<img fetchpriority=\"high\" decoding=\"async\" width=\"550\" height=\"380\" src=\"https:\/\/www.makico.net\/wp-content\/uploads\/2023\/10\/sectors.jpg\" class=\"attachment-large size-large wp-image-4308\" alt=\"\" srcset=\"https:\/\/www.makico.net\/wp-content\/uploads\/2023\/10\/sectors.jpg 550w, https:\/\/www.makico.net\/wp-content\/uploads\/2023\/10\/sectors-300x207.jpg 300w\" sizes=\"(max-width: 550px) 100vw, 550px\" \/>\t\t\t\t\t\t\t\t\t\t\t\t\t<\/div>\n\t\t\t\t<\/div>\n\t\t\t\t\t<\/div>\n\t\t<\/div>\n\t\t\t\t<div class=\"elementor-column elementor-col-50 elementor-inner-column elementor-element elementor-element-75117b7\" data-id=\"75117b7\" data-element_type=\"column\">\n\t\t\t<div class=\"elementor-widget-wrap elementor-element-populated\">\n\t\t\t\t\t\t<div class=\"elementor-element elementor-element-68a1c6a elementor-widget elementor-widget-text-editor\" data-id=\"68a1c6a\" data-element_type=\"widget\" data-widget_type=\"text-editor.default\">\n\t\t\t\t<div class=\"elementor-widget-container\">\n\t\t\t<style>\/*! elementor - v3.19.0 - 07-02-2024 *\/\n.elementor-widget-text-editor.elementor-drop-cap-view-stacked .elementor-drop-cap{background-color:#69727d;color:#fff}.elementor-widget-text-editor.elementor-drop-cap-view-framed .elementor-drop-cap{color:#69727d;border:3px solid;background-color:transparent}.elementor-widget-text-editor:not(.elementor-drop-cap-view-default) .elementor-drop-cap{margin-top:8px}.elementor-widget-text-editor:not(.elementor-drop-cap-view-default) .elementor-drop-cap-letter{width:1em;height:1em}.elementor-widget-text-editor .elementor-drop-cap{float:left;text-align:center;line-height:1;font-size:50px}.elementor-widget-text-editor .elementor-drop-cap-letter{display:inline-block}<\/style>\t\t\t\t<h2>Portefeuille de projets dans divers secteurs<\/h2><p>Makico op\u00e8re dans diverses industries, travaillant avec des clients sur des projets de diff\u00e9rentes envergures et complexit\u00e9s dans tous les districts de Chypre. Nous avons r\u00e9ussi \u00e0 livrer <strong>plus de 1000<\/strong> projets dans les segments suivants, mais sans s&#8217;y limiter : P\u00e9trole &amp; Gaz, Industriel, Pharmaceutique, Sports\/Divertissement, \u00c9ducation, Religion, Commercial, Public, Agricole, Aviation, Sant\u00e9 &amp; R\u00e9sidentiel.<\/p>\t\t\t\t\t\t<\/div>\n\t\t\t\t<\/div>\n\t\t\t\t\t<\/div>\n\t\t<\/div>\n\t\t\t\t\t<\/div>\n\t\t<\/section>\n\t\t\t\t<div class=\"elementor-element elementor-element-d0163ea elementor-widget elementor-widget-rufferctawidget\" data-id=\"d0163ea\" data-element_type=\"widget\" data-widget_type=\"rufferctawidget.default\">\n\t\t\t\t<div class=\"elementor-widget-container\">\n\t\t\t<div class=\"footer-top\"><div class=\"row align-items-center justify-content-between\"><div class=\"col-xl-auto col-lg-7\"><div class=\"title-area mb-lg-0 text-lg-start text-center\"><\/div><\/div><div class=\"col-xl-auto col-lg-4 text-center\"><a href=\"\/projects\/\" class=\"th-btn style2\">Voir nos projets<i class=\"fa-regular fa-arrow-right ms-2\"><\/i><\/a><\/div><\/div><\/div><!-----------------------End Contact Form----------------------->\t\t<\/div>\n\t\t\t\t<\/div>\n\t\t\t\t<div class=\"elementor-element elementor-element-f4fee8e elementor-widget elementor-widget-spacer\" data-id=\"f4fee8e\" data-element_type=\"widget\" data-widget_type=\"spacer.default\">\n\t\t\t\t<div class=\"elementor-widget-container\">\n\t\t\t<style>\/*! elementor - v3.19.0 - 07-02-2024 *\/\n.elementor-column .elementor-spacer-inner{height:var(--spacer-size)}.e-con{--container-widget-width:100%}.e-con-inner>.elementor-widget-spacer,.e-con>.elementor-widget-spacer{width:var(--container-widget-width,var(--spacer-size));--align-self:var(--container-widget-align-self,initial);--flex-shrink:0}.e-con-inner>.elementor-widget-spacer>.elementor-widget-container,.e-con>.elementor-widget-spacer>.elementor-widget-container{height:100%;width:100%}.e-con-inner>.elementor-widget-spacer>.elementor-widget-container>.elementor-spacer,.e-con>.elementor-widget-spacer>.elementor-widget-container>.elementor-spacer{height:100%}.e-con-inner>.elementor-widget-spacer>.elementor-widget-container>.elementor-spacer>.elementor-spacer-inner,.e-con>.elementor-widget-spacer>.elementor-widget-container>.elementor-spacer>.elementor-spacer-inner{height:var(--container-widget-height,var(--spacer-size))}.e-con-inner>.elementor-widget-spacer.elementor-widget-empty,.e-con>.elementor-widget-spacer.elementor-widget-empty{position:relative;min-height:22px;min-width:22px}.e-con-inner>.elementor-widget-spacer.elementor-widget-empty .elementor-widget-empty-icon,.e-con>.elementor-widget-spacer.elementor-widget-empty .elementor-widget-empty-icon{position:absolute;top:0;bottom:0;left:0;right:0;margin:auto;padding:0;width:22px;height:22px}<\/style>\t\t<div class=\"elementor-spacer\">\n\t\t\t<div class=\"elementor-spacer-inner\"><\/div>\n\t\t<\/div>\n\t\t\t\t<\/div>\n\t\t\t\t<\/div>\n\t\t\t\t\t<\/div>\n\t\t<\/div>\n\t\t\t\t\t<\/div>\n\t\t<\/section>\n\t\t\t\t<section class=\"elementor-section elementor-top-section elementor-element elementor-element-66b1095 elementor-section-full_width elementor-section-height-default elementor-section-height-default\" data-id=\"66b1095\" data-element_type=\"section\" data-settings=\"{&quot;background_background&quot;:&quot;classic&quot;}\">\n\t\t\t\t\t\t<div class=\"elementor-container elementor-column-gap-no\">\n\t\t\t\t\t<div class=\"elementor-column elementor-col-100 elementor-top-column elementor-element elementor-element-41e5fa6\" data-id=\"41e5fa6\" data-element_type=\"column\">\n\t\t\t<div class=\"elementor-widget-wrap elementor-element-populated\">\n\t\t\t\t\t\t<section class=\"elementor-section elementor-inner-section elementor-element elementor-element-460a1e8 elementor-section-boxed elementor-section-height-default elementor-section-height-default\" data-id=\"460a1e8\" data-element_type=\"section\">\n\t\t\t\t\t\t<div class=\"elementor-container elementor-column-gap-no\">\n\t\t\t\t\t<div class=\"elementor-column elementor-col-100 elementor-inner-column elementor-element elementor-element-db9dcf2\" data-id=\"db9dcf2\" data-element_type=\"column\">\n\t\t\t<div class=\"elementor-widget-wrap elementor-element-populated\">\n\t\t\t\t\t\t<div class=\"elementor-element elementor-element-588f31c cta-area-2 elementor-widget elementor-widget-text-editor\" data-id=\"588f31c\" data-element_type=\"widget\" data-widget_type=\"text-editor.default\">\n\t\t\t\t<div class=\"elementor-widget-container\">\n\t\t\t\t\t\t\t<div class=\"title-area mb-40\"><h2 class=\"sec-title text-white\">Contactez-nous d\u00e8s aujourd&#8217;hui pour des solutions de pointe et une expertise in\u00e9gal\u00e9e\u00a0!<\/h2><\/div>\t\t\t\t\t\t<\/div>\n\t\t\t\t<\/div>\n\t\t\t\t<div class=\"elementor-element elementor-element-9917b21 elementor-widget__width-auto elementor-widget-mobile__width-inherit elementor-widget elementor-widget-rufferbutton\" data-id=\"9917b21\" data-element_type=\"widget\" data-widget_type=\"rufferbutton.default\">\n\t\t\t\t<div class=\"elementor-widget-container\">\n\t\t\t<!-- Button --><div class=\"btn-wrapper left\"><a class=\"th-btn style2\" href=\"\/fr\/contactez-nous\/\">Contact us<i class=\"fa-regular fa-arrow-right ms-2\"><\/i><\/a><\/div><!-- End Button -->\t\t<\/div>\n\t\t\t\t<\/div>\n\t\t\t\t\t<\/div>\n\t\t<\/div>\n\t\t\t\t\t<\/div>\n\t\t<\/section>\n\t\t\t\t\t<\/div>\n\t\t<\/div>\n\t\t\t\t\t<\/div>\n\t\t<\/section>\n\t\t\t\t<\/div>\n\t\t","protected":false},"excerpt":{"rendered":"<p>Portefeuille de projets dans divers secteurs Makico op\u00e8re dans diverses industries, travaillant avec des clients sur des projets de diff\u00e9rentes envergures et complexit\u00e9s dans tous les districts de Chypre. Nous avons r\u00e9ussi \u00e0 livrer plus de 1000 projets dans les segments suivants, mais sans s&#8217;y limiter : P\u00e9trole &amp; Gaz, Industriel, Pharmaceutique, Sports\/Divertissement, \u00c9ducation, Religion,&#8230;<\/p>\n","protected":false},"author":1,"featured_media":0,"parent":0,"menu_order":0,"comment_status":"closed","ping_status":"closed","template":"template-builder.php","meta":{"footnotes":""},"class_list":["post-6134","page","type-page","status-publish","hentry"],"yoast_head":"<!-- This site is optimized with the Yoast SEO plugin v22.1 - https:\/\/yoast.com\/wordpress\/plugins\/seo\/ -->\n<title>Secteurs - Makico.net<\/title>\n<meta name=\"robots\" content=\"index, follow, max-snippet:-1, max-image-preview:large, max-video-preview:-1\" \/>\n<link rel=\"canonical\" href=\"https:\/\/www.makico.net\/fr\/secteurs\/\" \/>\n<meta property=\"og:locale\" content=\"fr_FR\" \/>\n<meta property=\"og:type\" content=\"article\" \/>\n<meta property=\"og:title\" content=\"Secteurs - Makico.net\" \/>\n<meta property=\"og:description\" content=\"Portefeuille de projets dans divers secteurs Makico op\u00e8re dans diverses industries, travaillant avec des clients sur des projets de diff\u00e9rentes envergures et complexit\u00e9s dans tous les districts de Chypre. Nous avons r\u00e9ussi \u00e0 livrer plus de 1000 projets dans les segments suivants, mais sans s&#8217;y limiter : P\u00e9trole &amp; Gaz, Industriel, Pharmaceutique, Sports\/Divertissement, \u00c9ducation, Religion,...\" \/>\n<meta property=\"og:url\" content=\"https:\/\/www.makico.net\/fr\/secteurs\/\" \/>\n<meta property=\"og:site_name\" content=\"Makico.net\" \/>\n<meta property=\"article:publisher\" content=\"https:\/\/www.facebook.com\/makico1987\/\" \/>\n<meta property=\"article:modified_time\" content=\"2024-02-12T07:43:48+00:00\" \/>\n<meta property=\"og:image\" content=\"https:\/\/www.makico.net\/wp-content\/uploads\/2023\/10\/sectors.jpg\" \/>\n<meta name=\"twitter:card\" content=\"summary_large_image\" \/>\n<script type=\"application\/ld+json\" class=\"yoast-schema-graph\">{\"@context\":\"https:\/\/schema.org\",\"@graph\":[{\"@type\":\"WebPage\",\"@id\":\"https:\/\/www.makico.net\/fr\/secteurs\/\",\"url\":\"https:\/\/www.makico.net\/fr\/secteurs\/\",\"name\":\"Secteurs - Makico.net\",\"isPartOf\":{\"@id\":\"https:\/\/www.makico.net\/fr\/#website\"},\"datePublished\":\"2023-08-09T15:05:37+00:00\",\"dateModified\":\"2024-02-12T07:43:48+00:00\",\"breadcrumb\":{\"@id\":\"https:\/\/www.makico.net\/fr\/secteurs\/#breadcrumb\"},\"inLanguage\":\"fr-FR\",\"potentialAction\":[{\"@type\":\"ReadAction\",\"target\":[\"https:\/\/www.makico.net\/fr\/secteurs\/\"]}]},{\"@type\":\"BreadcrumbList\",\"@id\":\"https:\/\/www.makico.net\/fr\/secteurs\/#breadcrumb\",\"itemListElement\":[{\"@type\":\"ListItem\",\"position\":1,\"name\":\"Home\",\"item\":\"https:\/\/www.makico.net\/fr\/\"},{\"@type\":\"ListItem\",\"position\":2,\"name\":\"Secteurs\"}]},{\"@type\":\"WebSite\",\"@id\":\"https:\/\/www.makico.net\/fr\/#website\",\"url\":\"https:\/\/www.makico.net\/fr\/\",\"name\":\"Makico.net\",\"description\":\"\",\"publisher\":{\"@id\":\"https:\/\/www.makico.net\/fr\/#organization\"},\"potentialAction\":[{\"@type\":\"SearchAction\",\"target\":{\"@type\":\"EntryPoint\",\"urlTemplate\":\"https:\/\/www.makico.net\/fr\/?s={search_term_string}\"},\"query-input\":\"required name=search_term_string\"}],\"inLanguage\":\"fr-FR\"},{\"@type\":\"Organization\",\"@id\":\"https:\/\/www.makico.net\/fr\/#organization\",\"name\":\"Makico\",\"url\":\"https:\/\/www.makico.net\/fr\/\",\"logo\":{\"@type\":\"ImageObject\",\"inLanguage\":\"fr-FR\",\"@id\":\"https:\/\/www.makico.net\/fr\/#\/schema\/logo\/image\/\",\"url\":\"https:\/\/www.makico.net\/wp-content\/uploads\/2024\/02\/makico-logo.jpg\",\"contentUrl\":\"https:\/\/www.makico.net\/wp-content\/uploads\/2024\/02\/makico-logo.jpg\",\"width\":696,\"height\":696,\"caption\":\"Makico\"},\"image\":{\"@id\":\"https:\/\/www.makico.net\/fr\/#\/schema\/logo\/image\/\"},\"sameAs\":[\"https:\/\/www.facebook.com\/makico1987\/\",\"https:\/\/www.linkedin.com\/company\/makico-metals-ltd\",\"https:\/\/www.youtube.com\/@MakicoMetalsLtdCY\",\"https:\/\/www.instagram.com\/makicometals\/\"]}]}<\/script>\n<!-- \/ Yoast SEO plugin. -->","yoast_head_json":{"title":"Secteurs - Makico.net","robots":{"index":"index","follow":"follow","max-snippet":"max-snippet:-1","max-image-preview":"max-image-preview:large","max-video-preview":"max-video-preview:-1"},"canonical":"https:\/\/www.makico.net\/fr\/secteurs\/","og_locale":"fr_FR","og_type":"article","og_title":"Secteurs - Makico.net","og_description":"Portefeuille de projets dans divers secteurs Makico op\u00e8re dans diverses industries, travaillant avec des clients sur des projets de diff\u00e9rentes envergures et complexit\u00e9s dans tous les districts de Chypre. Nous avons r\u00e9ussi \u00e0 livrer plus de 1000 projets dans les segments suivants, mais sans s&#8217;y limiter : P\u00e9trole &amp; Gaz, Industriel, Pharmaceutique, Sports\/Divertissement, \u00c9ducation, Religion,...","og_url":"https:\/\/www.makico.net\/fr\/secteurs\/","og_site_name":"Makico.net","article_publisher":"https:\/\/www.facebook.com\/makico1987\/","article_modified_time":"2024-02-12T07:43:48+00:00","og_image":[{"url":"https:\/\/www.makico.net\/wp-content\/uploads\/2023\/10\/sectors.jpg"}],"twitter_card":"summary_large_image","schema":{"@context":"https:\/\/schema.org","@graph":[{"@type":"WebPage","@id":"https:\/\/www.makico.net\/fr\/secteurs\/","url":"https:\/\/www.makico.net\/fr\/secteurs\/","name":"Secteurs - Makico.net","isPartOf":{"@id":"https:\/\/www.makico.net\/fr\/#website"},"datePublished":"2023-08-09T15:05:37+00:00","dateModified":"2024-02-12T07:43:48+00:00","breadcrumb":{"@id":"https:\/\/www.makico.net\/fr\/secteurs\/#breadcrumb"},"inLanguage":"fr-FR","potentialAction":[{"@type":"ReadAction","target":["https:\/\/www.makico.net\/fr\/secteurs\/"]}]},{"@type":"BreadcrumbList","@id":"https:\/\/www.makico.net\/fr\/secteurs\/#breadcrumb","itemListElement":[{"@type":"ListItem","position":1,"name":"Home","item":"https:\/\/www.makico.net\/fr\/"},{"@type":"ListItem","position":2,"name":"Secteurs"}]},{"@type":"WebSite","@id":"https:\/\/www.makico.net\/fr\/#website","url":"https:\/\/www.makico.net\/fr\/","name":"Makico.net","description":"","publisher":{"@id":"https:\/\/www.makico.net\/fr\/#organization"},"potentialAction":[{"@type":"SearchAction","target":{"@type":"EntryPoint","urlTemplate":"https:\/\/www.makico.net\/fr\/?s={search_term_string}"},"query-input":"required name=search_term_string"}],"inLanguage":"fr-FR"},{"@type":"Organization","@id":"https:\/\/www.makico.net\/fr\/#organization","name":"Makico","url":"https:\/\/www.makico.net\/fr\/","logo":{"@type":"ImageObject","inLanguage":"fr-FR","@id":"https:\/\/www.makico.net\/fr\/#\/schema\/logo\/image\/","url":"https:\/\/www.makico.net\/wp-content\/uploads\/2024\/02\/makico-logo.jpg","contentUrl":"https:\/\/www.makico.net\/wp-content\/uploads\/2024\/02\/makico-logo.jpg","width":696,"height":696,"caption":"Makico"},"image":{"@id":"https:\/\/www.makico.net\/fr\/#\/schema\/logo\/image\/"},"sameAs":["https:\/\/www.facebook.com\/makico1987\/","https:\/\/www.linkedin.com\/company\/makico-metals-ltd","https:\/\/www.youtube.com\/@MakicoMetalsLtdCY","https:\/\/www.instagram.com\/makicometals\/"]}]}},"_links":{"self":[{"href":"https:\/\/www.makico.net\/fr\/wp-json\/wp\/v2\/pages\/6134","targetHints":{"allow":["GET"]}}],"collection":[{"href":"https:\/\/www.makico.net\/fr\/wp-json\/wp\/v2\/pages"}],"about":[{"href":"https:\/\/www.makico.net\/fr\/wp-json\/wp\/v2\/types\/page"}],"author":[{"embeddable":true,"href":"https:\/\/www.makico.net\/fr\/wp-json\/wp\/v2\/users\/1"}],"replies":[{"embeddable":true,"href":"https:\/\/www.makico.net\/fr\/wp-json\/wp\/v2\/comments?post=6134"}],"version-history":[{"count":14,"href":"https:\/\/www.makico.net\/fr\/wp-json\/wp\/v2\/pages\/6134\/revisions"}],"predecessor-version":[{"id":6646,"href":"https:\/\/www.makico.net\/fr\/wp-json\/wp\/v2\/pages\/6134\/revisions\/6646"}],"wp:attachment":[{"href":"https:\/\/www.makico.net\/fr\/wp-json\/wp\/v2\/media?parent=6134"}],"curies":[{"name":"wp","href":"https:\/\/api.w.org\/{rel}","templated":true}]}}